{"id":558,"date":"2019-10-18T10:36:15","date_gmt":"2019-10-18T10:36:15","guid":{"rendered":"https:\/\/www.100percentplumbing.com\/?page_id=558"},"modified":"2025-10-23T07:45:38","modified_gmt":"2025-10-23T07:45:38","slug":"politique-en-matiere-de-cookies","status":"publish","type":"page","link":"https:\/\/www.100percentplumbing.com\/fr\/politique-en-matiere-de-cookies\/","title":{"rendered":"Politique en mati\u00e8re de cookies"},"content":{"rendered":"<div class=\"wpb-content-wrapper\"><div  class=\"vc_row vc-row-wrapper\" data-parallax_sense=\"30\"><div class=\"wpb_row row\" >\n\t<div class=\"twelve columns vc-column-extra-class-69f6060b800f5\" data-parallax_sense=\"30\">\n\t\t<div class=\"wpb_wrapper\">\n\t\t\t\n\t<div class=\"wpb_text_column wpb_content_element\" >\n\t\t<div class=\"wpb_wrapper\">\n\t\t\t<p><strong>Qu'est-ce qu'un cookie ?<\/strong><\/p>\n<p>Chez 100% Plumbing, nous respectons la loi espagnole \u00ab Ley de Servicios de la Sociedad de la Informaci\u00f3n y Comercio Electr\u00f3nico \u00bb, une r\u00e9glementation qui a repris la directive europ\u00e9enne 2009\/136\/CE et qui est connue sous le nom de \u00ab loi sur les cookies \u00bb.<\/p>\n<p>Un cookie est un petit fichier texte qui est plac\u00e9 sur votre ordinateur lorsque vous visitez une page web qui utilise des cookies. Il est stock\u00e9 sur votre ordinateur, tablette, t\u00e9l\u00e9phone portable ou tout autre appareil que vous utilisez pour naviguer sur Internet, et enregistre des informations relatives \u00e0 la fr\u00e9quence de vos visites, vos pr\u00e9f\u00e9rences de navigation, les informations qui vous int\u00e9ressent le plus, vos noms d'utilisateur, les produits enregistr\u00e9s, etc. En fonction des informations qu'ils contiennent et de la mani\u00e8re dont vous utilisez votre \u00e9quipement, ils peuvent \u00eatre utilis\u00e9s pour reconna\u00eetre l'utilisateur.<\/p>\n<p><strong>Types de cookies<\/strong><\/p>\n<p>Les cookies peuvent \u00eatre class\u00e9s selon les crit\u00e8res suivants :<\/p>\n<p>a) En fonction de la dur\u00e9e pendant laquelle ils restent actifs :<\/p>\n<p>- \u00ab Cookies de session \u00bb ou \u00ab cookies persistants \u00bb : les premiers sont supprim\u00e9s lorsque vous fermez votre navigateur, tandis que les seconds restent sur votre appareil.<\/p>\n<p>b) Selon qui les g\u00e8re :<\/p>\n<p>\u2013 \u00ab Cookies propres \u00bb : ce sont ceux qui sont envoy\u00e9s directement \u00e0 votre \u00e9quipement depuis le domaine ou le site web auquel vous acc\u00e9dez.<\/p>\n<p>\u2013 \u00ab Cookies tiers \u00bb : ce sont ceux qui sont envoy\u00e9s \u00e0 votre \u00e9quipement NON PAS directement depuis le domaine ou le site web auquel vous acc\u00e9dez, mais depuis une autre entit\u00e9 qui traite les informations provenant des cookies.<\/p>\n<p>c) Selon l'utilisation des cookies :<\/p>\n<p>\u2013 \u00abCookies techniques \u00bb : ce sont ceux qui permettent \u00e0 l'utilisateur de naviguer sur le site web, la plateforme ou l'application et d'utiliser les diff\u00e9rentes options ou services qui y sont propos\u00e9s, tels que le contr\u00f4le du trafic et la communication de donn\u00e9es, l'identification des sessions, l'acc\u00e8s \u00e0 des zones restreintes du site web, la m\u00e9morisation des \u00e9l\u00e9ments qui composent une commande, le traitement des commandes, le traitement des inscriptions ou des r\u00e9servations pour des \u00e9v\u00e9nements, l'utilisation d'\u00e9l\u00e9ments de s\u00e9curit\u00e9 sur le site web, le stockage de contenus pour le partage ult\u00e9rieur de vid\u00e9os ou de sons, ou le partage sur les r\u00e9seaux sociaux.<\/p>\n<p>\u2013 \u00ab Cookies de personnalisation \u00bb : ce sont ceux qui permettent \u00e0 l'utilisateur d'acc\u00e9der \u00e0 des services en fonction de caract\u00e9ristiques pr\u00e9d\u00e9finies g\u00e9n\u00e9ralis\u00e9es en fonction d'une s\u00e9rie de crit\u00e8res dans l'\u00e9quipement de l'utilisateur, tels que la langue, le type de navigateur utilis\u00e9 pour acc\u00e9der \u00e0 une configuration r\u00e9gionale afin de pouvoir acc\u00e9der aux services.<\/p>\n<p>\u2013 \u00ab Cookies analytiques \u00bb : ce sont ceux qui permettent \u00e0 l'entit\u00e9 responsable de leur traitement de suivre et d'analyser le comportement des utilisateurs du site web auquel les cookies sont associ\u00e9s. Les informations collect\u00e9es \u00e0 l'aide de ce type de cookies sont utilis\u00e9es pour mesurer l'activit\u00e9 du site web, de l'application ou de la plateforme et pour \u00e9tablir le profil des visiteurs de ces sites, applications ou plateformes, dans le but d'am\u00e9liorer l'analyse des utilisateurs qui utilisent les services.<\/p>\n<p>\u2013 \u00ab Cookies publicitaires \u00bb : ce sont ceux qui permettent la gestion la plus efficace possible de l'espace publicitaire sur le site web, l'application ou la plateforme, si le propri\u00e9taire de celui-ci les a inclus, en fonction des crit\u00e8res de contenu ou de la fr\u00e9quence d'affichage des publicit\u00e9s.<\/p>\n<p>\u2013 \u00ab Cookies publicitaires comportementaux \u00bb : ce sont ceux qui permettent \u00e0 l'entit\u00e9 responsable de les suivre et d'analyser le comportement des utilisateurs sur le site web auquel ils sont associ\u00e9s. Ces cookies stockent des informations bas\u00e9es sur le comportement des utilisateurs, obtenues gr\u00e2ce \u00e0 l'observation continue de leurs habitudes de navigation, et permettent de cr\u00e9er un profil sp\u00e9cifique afin de leur pr\u00e9senter des publicit\u00e9s personnalis\u00e9es.<\/p>\n<p><strong>Quels cookies utilisons-nous chez 100% Plumbing ?<\/strong><\/p>\n<p><strong>Cookies provenant de w3resource.com :<\/strong><\/p>\n<p>Ces cookies sont persistants et proviennent de tiers.<\/p>\n<div class=\"table-responsive\">\n<table class=\"table\" border=\"1\" cellspacing=\"0\" cellpadding=\"0\">\n<thead>\n<tr>\n<td width=\"48\">\n<p align=\"center\"><strong>Cookie<\/strong><\/p>\n<\/td>\n<td width=\"291\">\n<p align=\"center\"><strong>Objectif du cookie<\/strong><\/p>\n<\/td>\n<td valign=\"top\" width=\"85\">\n<p align=\"center\"><strong>Dur\u00e9e<\/strong><\/p>\n<\/td>\n<\/tr>\n<\/thead>\n<tbody>\n<tr>\n<td width=\"48\">_cfduid<\/td>\n<td>Utilis\u00e9 par le r\u00e9seau de contenu Cloudflare pour identifier le trafic Web fiable.<\/td>\n<td width=\"85\">Un an \u00e0 compter de la date d'installation.<\/td>\n<\/tr>\n<\/tbody>\n<\/table>\n<\/div>\n<p><strong>Cookies de Google Analytics :<\/strong><\/p>\n<p>Ces cookies sont persistants et proviennent de tiers.<\/p>\n<div class=\"table-responsive\">\n<table class=\"table\" border=\"1\" cellspacing=\"0\" cellpadding=\"0\">\n<thead>\n<tr>\n<td width=\"48\">\n<p align=\"center\"><strong>Cookie<\/strong><\/p>\n<\/td>\n<td width=\"291\">\n<p align=\"center\"><strong>Objectif du cookie<\/strong><\/p>\n<\/td>\n<td valign=\"top\" width=\"85\">\n<p align=\"center\"><strong>Dur\u00e9e<\/strong><\/p>\n<\/td>\n<\/tr>\n<\/thead>\n<tbody>\n<tr>\n<td width=\"48\">_utma<\/td>\n<td>Ce cookie est g\u00e9n\u00e9ralement enregistr\u00e9 dans le navigateur lors de la premi\u00e8re visite sur le site \u00e0 partir de ce navigateur Web. Si le cookie a \u00e9t\u00e9 supprim\u00e9 par l'op\u00e9rateur du navigateur et que le navigateur visite ensuite votre site, un nouveau cookie _utma est enregistr\u00e9 avec un identifiant unique diff\u00e9rent. Ce cookie est utilis\u00e9 pour d\u00e9terminer les visiteurs uniques de notre site et il est mis \u00e0 jour \u00e0 chaque consultation de page. De plus, ce cookie est dot\u00e9 d'un identifiant unique que Google Analytics utilise pour garantir \u00e0 la fois la validit\u00e9 et l'accessibilit\u00e9 du cookie, ce qui constitue une mesure de s\u00e9curit\u00e9 suppl\u00e9mentaire.<\/td>\n<td width=\"85\">Deux ans \u00e0 compter de la date d'installation.<\/td>\n<\/tr>\n<tr>\n<td rowspan=\"2\" valign=\"top\" width=\"48\">\n<p>_utmb<\/p>\n<p>_utmc<\/td>\n<td rowspan=\"2\" valign=\"top\">Ces cookies fonctionnent ensemble pour stocker des informations sur l'activit\u00e9 de votre visite et, en principe, le temps que vous passez sur notre site.<\/td>\n<td valign=\"top\" width=\"85\">30 minutes<\/td>\n<\/tr>\n<tr>\n<td valign=\"top\" width=\"85\">Session<\/td>\n<\/tr>\n<tr>\n<td valign=\"top\" width=\"48\">_utmz<\/td>\n<td valign=\"top\" width=\"291\">Ce cookie enregistre le type de r\u00e9f\u00e9rence utilis\u00e9 par le visiteur pour acc\u00e9der au site, que ce soit par une m\u00e9thode directe, un lien de r\u00e9f\u00e9rence, une recherche sur le site Web ou une campagne telle qu'une publicit\u00e9 ou un lien dans un e-mail. Il est utilis\u00e9 pour calculer le trafic des moteurs de recherche, les campagnes publicitaires et la navigation sur les pages de notre propre site. Le cookie est mis \u00e0 jour \u00e0 chaque consultation d'une page de notre site.<\/td>\n<td valign=\"top\" width=\"85\">Six mois \u00e0 compter de la date d'installation.<\/td>\n<\/tr>\n<tr>\n<td valign=\"top\" width=\"48\">_ga, _gat, _gid<\/td>\n<td valign=\"top\" width=\"291\">Ce cookie est utilis\u00e9 pour distinguer les utilisateurs de mani\u00e8re anonyme.<\/td>\n<td valign=\"top\" width=\"85\">2 ans<\/td>\n<\/tr>\n<\/tbody>\n<\/table>\n<\/div>\n<p>Ces cookies ne vous identifient pas personnellement et ne nous fournissent que des informations statistiques sur la navigation au sein de notre site web ; vous pouvez n\u00e9anmoins les d\u00e9sactiver directement en modifiant les param\u00e8tres de votre navigateur.<\/p>\n<p>Google a d\u00e9velopp\u00e9 un outil qui vous permet de d\u00e9sactiver ses cookies sur les navigateurs courants : Microsoft Internet Explorer, Google Chrome, Mozilla Firefox, Apple Safari et Opera. Pour d\u00e9sactiver les cookies Google Analytics, rendez-vous sur :<br \/>\n<a href=\"https:\/\/tools.google.com\/dlpage\/gaoptout?hl=es\">https:\/\/tools.google.com\/dlpage\/gaoptout?hl=en<\/a><\/p>\n<p><strong>Cookies provenant de Youtube<\/strong><\/p>\n<div class=\"table-responsive\">\n<table class=\"table\" border=\"1\" cellspacing=\"0\" cellpadding=\"0\">\n<tbody>\n<tr>\n<td width=\"55\">\n<p align=\"center\"><strong>Cookie<\/strong><\/p>\n<\/td>\n<td width=\"284\">\n<p align=\"center\"><strong>Objectif du cookie<\/strong><\/p>\n<\/td>\n<td valign=\"top\" width=\"85\">\n<p align=\"center\"><strong>Dur\u00e9e<\/strong><\/p>\n<\/td>\n<\/tr>\n<tr>\n<td width=\"55\">VISITEUR_INFO1_EN DIRECT<\/td>\n<td width=\"284\">Ce cookie est d\u00e9fini par le service vid\u00e9o YouTube sur les pages contenant une vid\u00e9o YouTube int\u00e9gr\u00e9e.<\/td>\n<td width=\"85\">Expiration : 9 mois.<\/td>\n<\/tr>\n<tr>\n<td width=\"55\">PREF<\/td>\n<td width=\"284\">Ce cookie est d\u00e9fini par le service vid\u00e9o YouTube sur les pages contenant une vid\u00e9o YouTube int\u00e9gr\u00e9e.<\/td>\n<td width=\"85\">Expiration : 9 mois.<\/td>\n<\/tr>\n<tr>\n<td width=\"55\">YSC<\/td>\n<td width=\"284\">Ce cookie est d\u00e9fini par le service vid\u00e9o YouTube sur les pages contenant une vid\u00e9o YouTube int\u00e9gr\u00e9e.<\/td>\n<td width=\"85\">Expiration : 9 mois<\/td>\n<\/tr>\n<tr>\n<td width=\"55\">yt-remote-cast-install\u00e9<\/td>\n<td width=\"284\">Ce cookie est d\u00e9fini par le service vid\u00e9o YouTube sur les pages contenant une vid\u00e9o YouTube int\u00e9gr\u00e9e.<\/td>\n<td width=\"85\">Session<\/td>\n<\/tr>\n<tr>\n<td width=\"55\">yt-remote-cast-installed, yt-remote-fast-check-period, yt-remote-session-app, yt-remote-session-name, yt-remote-device-id<\/td>\n<td width=\"284\">Ce cookie est d\u00e9fini par le service vid\u00e9o YouTube sur les pages contenant une vid\u00e9o YouTube int\u00e9gr\u00e9e.<\/td>\n<td width=\"85\">Session<\/td>\n<\/tr>\n<\/tbody>\n<\/table>\n<\/div>\n<p><strong>Cookies tiers stock\u00e9s par Google :<\/strong><\/p>\n<div class=\"table-responsive\">\n<table class=\"table\" border=\"1\" cellspacing=\"0\" cellpadding=\"0\">\n<tbody>\n<tr>\n<td width=\"76\">\n<p align=\"center\"><strong>Cookie<\/strong><\/p>\n<\/td>\n<td width=\"262\">\n<p align=\"center\"><strong>Objectif du cookie<\/strong><\/p>\n<\/td>\n<td valign=\"top\" width=\"85\">\n<p align=\"center\"><strong>Dur\u00e9e<\/strong><\/p>\n<\/td>\n<\/tr>\n<tr>\n<td width=\"76\">khcookie, NID, PREF, test_cookie, r\/collect, rc::c<\/td>\n<td width=\"262\">Les cookies sont enregistr\u00e9s dans le navigateur lorsque les applications suivantes sont charg\u00e9es : Google Maps, Street View et vid\u00e9os YouTube.<\/td>\n<td width=\"85\">Expiration : varie entre la fin de la session et deux ans.<\/td>\n<\/tr>\n<\/tbody>\n<\/table>\n<\/div>\n<p>Cliquez sur le lien suivant pour en savoir plus ou pour refuser ou supprimer les cookies de Google :<br \/>\n<a href=\"http:\/\/www.google.com\/intl\/en\/policies\/privacy\/\">http:\/\/www.google.com\/intl\/en\/privacypolicy.html<\/a><\/p>\n<p>Cliquez sur le lien suivant pour en savoir plus sur la politique de confidentialit\u00e9 de Google :<br \/>\n<a href=\"http:\/\/www.google.co.uk\/intl\/en\/policies\/privacy\/\">http:\/\/www.google.co.uk\/intl\/en\/policies\/privacy\/<\/a><\/p>\n<p><strong><br \/>\nCookies propres :<\/strong><\/p>\n<div class=\"table-responsive\">\n<table class=\"table\" border=\"1\" cellspacing=\"0\" cellpadding=\"0\">\n<tbody>\n<tr>\n<td width=\"133\">\n<p align=\"center\"><strong>Cookie<\/strong><\/p>\n<\/td>\n<td width=\"206\">\n<p align=\"center\"><strong>Objectif du cookie<\/strong><\/p>\n<\/td>\n<td valign=\"top\" width=\"85\">\n<p align=\"center\"><strong>Dur\u00e9e<\/strong><\/p>\n<\/td>\n<\/tr>\n<tr>\n<td width=\"133\">\n<div class=\"page\" title=\"Page 2\">\n<div class=\"section\">\n<div class=\"layoutArea\">\n<div class=\"column\">\n<p>UUID#[abcdef0123456789]{32} <span style=\"font-family: inherit; font-size: inherit;\">ou similaire de 32 caract\u00e8res<\/span><\/p>\n<\/div>\n<\/div>\n<\/div>\n<\/div>\n<\/td>\n<td width=\"206\">Cookie de session, associ\u00e9 \u00e0 la visite (si le visiteur est inscrit sur le site). Il analyse les pages que vous avez consult\u00e9es. Il y en a deux par session.<\/td>\n<td width=\"85\">Expire avec la session<\/td>\n<\/tr>\n<\/tbody>\n<\/table>\n<\/div>\n<p><strong><br \/>\nComment d\u00e9sactiver les cookies et r\u00e9voquer les autorisations accord\u00e9es.<\/strong><\/p>\n<p>Vous pouvez configurer votre navigateur pour accepter ou refuser l'installation de tous les cookies ou de certains types de cookies, ou pour recevoir une notification lorsqu'un cookie est sur le point d'\u00eatre stock\u00e9.<\/p>\n<p>Chaque navigateur dispose d'une s\u00e9rie d'instructions sp\u00e9cifiques. Vous trouverez ci-dessous une s\u00e9rie de liens contenant des informations sur les cookies pour les navigateurs les plus couramment utilis\u00e9s :<\/p>\n<p><a href=\"https:\/\/support.google.com\/chrome\/answer\/95647?hl=es&amp;hlrm=en\">Google Chrome<\/a><\/p>\n<p><a href=\"https:\/\/support.mozilla.org\/es\/kb\/cookies-informacion-que-los-sitios-web-guardan-en-?s=cookies&amp;r=1&amp;as=s\">Mozilla Firefox<\/a><\/p>\n<p><a href=\"https:\/\/support.microsoft.com\/kb\/196955\">Internet Explorer<\/a><\/p>\n<p><a href=\"https:\/\/support.apple.com\/kb\/PH5049\">Safari<\/a><\/p>\n\n\t\t<\/div> \n\t<\/div> \n\t\t<\/div> \n\t<\/div> <\/div><div class=\"dfd-row-bg-overlay\" style=\"opacity: 0.8;\"><\/div><\/div>\n<\/div>","protected":false},"excerpt":{"rendered":"What is a cookie? In 100% Plumbing we comply with the Spanish law \"Ley de Servicios de la Sociedad de la Informaci\u00f3n y Comercio Electr\u00f3nico\", a ruling that has taken","protected":false},"author":3,"featured_media":0,"parent":0,"menu_order":0,"comment_status":"closed","ping_status":"closed","template":"","meta":{"_seopress_robots_primary_cat":"","_seopress_titles_title":"Cookie Policy | 100% PlumbingCookie Policy | 100% Plumbing","_seopress_titles_desc":"This policy explains the cookies we use, their purpose and duration, and how to change your preferences on 100percentplumbing.com.","_seopress_robots_index":"","footnotes":""},"class_list":["post-558","page","type-page","status-publish","hentry"],"_links":{"self":[{"href":"https:\/\/www.100percentplumbing.com\/fr\/wp-json\/wp\/v2\/pages\/558","targetHints":{"allow":["GET"]}}],"collection":[{"href":"https:\/\/www.100percentplumbing.com\/fr\/wp-json\/wp\/v2\/pages"}],"about":[{"href":"https:\/\/www.100percentplumbing.com\/fr\/wp-json\/wp\/v2\/types\/page"}],"author":[{"embeddable":true,"href":"https:\/\/www.100percentplumbing.com\/fr\/wp-json\/wp\/v2\/users\/3"}],"replies":[{"embeddable":true,"href":"https:\/\/www.100percentplumbing.com\/fr\/wp-json\/wp\/v2\/comments?post=558"}],"version-history":[{"count":0,"href":"https:\/\/www.100percentplumbing.com\/fr\/wp-json\/wp\/v2\/pages\/558\/revisions"}],"wp:attachment":[{"href":"https:\/\/www.100percentplumbing.com\/fr\/wp-json\/wp\/v2\/media?parent=558"}],"curies":[{"name":"wp","href":"https:\/\/api.w.org\/{rel}","templated":true}]}}