{"id":556,"date":"2019-10-18T10:38:24","date_gmt":"2019-10-18T10:38:24","guid":{"rendered":"https:\/\/www.100percentplumbing.com\/?page_id=556"},"modified":"2025-08-22T06:28:54","modified_gmt":"2025-08-22T06:28:54","slug":"mention-legale","status":"publish","type":"page","link":"https:\/\/www.100percentplumbing.com\/fr\/mention-legale\/","title":{"rendered":"Mentions l\u00e9gales"},"content":{"rendered":"<div class=\"wpb-content-wrapper\"><div  class=\"vc_row vc-row-wrapper\" data-parallax_sense=\"30\"><div class=\"wpb_row row\" >\n\t<div class=\"twelve columns vc-column-extra-class-69f090e689660\" data-parallax_sense=\"30\">\n\t\t<div class=\"wpb_wrapper\">\n\t\t\t\n\t<div class=\"wpb_text_column wpb_content_element\" >\n\t\t<div class=\"wpb_wrapper\">\n\t\t\t<p>Conform\u00e9ment \u00e0 l'obligation d'information pr\u00e9vue \u00e0 l'article 10 de la loi 34\/2002 du 11 juillet relative aux services de la soci\u00e9t\u00e9 de l'information et au commerce \u00e9lectronique, One Hundred Percent Plumbing, S.L., en tant que propri\u00e9taire du site web WWW.100percentplumbing.com, d\u00e9clare ce qui suit :<\/p>\n<p><strong>1. Donn\u00e9es d'identification<\/strong><br \/>\n\u2013 Raison sociale : One Hundred Percent Plumbing S.L.<br \/>\n\u2013 Adresse enregistr\u00e9e : Urb. La Empedrola 2-O, 03710 Calpe<br \/>\n\u2013 CIF [Num\u00e9ro d'identification fiscale] : B53573234<br \/>\n\u2013 Adresse e-mail : info@100percentconstruction.com<br \/>\n\u2013 Num\u00e9ro de t\u00e9l\u00e9phone : (+34) 965 835 939<br \/>\n\u2013 D\u00e9tails de l'inscription au registre du commerce d'Alicante : Tome 2440, Livre 0, Folio 69, Section 8, Feuille : a 64896 Inscription 3.<\/p>\n<p>Ces informations comprennent et r\u00e9gissent les conditions d'utilisation, les limitations de responsabilit\u00e9 et les obligations que les utilisateurs du site web publi\u00e9 sous le nom de domaine WWW.100percentplumbing.com acceptent et s'engagent \u00e0 respecter.<\/p>\n<p><strong>2. D\u00e9finitions<\/strong><br \/>\n<strong>\u00ab Page \u00bb<\/strong>, domaine WWW.100percentplumbing.com mis \u00e0 la disposition des internautes.<br \/>\n<strong>\u00ab Utilisateur \u00bb<\/strong>, personne physique ou morale qui utilise ou consulte la Page.<br \/>\n<strong>\u00ab Contenu \u00bb<\/strong>, pages qui constituent l'ensemble du domaine WWW.100percentplumbing.com, qui comprennent les informations et les services que One Hundred Percent Plumbing, S.L. fournit aux utilisateurs d'Internet. Elles contiennent les messages, textes, photographies, graphiques, ic\u00f4nes, logotypes, technologie, liens, textures, illustrations, fichiers sonores et\/ou images, enregistrements, logiciels, apparence, conception graphique, codes sources et, de mani\u00e8re g\u00e9n\u00e9rale, tout type de mat\u00e9riel contenu dans la page.<br \/>\n<strong>\u00ab Web \u00bb<\/strong>, terme technique qui d\u00e9crit le syst\u00e8me d'acc\u00e8s \u00e0 l'information via Internet, configur\u00e9 \u00e0 l'aide de pages cr\u00e9\u00e9es avec le langage HTML ou similaire, et de m\u00e9canismes de programmation tels que Java, JavaScript, PHP ou autres, etc. Ces pages con\u00e7ues et publi\u00e9es sous un nom de domaine Internet sont le r\u00e9sultat des informations que le propri\u00e9taire fournit aux utilisateurs d'Internet.<br \/>\n<strong>\u00ab Hyperlien \u00bb<\/strong>, technique qui permet \u00e0 l'utilisateur de naviguer entre diff\u00e9rentes pages Web, ou sur Internet, en cliquant sur le texte, l'ic\u00f4ne, le bouton ou l'indication contenant le lien.<br \/>\n<strong>\u00ab Cookies \u00bb<\/strong>, moyens techniques permettant de \u00ab tracer \u00bb et de suivre la navigation sur les sites web. Il s'agit de petits fichiers texte enregistr\u00e9s sur l'ordinateur de l'utilisateur. Cette m\u00e9thode a des implications en mati\u00e8re de confidentialit\u00e9, c'est pourquoi One Hundred Percent Plumbing, S.L. en informera d\u00fbment les utilisateurs lorsqu'elle sera mise en \u0153uvre sur la Page.<\/p>\n<p><strong>3. Utilisateurs | Conditions d'utilisation<\/strong><br \/>\nL'acc\u00e8s et\/ou l'utilisation du site web WWW.100percentplumbing.com conf\u00e8re le statut d'UTILISATEUR \u00e0 toute personne qui, en acc\u00e9dant et\/ou en utilisant le site, accepte sans r\u00e9serve les pr\u00e9sentes conditions d'utilisation, ainsi que toutes les clauses et conditions g\u00e9n\u00e9rales incluses dans les mentions l\u00e9gales.<br \/>\nSi l'utilisateur n'accepte pas les clauses et conditions d'utilisation de la pr\u00e9sente mention l\u00e9gale, il ne doit pas utiliser la page.<\/p>\n<p><strong>4. Utilisation du site web<\/strong><br \/>\nWWW.100percentplumbing.com donne acc\u00e8s \u00e0 des articles, des informations et des donn\u00e9es (ci-apr\u00e8s d\u00e9nomm\u00e9s \u00ab LE CONTENU \u00bb) appartenant \u00e0 One Hundred Percent Plumbing, S.L. L'UTILISATEUR assume la responsabilit\u00e9 de l'utilisation du site web.<br \/>\nCertaines pages du site Web (WWW.100percentplumbing.com) peuvent permettre la participation par le biais de commentaires. Ainsi, tout utilisateur peut envoyer des textes \u00e0 l'aide du formulaire pr\u00e9vu \u00e0 cet effet. En envoyant ces textes en cliquant sur le lien correspondant, l'UTILISATEUR s'engage et accepte de faire un usage appropri\u00e9 des contenus propos\u00e9s par WWW.100percentplumbing.com sur son site Web et de ne pas les utiliser pour :<\/p>\n<p>(i) mener des activit\u00e9s pouvant \u00eatre consid\u00e9r\u00e9es comme illicites, ill\u00e9gales ou contraires \u00e0 la bonne foi et \u00e0 l'ordre public.<br \/>\n(ii) diffuser des contenus ou de la propagande \u00e0 caract\u00e8re raciste, x\u00e9nophobe, pornographique ou ill\u00e9gal, pr\u00f4nant le terrorisme ou portant atteinte aux droits de l'homme.<br \/>\n(iii) Causer des dommages aux syst\u00e8mes physiques et logiques de WWW.100percentplumbing.com, de ses fournisseurs ou de tiers, en introduisant ou en diffusant des virus informatiques dans le r\u00e9seau ou tout autre syst\u00e8me physique ou logique susceptible de causer les dommages susmentionn\u00e9s.<br \/>\n(iv) tenter d'acc\u00e9der et, par cons\u00e9quent, d'utiliser les adresses \u00e9lectroniques d'autres utilisateurs et de modifier ou manipuler leurs messages.<br \/>\n(v) En r\u00e9sum\u00e9, respecter la l\u00e9gislation applicable et les normes morales et bonnes pratiques g\u00e9n\u00e9ralement accept\u00e9es, l'ordre public et les pr\u00e9sentes conditions g\u00e9n\u00e9rales d'acc\u00e8s et d'utilisation.<\/p>\n<p>\u00c0 cette fin, L'UTILISATEUR s'engage \u00e0 NE PAS utiliser les Contenus \u00e0 des fins ou effets illicites, interdits par les Mentions l\u00e9gales ou par la l\u00e9gislation en vigueur, pr\u00e9judiciables aux droits et int\u00e9r\u00eats de tiers ou qui, de quelque mani\u00e8re que ce soit, pourraient endommager, d\u00e9sactiver, surcharger, d\u00e9t\u00e9riorer ou emp\u00eacher l'utilisation normale des Contenus, des \u00e9quipements informatiques ou des documents, fichiers et autres types de contenus stock\u00e9s sur tout ordinateur ou sur les ordinateurs de One Hundred Percent Plumbing, S.L., sur les ordinateurs d'autres utilisateurs ou sur tout ordinateur d'utilisateurs d'Internet (mat\u00e9riel et logiciel).<br \/>\nL'UTILISATEUR s'engage \u00e0 ne pas communiquer, diffuser ou mettre \u00e0 la disposition de tiers tout type de mat\u00e9riel contenu sur la Page, tel que des informations, textes, donn\u00e9es, contenus, messages, graphiques, illustrations, fichiers sonores et\/ou images, photographies, enregistrements, logiciels, logotypes, marques, ic\u00f4nes, technologie, photographies, logiciels, liens, conception graphique et codes sources ou tout autre mat\u00e9riel auquel il a acc\u00e8s en tant qu'utilisateur de la Page, y compris, mais sans s'y limiter.<\/p>\n<p>En cons\u00e9quence, conform\u00e9ment \u00e0 ce qui pr\u00e9c\u00e8de, L'UTILISATEUR s'engage \u00e0 ne pas :<\/p>\n<p>\u2013 Reproduire, copier, distribuer, mettre \u00e0 disposition ou communiquer publiquement, transformer ou modifier les Contenus sans l'autorisation \u00e9crite expresse de One Hundred Percent Plumbing, S.L., titulaire des droits correspondants, ou sauf si la loi l'autorise.<br \/>\n\u2013 Supprimer, manipuler ou modifier de quelque mani\u00e8re que ce soit les mentions \u00ab copyright \u00bb et autres informations d'identification concernant les droits r\u00e9serv\u00e9s par One Hundred Percent Plumbing, S.L. ou ses titulaires, les empreintes digitales et\/ou identifiants, ou tout autre moyen technique pr\u00e9vu pour la reconnaissance.<br \/>\n\u2013 L'utilisateur s'abstiendra d'obtenir ou de tenter d'obtenir des contenus par des moyens ou des proc\u00e9dures autres que ceux pr\u00e9vus \u00e0 cet effet ou indiqu\u00e9s comme servant \u00e0 cet effet sur la page web o\u00f9 se trouvent les contenus ou, en g\u00e9n\u00e9ral, ceux utilis\u00e9s r\u00e9guli\u00e8rement en ligne \u00e0 cette fin et qui ne pr\u00e9sentent aucun risque d'endommager ou de rendre inutilisable la page et\/ou les contenus.<\/p>\n<p>De m\u00eame, L'UTILISATEUR reconna\u00eet :<\/p>\n<p>\u2013 Que One Hundred Percent Plumbing, S.L. ne saurait \u00eatre tenue responsable, de quelque mani\u00e8re que ce soit, des opinions exprim\u00e9es par les utilisateurs, qui participent sous leur seule responsabilit\u00e9.<br \/>\n\u2013 Les commentaires des utilisateurs ne refl\u00e8tent pas les opinions de One Hundred Percent Plumbing, S.L., de ses partenaires ou de ses employ\u00e9s.<br \/>\n\u2013 Que One Hundred Percent Plumbing, S.L. ne garantit en aucun cas la publication des contenus envoy\u00e9s par les utilisateurs. \u00c0 cet effet, tous les commentaires re\u00e7us seront automatiquement r\u00e9vis\u00e9s par un filtre anti-spam et mod\u00e9r\u00e9s, en ce qui concerne leur forme, par un administrateur du site web, qui agira dans tous les cas de mani\u00e8re \u00e0 respecter la libert\u00e9 d\u00e9mocratique d'expression et d'information.<\/p>\n<p>De m\u00eame, One Hundred Percent Plumbing, S.L. se r\u00e9serve le droit de supprimer tous les commentaires et contributions qui portent atteinte au respect de la dignit\u00e9 des personnes, qu'ils soient discriminatoires, x\u00e9nophobes, racistes, pornographiques, contraires \u00e0 l'ordre public ou \u00e0 la s\u00e9curit\u00e9 publique, ou qui, selon l'entreprise, ne sont pas adapt\u00e9s \u00e0 la publication.<br \/>\nDans tous les cas, WWW.100percentconstruction.com ne saurait \u00eatre tenu responsable des opinions exprim\u00e9es par les utilisateurs sur le blog ou d'autres outils collaboratifs pouvant \u00eatre cr\u00e9\u00e9s, conform\u00e9ment \u00e0 la r\u00e9glementation applicable.<\/p>\n<p><strong>5. Politique de confidentialit\u00e9. Protection des donn\u00e9es <\/strong><br \/>\nOne Hundred Percent Plumbing, S.L. est consciente de l'importance de la protection des donn\u00e9es, ainsi que de la confidentialit\u00e9 de L'UTILISATEUR, et a donc mis en place une politique de traitement des donn\u00e9es visant \u00e0 garantir une s\u00e9curit\u00e9 maximale lors de l'utilisation et de la collecte de ces donn\u00e9es, en garantissant le respect de la l\u00e9gislation en vigueur en la mati\u00e8re et en faisant de cette politique l'un des fondements de l'action de l'entreprise. Par cons\u00e9quent, One Hundred Percent Plumbing, S.L. consid\u00e8re que la lecture de sa \u00ab Politique de confidentialit\u00e9 \u00bb est obligatoire.<\/p>\n<p><strong>6. Hyperlien<\/strong><br \/>\n\u00c0 titre de service \u00e0 nos visiteurs, notre site Web peut inclure des hyperliens vers d'autres sites qui ne sont ni exploit\u00e9s ni contr\u00f4l\u00e9s par One Hundred Percent Plumbing, S.L. Pour cette raison, One Hundred Percent Plumbing, S.L. ne garantit pas et n'assume aucune responsabilit\u00e9 quant \u00e0 la l\u00e9galit\u00e9, la fiabilit\u00e9, l'utilit\u00e9, la v\u00e9racit\u00e9 ou l'actualit\u00e9 du contenu de ces sites Web ou de leurs pratiques en mati\u00e8re de confidentialit\u00e9. Veuillez noter qu'avant de fournir vos donn\u00e9es personnelles \u00e0 des sites web autres que WWW.100percentconstruction.com, leurs pratiques en mati\u00e8re de confidentialit\u00e9 peuvent diff\u00e9rer des n\u00f4tres.<br \/>\nDe m\u00eame, les personnes qui souhaitent cr\u00e9er des liens hypertextes entre leur page Web et la n\u00f4tre (WWW.100percentconstruction.com) doivent respecter et se conformer aux conditions suivantes :<\/p>\n<p>\u2013 L'autorisation pr\u00e9alable n'est pas n\u00e9cessaire si le lien hypertexte permet uniquement d'acc\u00e9der \u00e0 la page d'accueil, mais il ne doit en aucun cas la reproduire. Toute autre forme de lien hypertexte n\u00e9cessite l'autorisation \u00e9crite expresse et sans \u00e9quivoque de One Hundred Percent Plumbing, S.L.<br \/>\n\u2013 Il est interdit de cr\u00e9er des \u00ab cadres \u00bb avec ou sur les pages Web de One Hundred Percent Plumbing, S.L.<br \/>\n\u2013 Il est interdit de faire des d\u00e9clarations ou des indications fausses, inexactes ou offensantes concernant One Hundred Percent Plumbing, S.L., ses dirigeants, employ\u00e9s ou collaborateurs, ou les personnes associ\u00e9es \u00e0 la Page pour quelque raison que ce soit, les utilisateurs de la Page ou les contenus fournis.<br \/>\n\u2013 Il ne sera pas indiqu\u00e9 ni insinu\u00e9 que One Hundred Percent Plumbing, S.L. a autoris\u00e9 le lien hypertexte ou qu'elle a supervis\u00e9 ou accept\u00e9, de quelque mani\u00e8re que ce soit, les contenus fournis ou mis \u00e0 disposition sur la page web vers laquelle le lien hypertexte est \u00e9tabli.<br \/>\n\u2013 La page Web dans laquelle le lien hypertexte est \u00e9tabli ne doit contenir que ce qui est strictement n\u00e9cessaire pour identifier la destination du lien hypertexte.<br \/>\n\u2013 La page Web sur laquelle le lien hypertexte est \u00e9tabli ne doit pas contenir d'informations et de contenus illicites et contraires aux normes morales g\u00e9n\u00e9ralement accept\u00e9es, aux bonnes pratiques et \u00e0 l'ordre public, ni aucun contenu contraire aux droits de tiers de quelque nature que ce soit.<\/p>\n<p><strong>7. Modification des mentions l\u00e9gales<\/strong><br \/>\nAfin d'am\u00e9liorer le service du site web, One Hundred Percent Plumbing, S.L. se r\u00e9serve le droit d'apporter, \u00e0 tout moment et sans pr\u00e9avis, des modifications et des mises \u00e0 jour aux informations figurant sur le site web, \u00e0 sa configuration et \u00e0 sa conception, ainsi qu'\u00e0 la pr\u00e9sente mention l\u00e9gale, en plus de toute autre condition sp\u00e9cifique. Par cons\u00e9quent, L'UTILISATEUR doit lire la mention l\u00e9gale \u00e0 chaque fois qu'il acc\u00e8de \u00e0 la page.<\/p>\n<p><strong>8. Propri\u00e9t\u00e9 intellectuelle \/ industrielle<\/strong><br \/>\nOne Hundred Percent Plumbing, S.L. d\u00e9tient tous les droits de propri\u00e9t\u00e9 intellectuelle et industrielle de son site web, ainsi que des \u00e9l\u00e9ments qui y sont contenus (y compris les images, le son, l'audio, la vid\u00e9o, les logiciels ou les textes, les marques ou les logotypes, les combinaisons de couleurs, la structure et la conception, la s\u00e9lection des mat\u00e9riaux utilis\u00e9s, les programmes informatiques n\u00e9cessaires \u00e0 son fonctionnement, son acc\u00e8s et son utilisation, etc. Ceux-ci appartiennent \u00e0 One Hundred Percent Plumbing, S.L. ou \u00e0 ses conc\u00e9dants de licence, tous droits r\u00e9serv\u00e9s.<br \/>\nToute utilisation non pr\u00e9alablement autoris\u00e9e par One Hundred Percent Plumbing, S.L., sera consid\u00e9r\u00e9e comme une violation grave des droits de propri\u00e9t\u00e9 intellectuelle ou industrielle de l'auteur.<br \/>\nL'UTILISATEUR s'engage \u00e0 respecter les droits de propri\u00e9t\u00e9 intellectuelle et industrielle d\u00e9tenus par One Hundred Percent Plumbing, S.L. Il pourra consulter les \u00e9l\u00e9ments du site web et m\u00eame les imprimer, les copier et les stocker sur le disque dur de son ordinateur ou sur tout autre support physique, \u00e0 condition que ce soit uniquement pour son usage personnel et priv\u00e9. L'UTILISATEUR s'engage \u00e0 ne pas supprimer, alt\u00e9rer, contourner ou manipuler tout dispositif de protection ou syst\u00e8me de s\u00e9curit\u00e9 install\u00e9 sur les pages de One Hundred Percent Plumbing, S.L. Toutes les marques, noms commerciaux ou signes distinctifs de toute nature apparaissant sur la Page sont la propri\u00e9t\u00e9 de One Hundred Percent Plumbing, S.L. ou, le cas \u00e9ch\u00e9ant, de tiers qui ont autoris\u00e9 leur utilisation. L'utilisation ou l'acc\u00e8s au Portail et\/ou aux Contenus ne conf\u00e8re \u00e0 l'Utilisateur aucun droit sur les marques, noms commerciaux et\/ou signes distinctifs susmentionn\u00e9s, et ne signifie pas non plus que des droits d'exploitation existants ou potentiels sur ces Contenus ont \u00e9t\u00e9 accord\u00e9s aux Utilisateurs.<br \/>\nDe m\u00eame, les contenus sont la propri\u00e9t\u00e9 intellectuelle de One Hundred Percent Plumbing, S.L. ou, le cas \u00e9ch\u00e9ant, de tiers. Par cons\u00e9quent, les droits de propri\u00e9t\u00e9 intellectuelle sont d\u00e9tenus par One Hundred Percent Plumbing, S.L. ou par les tiers qui ont autoris\u00e9 leur utilisation, et ils exercent exclusivement les droits d'exploitation de ce contenu sous quelque forme que ce soit, en particulier les droits de reproduction, de distribution, de communication publique et de transformation. La reproduction, la distribution et la communication publique sont express\u00e9ment interdites, y compris tout moyen de mise \u00e0 disposition de tout ou partie du contenu de cette page web, \u00e0 des fins commerciales, sous quelque format ou moyen technique que ce soit, sans l'autorisation de One Hundred Percent Plumbing, S.L.<br \/>\nL'utilisation non autoris\u00e9e des informations contenues sur le site Web, outre la violation des droits de propri\u00e9t\u00e9 intellectuelle ou industrielle de One Hundred Percent Plumbing, S.L. ou de tiers inclus dans la page qui ont fourni des contenus, entra\u00eenera les responsabilit\u00e9s pr\u00e9vues par la loi.<\/p>\n<p><strong>9. Cookies<\/strong><br \/>\nLes cookies sont des moyens techniques permettant de \u00ab tracer \u00bb et de surveiller la navigation sur les sites Web. Il s'agit de petits fichiers texte qui sont enregistr\u00e9s sur l'ordinateur de l'utilisateur. Cette m\u00e9thode a des implications en mati\u00e8re de confidentialit\u00e9. C'est pourquoi One Hundred Percent Plumbing, S.L. informe qu'elle peut utiliser des cookies pour \u00e9tablir des statistiques sur l'utilisation du site Web, ainsi que pour identifier l'ordinateur de l'utilisateur, ce qui permet de le reconna\u00eetre lors de ses prochaines visites. Dans tous les cas, l'utilisateur peut configurer son navigateur pour qu'il n'autorise pas l'utilisation de cookies lors de ses prochaines visites sur le site web.<br \/>\nOne Hundred Percent Plumbing, S.L. est consciente de l'importance de la protection des donn\u00e9es, ainsi que de la confidentialit\u00e9 de L'UTILISATEUR, et insiste donc sur la n\u00e9cessit\u00e9 de lire la \u00ab Politique en mati\u00e8re de cookies \u00bb.<\/p>\n<p><strong>10. Disponibilit\u00e9 de la page<\/strong><br \/>\nOne Hundred Percent Plumbing, S.L. ne peut garantir l'absence d'interruptions ou d'erreurs lors de l'acc\u00e8s \u00e0 la Page ou \u00e0 son Contenu, ni que ce Contenu soit mis \u00e0 jour, mais elle mettra tout en \u0153uvre, le cas \u00e9ch\u00e9ant, pour les \u00e9viter, les rectifier ou les mettre \u00e0 jour. Par cons\u00e9quent, One Hundred Percent Plumbing, S.L. n'assume aucune responsabilit\u00e9 pour les dommages de toute nature caus\u00e9s \u00e0 L'UTILISATEUR par des erreurs ou des d\u00e9connexions dans les r\u00e9seaux de t\u00e9l\u00e9communication qui entra\u00eenent la suspension, l'annulation ou l'interruption du service du Portail avant ou pendant la prestation des services.<br \/>\nOne Hundred Percent Plumbing, S.L. exclut, \u00e0 l'exception des cas pr\u00e9vus par la l\u00e9gislation en vigueur, toute responsabilit\u00e9 pour les dommages de toute nature pouvant \u00eatre caus\u00e9s par le manque de disponibilit\u00e9, de continuit\u00e9 ou de qualit\u00e9 du fonctionnement de la Page et des Contenus, par le non-respect des attentes d'utilisation que les utilisateurs peuvent avoir plac\u00e9es dans la Page et les Contenus.<br \/>\nLes liens hypertextes figurant sur ce site Web ont pour seule fonction d'informer l'utilisateur sur d'autres sites Web contenant des informations li\u00e9es au sujet trait\u00e9. Ces liens hypertextes ne constituent en aucun cas une suggestion ou une recommandation.<br \/>\nOne Hundred Percent Plumbing, S.L. d\u00e9cline toute responsabilit\u00e9 quant aux erreurs de s\u00e9curit\u00e9 pouvant survenir ou aux dommages potentiels caus\u00e9s au syst\u00e8me informatique de l'utilisateur (mat\u00e9riel et logiciels), ou aux fichiers ou documents qui y sont stock\u00e9s, \u00e0 la suite de :<\/p>\n<p>La pr\u00e9sence d'un virus dans l'ordinateur de l'utilisateur, utilis\u00e9 pour se connecter aux services et contenus du site web,<br \/>\nDysfonctionnements du navigateur ou utilisation de versions non mises \u00e0 jour du navigateur.<\/p>\n<p>One Hundred Percent Plumbing, S.L. d\u00e9cline toute responsabilit\u00e9 quant au contenu des pages li\u00e9es, au fonctionnement ou \u00e0 l'utilisation des hyperliens, ainsi qu'aux r\u00e9sultats de ces liens, et ne garantit pas l'absence de virus ou d'autres \u00e9l\u00e9ments susceptibles d'alt\u00e9rer le syst\u00e8me informatique (mat\u00e9riel et logiciel), les documents ou les fichiers de l'utilisateur, excluant toute responsabilit\u00e9 pour les dommages de toute nature caus\u00e9s \u00e0 l'utilisateur pour cette raison.<br \/>\nL'acc\u00e8s \u00e0 la Page n'implique pas l'obligation pour One Hundred Percent Plumbing, S.L. de contr\u00f4ler l'absence de virus, vers ou tout autre \u00e9l\u00e9ment informatique nuisible. Quoi qu'il en soit, il incombe \u00e0 l'Utilisateur d'utiliser des outils appropri\u00e9s pour d\u00e9tecter et d\u00e9sinfecter les programmes informatiques nuisibles. Par cons\u00e9quent, One Hundred Percent Plumbing, S.L. n'est pas responsable des \u00e9ventuelles erreurs de s\u00e9curit\u00e9 qui pourraient survenir pendant la prestation du service de la Page, ni des \u00e9ventuels dommages qui pourraient \u00eatre caus\u00e9s aux syst\u00e8mes informatiques (mat\u00e9riel et logiciel), aux fichiers ou aux documents stock\u00e9s dans ceux-ci, appartenant \u00e0 l'utilisateur ou \u00e0 des tiers, en raison de la pr\u00e9sence de virus dans l'ordinateur de l'utilisateur utilis\u00e9 pour se connecter aux services et contenus du Web, d'un dysfonctionnement du navigateur ou de l'utilisation de versions obsol\u00e8tes.<\/p>\n<p><strong>11. Qualit\u00e9 de la page<\/strong><br \/>\nCompte tenu du contexte dynamique et changeant des informations et des services fournis par la Page, One Hundred Percent Plumbing, S.L. fait tout son possible, mais ne garantit pas la v\u00e9racit\u00e9, l'exactitude, la fiabilit\u00e9, l'utilit\u00e9 et\/ou l'actualit\u00e9 des Contenus.<br \/>\nLes informations contenues dans les pages composant ce portail sont uniquement \u00e0 titre informatif, consultatif, informatif et publicitaire. Elles n'offrent en aucun cas ni n'impliquent un engagement contraignant ou contractuel.<br \/>\nOne Hundred Percent Plumbing, S.L. d\u00e9cline toute responsabilit\u00e9 quant aux d\u00e9cisions prises par L'UTILISATEUR sur la base de ces informations, ainsi qu'aux \u00e9ventuelles erreurs typographiques que pourraient contenir les documents et fichiers de cette page. Les informations sont susceptibles d'\u00eatre modifi\u00e9es p\u00e9riodiquement, sans pr\u00e9avis, en raison de l'extension, de l'am\u00e9lioration, de la correction ou de la mise \u00e0 jour du contenu.<\/p>\n<p><strong>12. Disponibilit\u00e9 du contenu<\/strong><br \/>\nLa fourniture du service pour la Page et son Contenu est, en principe, \u00e0 dur\u00e9e ind\u00e9termin\u00e9e. Par cons\u00e9quent, One Hundred Percent Plumbing, S.L. est autoris\u00e9e \u00e0 mettre fin ou \u00e0 suspendre la fourniture du service pour la Page et\/ou pour tout ou partie de son Contenu \u00e0 tout moment. Dans la mesure du possible, One Hundred Percent Plumbing, S.L. informera pr\u00e9alablement de la fin ou de la suspension de la Page.<\/p>\n<p><strong>13. Comp\u00e9tence juridictionnelle<\/strong><br \/>\nPour toutes les questions pouvant survenir concernant l'interpr\u00e9tation, l'application et le respect de la pr\u00e9sente mention l\u00e9gale, ainsi que pour les r\u00e9clamations pouvant d\u00e9couler de son utilisation, toutes les parties concern\u00e9es se soumettent aux juges et tribunaux d'Alicante, renon\u00e7ant express\u00e9ment \u00e0 tout autre code r\u00e9gional applicable.<\/p>\n<p><strong>14. L\u00e9gislation applicable<\/strong><br \/>\nCes conditions sont r\u00e9gies par la l\u00e9gislation espagnole.<br \/>\nTous droits r\u00e9serv\u00e9s \u00e0 l'auteur des lois et trait\u00e9s internationaux sur la propri\u00e9t\u00e9 intellectuelle. Leur copie, reproduction ou diffusion totale ou partielle est express\u00e9ment interdite, par quelque moyen que ce soit.<\/p>\n\n\t\t<\/div> \n\t<\/div> \n\t\t<\/div> \n\t<\/div> <\/div><div class=\"dfd-row-bg-overlay\" style=\"opacity: 0.8;\"><\/div><\/div>\n<\/div>","protected":false},"excerpt":{"rendered":"In compliance with the duty of information pursuant to article 10 of the Act 34\/2002, of 11 July, on Information Society and E-Commerce Services, One Hundred Percent Plumbing, S.L., acting","protected":false},"author":3,"featured_media":0,"parent":0,"menu_order":0,"comment_status":"closed","ping_status":"closed","template":"","meta":{"_seopress_robots_primary_cat":"","_seopress_titles_title":"Legal Notice | 100% Plumbing Official Website","_seopress_titles_desc":"Legal notice of 100% Plumbing: company details, terms of use, rights, responsibilities, data protection and applicable regulations.","_seopress_robots_index":"","footnotes":""},"class_list":["post-556","page","type-page","status-publish","hentry"],"_links":{"self":[{"href":"https:\/\/www.100percentplumbing.com\/fr\/wp-json\/wp\/v2\/pages\/556","targetHints":{"allow":["GET"]}}],"collection":[{"href":"https:\/\/www.100percentplumbing.com\/fr\/wp-json\/wp\/v2\/pages"}],"about":[{"href":"https:\/\/www.100percentplumbing.com\/fr\/wp-json\/wp\/v2\/types\/page"}],"author":[{"embeddable":true,"href":"https:\/\/www.100percentplumbing.com\/fr\/wp-json\/wp\/v2\/users\/3"}],"replies":[{"embeddable":true,"href":"https:\/\/www.100percentplumbing.com\/fr\/wp-json\/wp\/v2\/comments?post=556"}],"version-history":[{"count":0,"href":"https:\/\/www.100percentplumbing.com\/fr\/wp-json\/wp\/v2\/pages\/556\/revisions"}],"wp:attachment":[{"href":"https:\/\/www.100percentplumbing.com\/fr\/wp-json\/wp\/v2\/media?parent=556"}],"curies":[{"name":"wp","href":"https:\/\/api.w.org\/{rel}","templated":true}]}}