{"id":298,"date":"2019-09-19T09:45:10","date_gmt":"2019-09-19T09:45:10","guid":{"rendered":"https:\/\/www.100percentplumbing.com\/?page_id=298"},"modified":"2020-01-09T08:13:06","modified_gmt":"2020-01-09T08:13:06","slug":"faq","status":"publish","type":"page","link":"https:\/\/www.100percentplumbing.com\/fr\/faq\/","title":{"rendered":"FAQ"},"content":{"rendered":"<div class=\"wpb-content-wrapper\"><div  class=\"vc_row vc-row-wrapper\" data-parallax_sense=\"30\"><div class=\"wpb_row row\" >\n\t<div class=\"twelve columns vc-column-extra-class-69f46147bbc0b\" data-parallax_sense=\"30\">\n\t\t<div class=\"wpb_wrapper\">\n\t\t\t\n\t<div class=\"wpb_text_column wpb_content_element\" >\n\t\t<div class=\"wpb_wrapper\">\n\t\t\t<h5>bricolage | Liste de contr\u00f4le pour la mise en route et le d\u00e9pannage du chauffage<\/h5>\n\n\t\t<\/div> \n\t<\/div> <div class=\"dfd-spacer-module\"  data-units=\"px\" data-wide_resolution=\"1280\" data-wide_size=\"40\" data-normal_resolution=\"1024\" data-normal_size=\"40\" data-tablet_resolution=\"800\" data-tablet_size=\"40\" data-mobile_resolution=\"480\" data-mobile_size=\"40\" style=\"height: 40px;\"><\/div><div class=\"dfd_tabs_block\" id=\"tabid_69f46147bc542\" ><div class=\"vc_tta-container\" data-vc-action=\"collapse\"><div class=\"vc_general vc_tta vc_tta-accordion vc_tta-style-style-2 vc_tta-o-shape-group vc_tta-controls-align-left  dfd_accordion hide_separator icon-position-left   style-2\"><div class=\"vc_tta-panels-container style-2\"><div class=\"vc_tta-panels\"><div class=\"vc_tta-panel vc_active\" id=\"1568902464957-98f45353-fd19\" data-vc-content=\".vc_tta-panel-body\"><div class=\"vc_tta-panel-heading\"><h4 class=\"vc_tta-panel-title vc_tta-controls-icon-position-left\"><a href=\"#1568902464957-98f45353-fd19\" data-vc-accordion data-vc-container=\".vc_tta-container\"><span class=\"vc_tta-title-text\">1. V\u00e9rifiez d'abord la sortie du conduit de fum\u00e9e...<\/span><i class=\"vc_tta-controls-icon vc_tta-controls-icon-plus\"><\/i><\/a><\/h4><\/div><div class=\"vc_tta-panel-body\">\n\t<div class=\"wpb_text_column wpb_content_element\" >\n\t\t<div class=\"wpb_wrapper\">\n\t\t\t<p>V\u00e9rifiez d'abord que la sortie du conduit de fum\u00e9e n'est pas obstru\u00e9e par un nid d'oiseau ou autre !<\/p>\n\n\t\t<\/div> \n\t<\/div> <\/div><\/div><div class=\"vc_tta-panel\" id=\"1568902464985-7cdfd6c9-cadf\" data-vc-content=\".vc_tta-panel-body\"><div class=\"vc_tta-panel-heading\"><h4 class=\"vc_tta-panel-title vc_tta-controls-icon-position-left\"><a href=\"#1568902464985-7cdfd6c9-cadf\" data-vc-accordion data-vc-container=\".vc_tta-container\"><span class=\"vc_tta-title-text\">2. V\u00e9rifiez votre robinet de gaz.<\/span><i class=\"vc_tta-controls-icon vc_tta-controls-icon-plus\"><\/i><\/a><\/h4><\/div><div class=\"vc_tta-panel-body\">\n\t<div class=\"wpb_text_column wpb_content_element\" >\n\t\t<div class=\"wpb_wrapper\">\n\t\t\t<p>V\u00e9rifiez que votre vanne de gaz est ouverte, que le gaz arrive \u00e0 la chaudi\u00e8re et que votre r\u00e9servoir ou vos bouteilles contiennent suffisamment de combustible.<br \/>\n<strong>Votre vanne de gaz (ou robinet de gaz) sera align\u00e9e avec le tuyau lorsqu'elle est en position ouverte.<\/strong><\/p>\n\n\t\t<\/div> \n\t<\/div> <\/div><\/div><div class=\"vc_tta-panel\" id=\"1568903041087-010b2da5-e01e\" data-vc-content=\".vc_tta-panel-body\"><div class=\"vc_tta-panel-heading\"><h4 class=\"vc_tta-panel-title vc_tta-controls-icon-position-left\"><a href=\"#1568903041087-010b2da5-e01e\" data-vc-accordion data-vc-container=\".vc_tta-container\"><span class=\"vc_tta-title-text\">3. V\u00e9rifiez la jauge de votre chaudi\u00e8re.<\/span><i class=\"vc_tta-controls-icon vc_tta-controls-icon-plus\"><\/i><\/a><\/h4><\/div><div class=\"vc_tta-panel-body\">\n\t<div class=\"wpb_text_column wpb_content_element\" >\n\t\t<div class=\"wpb_wrapper\">\n\t\t\t<p>V\u00e9rifiez que le manom\u00e8tre de votre chaudi\u00e8re indique la pression correcte (1,5 \u00e0 1,8 bar). Si la pression de la chaudi\u00e8re est faible, faites l'appoint du syst\u00e8me de chauffage. (voir point n\u00b0 10)<br \/>\n<strong>Ne confondez pas le thermom\u00e8tre avec le manom\u00e8tre qui indique la pression en bars et mesure entre 1 et 5. <\/strong><\/p>\n\n\t\t<\/div> \n\t<\/div> <\/div><\/div><div class=\"vc_tta-panel\" id=\"1568903138432-faec5b15-38ad\" data-vc-content=\".vc_tta-panel-body\"><div class=\"vc_tta-panel-heading\"><h4 class=\"vc_tta-panel-title vc_tta-controls-icon-position-left\"><a href=\"#1568903138432-faec5b15-38ad\" data-vc-accordion data-vc-container=\".vc_tta-container\"><span class=\"vc_tta-title-text\">4. V\u00e9rifiez les vannes de votre radiateur.<\/span><i class=\"vc_tta-controls-icon vc_tta-controls-icon-plus\"><\/i><\/a><\/h4><\/div><div class=\"vc_tta-panel-body\">\n\t<div class=\"wpb_text_column wpb_content_element\" >\n\t\t<div class=\"wpb_wrapper\">\n\t\t\t<p>V\u00e9rifiez que toutes les vannes de votre radiateur sont en position ouverte.<br \/>\n<strong>Si vos radiateurs sont ferm\u00e9s, votre chaudi\u00e8re risque de surchauffer et de s'arr\u00eater.<\/strong><\/p>\n\n\t\t<\/div> \n\t<\/div> <\/div><\/div><div class=\"vc_tta-panel\" id=\"1568903194775-24c5c9c0-776e\" data-vc-content=\".vc_tta-panel-body\"><div class=\"vc_tta-panel-heading\"><h4 class=\"vc_tta-panel-title vc_tta-controls-icon-position-left\"><a href=\"#1568903194775-24c5c9c0-776e\" data-vc-accordion data-vc-container=\".vc_tta-container\"><span class=\"vc_tta-title-text\">5. V\u00e9rifiez le r\u00e9glage minimum de votre horloge.<\/span><i class=\"vc_tta-controls-icon vc_tta-controls-icon-plus\"><\/i><\/a><\/h4><\/div><div class=\"vc_tta-panel-body\">\n\t<div class=\"wpb_text_column wpb_content_element\" >\n\t\t<div class=\"wpb_wrapper\">\n\t\t\t<p>V\u00e9rifiez que le r\u00e9glage minimum de votre horloge est correct.<br \/>\n<strong>Si votre horloge ne fonctionne pas, v\u00e9rifiez que les piles sont charg\u00e9es !<\/strong><\/p>\n\n\t\t<\/div> \n\t<\/div> <\/div><\/div><div class=\"vc_tta-panel\" id=\"1568903277257-3c8d19e1-1d83\" data-vc-content=\".vc_tta-panel-body\"><div class=\"vc_tta-panel-heading\"><h4 class=\"vc_tta-panel-title vc_tta-controls-icon-position-left\"><a href=\"#1568903277257-3c8d19e1-1d83\" data-vc-accordion data-vc-container=\".vc_tta-container\"><span class=\"vc_tta-title-text\">6. Suivez votre proc\u00e9dure de d\u00e9marrage habituelle.<\/span><i class=\"vc_tta-controls-icon vc_tta-controls-icon-plus\"><\/i><\/a><\/h4><\/div><div class=\"vc_tta-panel-body\">\n\t<div class=\"wpb_text_column wpb_content_element\" >\n\t\t<div class=\"wpb_wrapper\">\n\t\t\t<p>Suivez la proc\u00e9dure de d\u00e9marrage habituelle pour votre chaudi\u00e8re.<br \/>\n<strong>Si la chaudi\u00e8re ne s'allume pas imm\u00e9diatement, r\u00e9essayez plusieurs fois. Il se peut que le gaz doive \u00eatre purg\u00e9 jusqu'\u00e0 la chaudi\u00e8re. Cela est particuli\u00e8rement probable si la conduite de gaz est longue ou si vous venez de changer vos bouteilles de gaz.<\/strong><\/p>\n\n\t\t<\/div> \n\t<\/div> <\/div><\/div><div class=\"vc_tta-panel\" id=\"1568903341156-d8cf9968-65f8\" data-vc-content=\".vc_tta-panel-body\"><div class=\"vc_tta-panel-heading\"><h4 class=\"vc_tta-panel-title vc_tta-controls-icon-position-left\"><a href=\"#1568903341156-d8cf9968-65f8\" data-vc-accordion data-vc-container=\".vc_tta-container\"><span class=\"vc_tta-title-text\">7. Il est fr\u00e9quent que la pompe de circulation se bloque.<\/span><i class=\"vc_tta-controls-icon vc_tta-controls-icon-plus\"><\/i><\/a><\/h4><\/div><div class=\"vc_tta-panel-body\">\n\t<div class=\"wpb_text_column wpb_content_element\" >\n\t\t<div class=\"wpb_wrapper\">\n\t\t\t<p>Il est fr\u00e9quent que la pompe de circulation se bloque. <strong>Si cela se produit, lib\u00e9rez-la \u00e0 l'aide d'un tournevis en l'ins\u00e9rant et en for\u00e7ant la pompe \u00e0 tourner.<\/strong><\/p>\n\n\t\t<\/div> \n\t<\/div> <\/div><\/div><div class=\"vc_tta-panel\" id=\"1568903882880-5b02bfcd-d110\" data-vc-content=\".vc_tta-panel-body\"><div class=\"vc_tta-panel-heading\"><h4 class=\"vc_tta-panel-title vc_tta-controls-icon-position-left\"><a href=\"#1568903882880-5b02bfcd-d110\" data-vc-accordion data-vc-container=\".vc_tta-container\"><span class=\"vc_tta-title-text\">8. V\u00e9rifiez que vos radiateurs chauffent uniform\u00e9ment.<\/span><i class=\"vc_tta-controls-icon vc_tta-controls-icon-plus\"><\/i><\/a><\/h4><\/div><div class=\"vc_tta-panel-body\">\n\t<div class=\"wpb_text_column wpb_content_element\" >\n\t\t<div class=\"wpb_wrapper\">\n\t\t\t<p>Apr\u00e8s avoir laiss\u00e9 le syst\u00e8me fonctionner pendant un certain temps, v\u00e9rifiez que vos radiateurs chauffent de mani\u00e8re uniforme. <strong>Si vous constatez que votre radiateur n'est pas purg\u00e9, ouvrez la valve de purge \u00e0 l'aide d'une cl\u00e9 ou d'un tournevis et purgez l'air lentement en gardant un r\u00e9cipient \u00e0 port\u00e9e de main pour recueillir l'eau qui s'\u00e9coule.<\/strong><\/p>\n\n\t\t<\/div> \n\t<\/div> <\/div><\/div><div class=\"vc_tta-panel\" id=\"1568903945331-008ed2be-616f\" data-vc-content=\".vc_tta-panel-body\"><div class=\"vc_tta-panel-heading\"><h4 class=\"vc_tta-panel-title vc_tta-controls-icon-position-left\"><a href=\"#1568903945331-008ed2be-616f\" data-vc-accordion data-vc-container=\".vc_tta-container\"><span class=\"vc_tta-title-text\">9. Apr\u00e8s avoir purg\u00e9 votre syst\u00e8me, v\u00e9rifiez toujours la pression de votre chaudi\u00e8re.<\/span><i class=\"vc_tta-controls-icon vc_tta-controls-icon-plus\"><\/i><\/a><\/h4><\/div><div class=\"vc_tta-panel-body\">\n\t<div class=\"wpb_text_column wpb_content_element\" >\n\t\t<div class=\"wpb_wrapper\">\n\t\t\t<p>Apr\u00e8s avoir purg\u00e9 votre syst\u00e8me, v\u00e9rifiez toujours la pression de votre chaudi\u00e8re et faites l'appoint si n\u00e9cessaire si la pression a baiss\u00e9. Faites l'appoint du syst\u00e8me \u00e0 l'aide de la vanne d'appoint situ\u00e9e sur le tuyau d'arriv\u00e9e d'eau froide de la chaudi\u00e8re.<br \/>\n<strong>Si vous surpressurisez votre syst\u00e8me de chauffage et que la jauge d\u00e9passe trois bars de pression, de l'eau peut s'\u00e9couler de la soupape de s\u00e9curit\u00e9 de votre chaudi\u00e8re. Ne paniquez pas ! Fermez le robinet, car \u00e0 mesure que l'eau s'\u00e9coule de la chaudi\u00e8re, la pression diminuera progressivement jusqu'\u00e0 atteindre la pression de service, tout cela tout seul !<\/strong><\/p>\n\n\t\t<\/div> \n\t<\/div> <\/div><\/div><div class=\"vc_tta-panel\" id=\"1568903993186-7e393acb-5f77\" data-vc-content=\".vc_tta-panel-body\"><div class=\"vc_tta-panel-heading\"><h4 class=\"vc_tta-panel-title vc_tta-controls-icon-position-left\"><a href=\"#1568903993186-7e393acb-5f77\" data-vc-accordion data-vc-container=\".vc_tta-container\"><span class=\"vc_tta-title-text\">10. Une fois que vous \u00eates satisfait du fonctionnement de votre syst\u00e8me...<\/span><i class=\"vc_tta-controls-icon vc_tta-controls-icon-plus\"><\/i><\/a><\/h4><\/div><div class=\"vc_tta-panel-body\">\n\t<div class=\"wpb_text_column wpb_content_element\" >\n\t\t<div class=\"wpb_wrapper\">\n\t\t\t<p>Une fois que vous \u00eates satisfait du fonctionnement de votre syst\u00e8me <strong>R\u00e9glez votre horloge\/programmateur sur \u00ab auto \u00bb.<\/strong>.<\/p>\n\n\t\t<\/div> \n\t<\/div> <\/div><\/div><\/div><\/div><\/div><\/div><\/div>\t\r\n<script type=\"text\/javascript\">\r\n\t(function($){\r\n\t\t$('head').append('<style type=\"text\/css\">#tabid_69f46147bc542.dfd_tabs_block .vc_tta-tabs .vc_tta-tabs-container .vc_tta-tabs-list li.vc_tta-tab a, #tabid_69f46147bc542.dfd_tabs_block .dfd_tta_tabs .vc_tta-panels-container .vc_tta-panels .vc_tta-panel-heading a, #tabid_69f46147bc542.dfd_tabs_block .dfd_tta_tour .vc_tta-panels-container .vc_tta-panels .vc_tta-panel .vc_tta-panel-heading .vc_tta-panel-title a {font-size: 14px !important;}#tabid_69f46147bc542.dfd_tabs_block .dfd_tta_tabs .vc_tta-tabs-container .vc_tta-tabs-list li.vc_tta-tab a .vc_tta-icon {font-size: 14px !important;}#tabid_69f46147bc542.dfd_tabs_block .vc_tta-tabs .vc_tta-tabs-container .vc_tta-tabs-list li.vc_tta-tab a,#tabid_69f46147bc542.dfd_tabs_block .dfd_tta_tabs .vc_tta-panels-container .vc_tta-panels .vc_tta-panel-heading a, #tabid_69f46147bc542.dfd_tabs_block .dfd_tta_tour .vc_tta-panels-container .vc_tta-panels .vc_tta-panel .vc_tta-panel-heading .vc_tta-panel-title a {style=&quot;&quot;}#tabid_69f46147bc542.dfd_tabs_block .vc_tta-accordion .vc_tta-panel .vc_tta-panel-heading h4 a {style=&quot;&quot;}#tabid_69f46147bc542.dfd_tabs_block .vc_tta-accordion .vc_tta-panel .vc_tta-panel-heading h4 a, #tabid_69f46147bc542.dfd_tabs_block .vc_tta-accordion .vc_tta-panel .vc_tta-panel-title a .vc_tta-title-text .accordion_inner_text {font-size: 14px !important;}#tabid_69f46147bc542.dfd_tabs_block .vc_tta-accordion .vc_tta-panel .vc_tta-panel-heading h4 a .vc_tta-icon {font-size: 14px !important;}#tabid_69f46147bc542.dfd_tabs_block .dfd_tta_tour .vc_tta-tabs-container .vc_tta-tab a {font-size: 14px !important;}#tabid_69f46147bc542.dfd_tabs_block .dfd_tta_tour .vc_tta-tabs-container .vc_tta-tab a .vc_tta-icon {font-size: 14px !important;}#tabid_69f46147bc542.dfd_tabs_block .vc_tta-tabs .vc_tta-tabs-container .vc_tta-tabs-list li.vc_tta-tab a,#tabid_69f46147bc542.dfd_tabs_block .dfd_tta_tabs .vc_tta-panels-container .vc_tta-panels .vc_tta-panel-heading a, #tabid_69f46147bc542.dfd_tabs_block .dfd_tta_tour .vc_tta-panels-container .vc_tta-panels .vc_tta-panel .vc_tta-panel-heading .vc_tta-panel-title a  {style=&quot;&quot;}    \/*Separator*\/\\n#tabid_69f46147bc542.dfd_tabs_block .dfd_tta_tabs:not(.big_icon) .vc_tta-panels-container:before{\\n\t\ttop:-0px !important;\\n    }\\n#tabid_69f46147bc542.dfd_tabs_block .dfd_tta_tabs:not(.big_icon) .vc_tta-panels-container:after{\\n\t\tbottom:-0px !important;\\n    }\\n<\/style>');\r\n\t\t$(\"#tabid_69f46147bc542.dfd_tabs_block .vc_tta-accordion.underline .vc_tta-title-text\").each(function(){\r\n\t\t\tvar accordion_text = $(this).text();\r\n\t\t\t$(this).text(\" \");\r\n\t\t\t$(this).append(\"<div class='accordion_inner_text'>\" + accordion_text + \"<\/div>\");\r\n\t\t});\r\n\r\n\t\t$(\"#tabid_69f46147bc542 .vc_tta-accordion .vc_tta-panels .vc_tta-panel\").each(function(){\r\n\t\t\tvar $icon = $(this).find(\".vc_tta-icon\");\r\n\t\t\tif($icon[0]){\r\n\t\t\t\t$(this).find(\".vc_tta-panel-title\").addClass(\"hasIcon\");\r\n\t\t\t}\r\n\t\t});\r\n\r\n\t})(jQuery);\r\n<\/script>\n\t\t<\/div> \n\t<\/div> <\/div><div class=\"dfd-row-bg-overlay\" style=\"opacity: 0.8;\"><\/div><\/div>\n<\/div>","protected":false},"excerpt":{"rendered":"diy | Heating Start Up and Troubleshooting Checklist 1. First check the flue outlet... First check the flue outlet is not blocked with a birds nest or similar! 2. Check","protected":false},"author":3,"featured_media":0,"parent":0,"menu_order":0,"comment_status":"closed","ping_status":"closed","template":"","meta":{"_seopress_robots_primary_cat":"","_seopress_titles_title":"","_seopress_titles_desc":"","_seopress_robots_index":"","footnotes":""},"class_list":["post-298","page","type-page","status-publish","hentry"],"_links":{"self":[{"href":"https:\/\/www.100percentplumbing.com\/fr\/wp-json\/wp\/v2\/pages\/298","targetHints":{"allow":["GET"]}}],"collection":[{"href":"https:\/\/www.100percentplumbing.com\/fr\/wp-json\/wp\/v2\/pages"}],"about":[{"href":"https:\/\/www.100percentplumbing.com\/fr\/wp-json\/wp\/v2\/types\/page"}],"author":[{"embeddable":true,"href":"https:\/\/www.100percentplumbing.com\/fr\/wp-json\/wp\/v2\/users\/3"}],"replies":[{"embeddable":true,"href":"https:\/\/www.100percentplumbing.com\/fr\/wp-json\/wp\/v2\/comments?post=298"}],"version-history":[{"count":0,"href":"https:\/\/www.100percentplumbing.com\/fr\/wp-json\/wp\/v2\/pages\/298\/revisions"}],"wp:attachment":[{"href":"https:\/\/www.100percentplumbing.com\/fr\/wp-json\/wp\/v2\/media?parent=298"}],"curies":[{"name":"wp","href":"https:\/\/api.w.org\/{rel}","templated":true}]}}