{"id":558,"date":"2019-10-18T10:36:15","date_gmt":"2019-10-18T10:36:15","guid":{"rendered":"https:\/\/www.100percentplumbing.com\/?page_id=558"},"modified":"2025-10-23T07:45:38","modified_gmt":"2025-10-23T07:45:38","slug":"politica-de-cookies","status":"publish","type":"page","link":"https:\/\/www.100percentplumbing.com\/es\/politica-de-cookies\/","title":{"rendered":"Pol\u00edtica de cookies"},"content":{"rendered":"<div class=\"wpb-content-wrapper\"><div  class=\"vc_row vc-row-wrapper\" data-parallax_sense=\"30\"><div class=\"wpb_row row\" >\n\t<div class=\"twelve columns vc-column-extra-class-69f3914986793\" data-parallax_sense=\"30\">\n\t\t<div class=\"wpb_wrapper\">\n\t\t\t\n\t<div class=\"wpb_text_column wpb_content_element\" >\n\t\t<div class=\"wpb_wrapper\">\n\t\t\t<p><strong>\u00bfQu\u00e9 es una cookie?<\/strong><\/p>\n<p>En 100% Plumbing cumplimos con la Ley espa\u00f1ola \u00abLey de Servicios de la Sociedad de la Informaci\u00f3n y Comercio Electr\u00f3nico\u00bb, una normativa que ha incorporado la Directiva 2009\/136\/CE de la UE y que se conoce como la \u00abLey de Cookies\u00bb.<\/p>\n<p>Una cookie es un peque\u00f1o archivo de texto que se almacena en su ordenador cuando visita cualquier p\u00e1gina web que utilice cookies. Se almacena en su ordenador, tableta, tel\u00e9fono m\u00f3vil o cualquier otro dispositivo que utilice para navegar por Internet, y guarda informaci\u00f3n relativa a la frecuencia de visitas a la p\u00e1gina, sus preferencias de navegaci\u00f3n, la informaci\u00f3n que m\u00e1s le interesa, nombres de usuario, productos registrados, etc. Dependiendo de la informaci\u00f3n que contengan y de la forma en que utilice su equipo, pueden servir para reconocer al usuario.<\/p>\n<p><strong>Tipos de cookies<\/strong><\/p>\n<p>Las cookies se pueden clasificar seg\u00fan los siguientes criterios:<\/p>\n<p>a) Seg\u00fan el tiempo que permanecen activos:<\/p>\n<p>-\u00abCookies de sesi\u00f3n\u00bb o \u00abCookies persistentes\u00bb: Las primeras se eliminan cuando cierras el navegador, mientras que las segundas permanecen en tu equipo.<\/p>\n<p>b) Seg\u00fan qui\u00e9n los gestione:<\/p>\n<p>\u2013 \u00abCookies propias\u00bb: Son aquellas que se env\u00edan a su equipo directamente desde el dominio o sitio web al que est\u00e1 accediendo.<\/p>\n<p>\u2013 \u00abCookies de terceros\u00bb: Son aquellas que se env\u00edan a su equipo NO directamente desde el dominio o el sitio web al que est\u00e1 accediendo, sino desde otra entidad que procesa la informaci\u00f3n de las cookies.<\/p>\n<p>c) Seg\u00fan el uso de las cookies:<\/p>\n<p>\u2013 \u00abCookies t\u00e9cnicas\u00bb: Son aquellas que permiten al usuario la navegaci\u00f3n a trav\u00e9s de la web, plataforma o aplicaci\u00f3n y la utilizaci\u00f3n de las diferentes opciones o servicios que en ella existen, como controlar el tr\u00e1fico y la comunicaci\u00f3n de datos, la identificaci\u00f3n de sesiones, el acceso a \u00e1reas restringidas de la web, recordar los elementos que conforman un pedido, tramitar pedidos, tramitar inscripciones o reservas para eventos, el uso de elementos de seguridad en la web, almacenar contenidos para posterior difusi\u00f3n de v\u00eddeos o sonido, o compartir en redes sociales.<\/p>\n<p>\u2013 \u00abCookies de personalizaci\u00f3n\u00bb: Son aquellas que permiten al usuario acceder a los servicios con caracter\u00edsticas generales predefinidas en funci\u00f3n de una serie de criterios en el equipo del usuario, como el idioma, el tipo de navegador a trav\u00e9s del cual accede o la configuraci\u00f3n regional desde la que accede a los servicios.<\/p>\n<p>\u2013 \u00abCookies anal\u00edticas\u00bb: Son aquellas que permiten al responsable de las mismas el seguimiento y an\u00e1lisis del comportamiento de los usuarios en la web a la que se asocian las cookies. La informaci\u00f3n recogida mediante este tipo de cookies se utiliza en la medici\u00f3n de la actividad de la p\u00e1gina web, aplicaci\u00f3n o plataforma y para la elaboraci\u00f3n de perfiles de los visitantes de dichas p\u00e1ginas, aplicaciones o plataformas, con el objetivo de mejorar el an\u00e1lisis de los usuarios que utilizan los servicios.<\/p>\n<p>\u2013 \u00abCookies publicitarias\u00bb: Son aquellas que permiten gestionar de la forma m\u00e1s eficaz posible el espacio publicitario de la web, aplicaci\u00f3n o plataforma, si el propietario de la misma las ha incluido, en funci\u00f3n de criterios de contenido o de la frecuencia con la que se muestran los anuncios.<\/p>\n<p>\u2013 \u00abCookies de publicidad comportamental\u00bb: Son aquellas que permiten al responsable de las mismas el seguimiento y an\u00e1lisis del comportamiento de los usuarios en la web a la que est\u00e1n asociadas. Estas cookies almacenan informaci\u00f3n basada en el comportamiento de los usuarios obtenida mediante la observaci\u00f3n continuada de sus h\u00e1bitos de navegaci\u00f3n y que permite elaborar un perfil espec\u00edfico que permite mostrarles publicidad de forma personalizada.<\/p>\n<p><strong>\u00bfQu\u00e9 cookies utilizamos en 100% Plumbing?<\/strong><\/p>\n<p><strong>Cookies de w3resource.com:<\/strong><\/p>\n<p>Estas cookies son persistentes y son de terceros.<\/p>\n<div class=\"table-responsive\">\n<table class=\"table\" border=\"1\" cellspacing=\"0\" cellpadding=\"0\">\n<thead>\n<tr>\n<td width=\"48\">\n<p align=\"center\"><strong>Cookie<\/strong><\/p>\n<\/td>\n<td width=\"291\">\n<p align=\"center\"><strong>Objetivo de la cookie<\/strong><\/p>\n<\/td>\n<td valign=\"top\" width=\"85\">\n<p align=\"center\"><strong>Duraci\u00f3n<\/strong><\/p>\n<\/td>\n<\/tr>\n<\/thead>\n<tbody>\n<tr>\n<td width=\"48\">_cfduid<\/td>\n<td>Utilizado por la red de contenido Cloudflare para identificar el tr\u00e1fico web de confianza.<\/td>\n<td width=\"85\">Un a\u00f1o desde el momento de su instalaci\u00f3n.<\/td>\n<\/tr>\n<\/tbody>\n<\/table>\n<\/div>\n<p><strong>Cookies de Google Analytics:<\/strong><\/p>\n<p>Estas cookies son persistentes y son de terceros.<\/p>\n<div class=\"table-responsive\">\n<table class=\"table\" border=\"1\" cellspacing=\"0\" cellpadding=\"0\">\n<thead>\n<tr>\n<td width=\"48\">\n<p align=\"center\"><strong>Cookie<\/strong><\/p>\n<\/td>\n<td width=\"291\">\n<p align=\"center\"><strong>Objetivo de la cookie<\/strong><\/p>\n<\/td>\n<td valign=\"top\" width=\"85\">\n<p align=\"center\"><strong>Duraci\u00f3n<\/strong><\/p>\n<\/td>\n<\/tr>\n<\/thead>\n<tbody>\n<tr>\n<td width=\"48\">_utma<\/td>\n<td>Esta cookie se suele escribir en el navegador la primera vez que se visita el sitio desde ese navegador web. Si el operador del navegador ha eliminado la cookie y, posteriormente, el navegador visita su sitio, se escribe una nueva cookie _utma con un ID \u00fanico diferente. Esta cookie se utiliza para determinar los visitantes \u00fanicos de nuestro sitio y se actualiza con cada visita a la p\u00e1gina. Adem\u00e1s, esta cookie cuenta con un ID \u00fanico que Google Analytics utiliza para garantizar tanto la validez como la accesibilidad de la cookie como medida de seguridad adicional.<\/td>\n<td width=\"85\">Dos a\u00f1os desde el momento de su instalaci\u00f3n.<\/td>\n<\/tr>\n<tr>\n<td rowspan=\"2\" valign=\"top\" width=\"48\">\n<p>_utmb<\/p>\n<p>_utmc<\/td>\n<td rowspan=\"2\" valign=\"top\">Estas cookies funcionan conjuntamente para almacenar informaci\u00f3n sobre la actividad de la visita y, en principio, el tiempo que permanece en nuestro sitio web.<\/td>\n<td valign=\"top\" width=\"85\">30 minutos<\/td>\n<\/tr>\n<tr>\n<td valign=\"top\" width=\"85\">Sesi\u00f3n<\/td>\n<\/tr>\n<tr>\n<td valign=\"top\" width=\"48\">_utmz<\/td>\n<td valign=\"top\" width=\"291\">Esta cookie almacena el tipo de referencia utilizada por el visitante para llegar al sitio, ya sea mediante un m\u00e9todo directo, un enlace de referencia, una b\u00fasqueda en el sitio web o una campa\u00f1a, como un anuncio o un enlace de correo electr\u00f3nico. Se utiliza para calcular el tr\u00e1fico de los motores de b\u00fasqueda, las campa\u00f1as publicitarias y la navegaci\u00f3n por las p\u00e1ginas de nuestro propio sitio. La cookie se actualiza con cada visita a nuestro sitio.<\/td>\n<td valign=\"top\" width=\"85\">Seis meses desde el momento de su instalaci\u00f3n.<\/td>\n<\/tr>\n<tr>\n<td valign=\"top\" width=\"48\">_ga, _gat, _gid<\/td>\n<td valign=\"top\" width=\"291\">Esta cookie se utiliza para distinguir a los usuarios de forma an\u00f3nima.<\/td>\n<td valign=\"top\" width=\"85\">2 a\u00f1os<\/td>\n<\/tr>\n<\/tbody>\n<\/table>\n<\/div>\n<p>Estas cookies no le identifican personalmente y solo nos proporcionan informaci\u00f3n estad\u00edstica sobre la navegaci\u00f3n dentro de nuestra web; no obstante, puede desactivarlas directamente cambiando la configuraci\u00f3n de su navegador.<\/p>\n<p>Google ha desarrollado una herramienta que le permite desactivar sus cookies en los navegadores m\u00e1s habituales: Microsoft Internet Explorer, Google Chrome, Mozilla Firefox, Apple Safari y Opera. Para desactivar las cookies de Google Analytics, visite:<br \/>\n<a href=\"https:\/\/tools.google.com\/dlpage\/gaoptout?hl=es\">https:\/\/tools.google.com\/dlpage\/gaoptout?hl=en<\/a><\/p>\n<p><strong>Cookies de Youtube<\/strong><\/p>\n<div class=\"table-responsive\">\n<table class=\"table\" border=\"1\" cellspacing=\"0\" cellpadding=\"0\">\n<tbody>\n<tr>\n<td width=\"55\">\n<p align=\"center\"><strong>Cookie<\/strong><\/p>\n<\/td>\n<td width=\"284\">\n<p align=\"center\"><strong>Objetivo de la cookie<\/strong><\/p>\n<\/td>\n<td valign=\"top\" width=\"85\">\n<p align=\"center\"><strong>Duraci\u00f3n<\/strong><\/p>\n<\/td>\n<\/tr>\n<tr>\n<td width=\"55\">VISITANTE_INFORMACI\u00d3N1_EN VIVO<\/td>\n<td width=\"284\">Esta cookie es establecida por el servicio de v\u00eddeo YouTube en p\u00e1ginas con v\u00eddeos de YouTube incrustados.<\/td>\n<td width=\"85\">Caduca: 9 meses.<\/td>\n<\/tr>\n<tr>\n<td width=\"55\">PREF<\/td>\n<td width=\"284\">Esta cookie es establecida por el servicio de v\u00eddeo YouTube en p\u00e1ginas con v\u00eddeos de YouTube incrustados.<\/td>\n<td width=\"85\">Caduca: 9 meses.<\/td>\n<\/tr>\n<tr>\n<td width=\"55\">YSC<\/td>\n<td width=\"284\">Esta cookie es establecida por el servicio de v\u00eddeo YouTube en p\u00e1ginas con v\u00eddeos de YouTube incrustados.<\/td>\n<td width=\"85\">Caduca: 9 meses<\/td>\n<\/tr>\n<tr>\n<td width=\"55\">yt-remote-cast-instalado<\/td>\n<td width=\"284\">Esta cookie es establecida por el servicio de v\u00eddeo YouTube en p\u00e1ginas con v\u00eddeos de YouTube incrustados.<\/td>\n<td width=\"85\">Sesi\u00f3n<\/td>\n<\/tr>\n<tr>\n<td width=\"55\">yt-remote-cast-installed, yt-remote-fast-check-period, yt-remote-session-app, yt-remote-session-name, yt-remote-device-id<\/td>\n<td width=\"284\">Esta cookie es establecida por el servicio de v\u00eddeo YouTube en p\u00e1ginas con v\u00eddeos de YouTube incrustados.<\/td>\n<td width=\"85\">Sesi\u00f3n<\/td>\n<\/tr>\n<\/tbody>\n<\/table>\n<\/div>\n<p><strong>Cookies de terceros almacenadas por Google:<\/strong><\/p>\n<div class=\"table-responsive\">\n<table class=\"table\" border=\"1\" cellspacing=\"0\" cellpadding=\"0\">\n<tbody>\n<tr>\n<td width=\"76\">\n<p align=\"center\"><strong>Cookie<\/strong><\/p>\n<\/td>\n<td width=\"262\">\n<p align=\"center\"><strong>Objetivo de la cookie<\/strong><\/p>\n<\/td>\n<td valign=\"top\" width=\"85\">\n<p align=\"center\"><strong>Duraci\u00f3n<\/strong><\/p>\n<\/td>\n<\/tr>\n<tr>\n<td width=\"76\">khcookie, NID, PREF, test_cookie, r\/collect, rc::c<\/td>\n<td width=\"262\">Las cookies se almacenan en el navegador cuando se cargan las siguientes aplicaciones: Google Maps, Street View y v\u00eddeos de YouTube.<\/td>\n<td width=\"85\">Caduca: entre el final de la sesi\u00f3n y dos a\u00f1os.<\/td>\n<\/tr>\n<\/tbody>\n<\/table>\n<\/div>\n<p>Visite el siguiente enlace para obtener m\u00e1s informaci\u00f3n o rechazar o eliminar las cookies de Google:<br \/>\n<a href=\"http:\/\/www.google.com\/intl\/en\/policies\/privacy\/\">http:\/\/www.google.com\/intl\/en\/privacypolicy.html<\/a><\/p>\n<p>Visite el siguiente enlace para obtener m\u00e1s informaci\u00f3n sobre la Pol\u00edtica de privacidad de Google:<br \/>\n<a href=\"http:\/\/www.google.co.uk\/intl\/en\/policies\/privacy\/\">http:\/\/www.google.co.uk\/intl\/en\/policies\/privacy\/<\/a><\/p>\n<p><strong><br \/>\nCookies propias:<\/strong><\/p>\n<div class=\"table-responsive\">\n<table class=\"table\" border=\"1\" cellspacing=\"0\" cellpadding=\"0\">\n<tbody>\n<tr>\n<td width=\"133\">\n<p align=\"center\"><strong>Cookie<\/strong><\/p>\n<\/td>\n<td width=\"206\">\n<p align=\"center\"><strong>Objetivo de la cookie<\/strong><\/p>\n<\/td>\n<td valign=\"top\" width=\"85\">\n<p align=\"center\"><strong>Duraci\u00f3n<\/strong><\/p>\n<\/td>\n<\/tr>\n<tr>\n<td width=\"133\">\n<div class=\"page\" title=\"P\u00e1gina 2\">\n<div class=\"section\">\n<div class=\"layoutArea\">\n<div class=\"column\">\n<p>UUID#[abcdef0123456789]{32} <span style=\"font-family: inherit; font-size: inherit;\">o similar de 32 caracteres<\/span><\/p>\n<\/div>\n<\/div>\n<\/div>\n<\/div>\n<\/td>\n<td width=\"206\">Cookie de sesi\u00f3n, asociada a la visita (si el visitante est\u00e1 registrado en el sitio). Analiza las p\u00e1ginas que ha visitado. Hay dos por sesi\u00f3n.<\/td>\n<td width=\"85\">Caduca con la sesi\u00f3n<\/td>\n<\/tr>\n<\/tbody>\n<\/table>\n<\/div>\n<p><strong><br \/>\nC\u00f3mo desactivar o deshabilitar las cookies y revocar los permisos concedidos.<\/strong><\/p>\n<p>Puede configurar su navegador para aceptar o rechazar la instalaci\u00f3n de todos o algunos tipos de cookies, o para recibir una notificaci\u00f3n cuando se vaya a almacenar una cookie.<\/p>\n<p>Cada navegador tiene una serie espec\u00edfica de instrucciones. A continuaci\u00f3n se incluyen una serie de enlaces con informaci\u00f3n sobre las cookies para los navegadores m\u00e1s utilizados:<\/p>\n<p><a href=\"https:\/\/support.google.com\/chrome\/answer\/95647?hl=es&amp;hlrm=en\">Google Chrome<\/a><\/p>\n<p><a href=\"https:\/\/support.mozilla.org\/es\/kb\/cookies-informacion-que-los-sitios-web-guardan-en-?s=cookies&amp;r=1&amp;as=s\">Mozilla Firefox<\/a><\/p>\n<p><a href=\"https:\/\/support.microsoft.com\/kb\/196955\">Internet Explorer<\/a><\/p>\n<p><a href=\"https:\/\/support.apple.com\/kb\/PH5049\">Safari<\/a><\/p>\n\n\t\t<\/div> \n\t<\/div> \n\t\t<\/div> \n\t<\/div> <\/div><div class=\"dfd-row-bg-overlay\" style=\"opacity: 0.8;\"><\/div><\/div>\n<\/div>","protected":false},"excerpt":{"rendered":"\u00bfQu\u00e9 es una cookie? En 100% Plumbing cumplimos con la ley espa\u00f1ola \u00abLey de Servicios de la Sociedad de la Informaci\u00f3n y Comercio Electr\u00f3nico\u00bb, una normativa que ha entrado en vigor.","protected":false},"author":3,"featured_media":0,"parent":0,"menu_order":0,"comment_status":"closed","ping_status":"closed","template":"","meta":{"_seopress_robots_primary_cat":"","_seopress_titles_title":"Cookie Policy | 100% PlumbingCookie Policy | 100% Plumbing","_seopress_titles_desc":"This policy explains the cookies we use, their purpose and duration, and how to change your preferences on 100percentplumbing.com.","_seopress_robots_index":"","footnotes":""},"class_list":["post-558","page","type-page","status-publish","hentry"],"_links":{"self":[{"href":"https:\/\/www.100percentplumbing.com\/es\/wp-json\/wp\/v2\/pages\/558","targetHints":{"allow":["GET"]}}],"collection":[{"href":"https:\/\/www.100percentplumbing.com\/es\/wp-json\/wp\/v2\/pages"}],"about":[{"href":"https:\/\/www.100percentplumbing.com\/es\/wp-json\/wp\/v2\/types\/page"}],"author":[{"embeddable":true,"href":"https:\/\/www.100percentplumbing.com\/es\/wp-json\/wp\/v2\/users\/3"}],"replies":[{"embeddable":true,"href":"https:\/\/www.100percentplumbing.com\/es\/wp-json\/wp\/v2\/comments?post=558"}],"version-history":[{"count":0,"href":"https:\/\/www.100percentplumbing.com\/es\/wp-json\/wp\/v2\/pages\/558\/revisions"}],"wp:attachment":[{"href":"https:\/\/www.100percentplumbing.com\/es\/wp-json\/wp\/v2\/media?parent=558"}],"curies":[{"name":"wp","href":"https:\/\/api.w.org\/{rel}","templated":true}]}}