{"id":556,"date":"2019-10-18T10:38:24","date_gmt":"2019-10-18T10:38:24","guid":{"rendered":"https:\/\/www.100percentplumbing.com\/?page_id=556"},"modified":"2025-08-22T06:28:54","modified_gmt":"2025-08-22T06:28:54","slug":"aviso-legal","status":"publish","type":"page","link":"https:\/\/www.100percentplumbing.com\/es\/aviso-legal\/","title":{"rendered":"Aviso legal"},"content":{"rendered":"<div class=\"wpb-content-wrapper\"><div  class=\"vc_row vc-row-wrapper\" data-parallax_sense=\"30\"><div class=\"wpb_row row\" >\n\t<div class=\"twelve columns vc-column-extra-class-69f3d356cafca\" data-parallax_sense=\"30\">\n\t\t<div class=\"wpb_wrapper\">\n\t\t\t\n\t<div class=\"wpb_text_column wpb_content_element\" >\n\t\t<div class=\"wpb_wrapper\">\n\t\t\t<p>En cumplimiento del deber de informaci\u00f3n previsto en el art\u00edculo 10 de la Ley 34\/2002, de 11 de julio, de Servicios de la Sociedad de la Informaci\u00f3n y de Comercio Electr\u00f3nico, One Hundred Percent Plumbing, S.L., en calidad de titular del sitio web WWW.100percentplumbing.com, informa de lo siguiente:<\/p>\n<p><strong>1. Datos identificativos<\/strong><br \/>\n\u2013 Denominaci\u00f3n social: One Hundred Percent Plumbing S.L.<br \/>\n\u2013 Domicilio social: Urb. La Empedrola 2-O, 03710 Calpe<br \/>\n\u2013 CIF [N\u00famero de identificaci\u00f3n fiscal]: B53573234<br \/>\n\u2013 Direcci\u00f3n de correo electr\u00f3nico: info@100percentconstruction.com<br \/>\n\u2013 N\u00famero de tel\u00e9fono: (+34) 965 835 939<br \/>\n\u2013 Datos de inscripci\u00f3n en el Registro Mercantil de Alicante: Tomo 2440, Libro 0, Folio 69, Secci\u00f3n 8, Hoja: a 64896 Inscripci\u00f3n 3.<\/p>\n<p>Esta informaci\u00f3n comprende y regula las condiciones de uso, las limitaciones de responsabilidad y las obligaciones que los usuarios de la p\u00e1gina web publicada bajo el nombre de dominio WWW.100percentplumbing.com asumen y se comprometen a respetar.<\/p>\n<p><strong>2. Definiciones<\/strong><br \/>\n<strong>\u00abP\u00e1gina\u00bb<\/strong>, dominio WWW.100percentplumbing.com puesto a disposici\u00f3n de los usuarios de Internet.<br \/>\n<strong>\u00abUsuario\u00bb<\/strong>, persona f\u00edsica o jur\u00eddica que utiliza o navega por la P\u00e1gina.<br \/>\n<strong>\u00abContenido\u00bb<\/strong>, p\u00e1ginas que constituyen la totalidad del dominio WWW.100percentplumbing.com, que comprenden la informaci\u00f3n y los servicios que One Hundred Percent Plumbing, S.L. pone a disposici\u00f3n de los usuarios de Internet. Contienen los mensajes, textos, fotograf\u00edas, gr\u00e1ficos, iconos, logotipos, tecnolog\u00eda, enlaces, texturas, ilustraciones, archivos de sonido y\/o imagen, grabaciones, software, apariencia, dise\u00f1o gr\u00e1fico, c\u00f3digos fuente y, en general, cualquier tipo de material contenido en la P\u00e1gina.<br \/>\n<strong>\u00abWeb\u00bb<\/strong>, t\u00e9rmino t\u00e9cnico que describe el sistema de acceso a la informaci\u00f3n a trav\u00e9s de Internet, que se configura mediante p\u00e1ginas creadas con lenguaje HTML o similar, y mecanismos de programaci\u00f3n como Java, JavaScript, PHP u otros, etc. Estas p\u00e1ginas, dise\u00f1adas y publicadas bajo un nombre de dominio de Internet, son el resultado de la informaci\u00f3n que el propietario proporciona a los usuarios de Internet.<br \/>\n<strong>\u00abHiperv\u00ednculo\u00bb<\/strong>, t\u00e9cnica que permite al Usuario navegar por diferentes p\u00e1ginas web, o por Internet, haciendo clic sobre el texto, icono, bot\u00f3n o indicativo que contiene el enlace.<br \/>\n<strong>\u00abCookies\u00bb<\/strong>, medios t\u00e9cnicos de \u00abrastreo\u00bb y seguimiento de la navegaci\u00f3n por sitios web. Son peque\u00f1os archivos de texto que se escriben en el ordenador del usuario. Este m\u00e9todo tiene implicaciones para la privacidad, por lo que One Hundred Percent Plumbing, S.L. lo notificar\u00e1 debidamente cuando se implemente en la P\u00e1gina.<\/p>\n<p><strong>3. Usuarios | Condiciones de uso<\/strong><br \/>\nEl acceso y\/o uso de este sitio web WWW.100percentplumbing.com atribuye la condici\u00f3n de USUARIO, quien, al acceder y\/o utilizar el sitio, acepta las presentes condiciones de uso, sin reserva alguna de todas y cada una de las cl\u00e1usulas y condiciones generales incluidas en el Aviso Legal.<br \/>\nSi el Usuario no est\u00e1 de acuerdo con las cl\u00e1usulas y condiciones de uso del presente Aviso Legal, no deber\u00e1 utilizar la P\u00e1gina.<\/p>\n<p><strong>4. Uso del sitio web<\/strong><br \/>\nWWW.100percentplumbing.com proporciona acceso a art\u00edculos, informaci\u00f3n y datos (en adelante, \u00abEL CONTENIDO\u00bb) propiedad de One Hundred Percent Plumbing, S.L. El USUARIO asume la responsabilidad del uso que realice de la web.<br \/>\nAlgunas p\u00e1ginas del sitio web (WWW.100percentplumbing.com) pueden permitir la participaci\u00f3n mediante comentarios. As\u00ed, cualquier usuario puede enviar textos utilizando el formulario disponible para tal fin. Al enviar dichos textos haciendo clic en el enlace correspondiente, el USUARIO se compromete y acepta hacer un uso adecuado de los contenidos que WWW.100percentplumbing.com ofrece en su web y no utilizarlos para:<\/p>\n<p>(i) realizar actividades que puedan considerarse il\u00edcitas, ilegales o contrarias a la buena fe y al orden p\u00fablico.<br \/>\n(ii) difundir contenidos o propaganda de car\u00e1cter racista, xen\u00f3fobo, pornogr\u00e1fico-ilegal, que incite al terrorismo o atente contra los derechos humanos.<br \/>\n(iii) Causar da\u00f1os en los sistemas f\u00edsicos y l\u00f3gicos de WWW.100percentplumbing.com, de sus proveedores o de terceros, introduciendo o difundiendo en la red o en cualquier otro sistema f\u00edsico o l\u00f3gico, virus inform\u00e1ticos u otros que sean susceptibles de provocar los da\u00f1os mencionados.<br \/>\n(iv) intentar acceder y, por lo tanto, utilizar las direcciones de correo electr\u00f3nico de otros usuarios y modificar o manipular sus mensajes.<br \/>\n(v) En resumen, respetar la legislaci\u00f3n aplicable y las normas morales y buenas pr\u00e1cticas generalmente aceptadas, el orden p\u00fablico y las presentes condiciones generales de acceso y uso.<\/p>\n<p>A tal efecto, el USUARIO se obliga y compromete a NO utilizar ninguno de los Contenidos con fines o efectos il\u00edcitos, prohibidos por el Aviso Legal o por la legislaci\u00f3n vigente, lesivos de los derechos e intereses de terceros o que de cualquier forma puedan da\u00f1ar, inutilizar, sobrecargar, deteriorar o impedir la normal utilizaci\u00f3n de los Contenidos, equipos inform\u00e1ticos o documentos, archivos y cualquier tipo de contenido almacenado en cualquier ordenador o en los ordenadores de One Hundred Percent Plumbing, S.L., en los ordenadores de otros Usuarios o en cualquier ordenador de usuarios de Internet (hardware y software).<br \/>\nEl USUARIO se obliga y compromete a no comunicar, difundir o poner a disposici\u00f3n de terceros ning\u00fan tipo de material contenido en la P\u00e1gina, como informaci\u00f3n, textos, datos, contenidos, mensajes, gr\u00e1ficos, ilustraciones, archivos de sonido y\/o imagen, fotograf\u00edas, grabaciones, software, logotipos, marcas, iconos, tecnolog\u00eda, fotograf\u00edas, software, enlaces, dise\u00f1o gr\u00e1fico y c\u00f3digos fuente, o cualquier otro material al que tenga acceso como Usuario de la P\u00e1gina, incluyendo, pero sin limitarse a esta lista.<\/p>\n<p>En consecuencia, en cumplimiento de lo anterior, EL USUARIO no deber\u00e1:<\/p>\n<p>\u2013 Reproducir, copiar, distribuir, poner a disposici\u00f3n o comunicar p\u00fablicamente, transformar o modificar los Contenidos sin el consentimiento expreso y por escrito de One Hundred Percent Plumbing, S.L., titular de los derechos correspondientes, o salvo que est\u00e9 legalmente permitido.<br \/>\n\u2013 Eliminar, manipular o alterar de cualquier forma el \u00abcopyright\u00bb y dem\u00e1s informaci\u00f3n identificativa relativa a los derechos reservados por One Hundred Percent Plumbing, S.L. o sus titulares, las huellas digitales y\/o identificadores, o cualquier otro medio t\u00e9cnico previsto para su reconocimiento.<br \/>\n\u2013 El Usuario se abstendr\u00e1 de obtener o intentar obtener Contenidos por cualquier medio o procedimiento distinto de los que, en cada caso, se establezcan o indiquen como aptos para ello en la p\u00e1gina web en la que se encuentren los Contenidos o, en general, de cualquier medio utilizado habitualmente en Internet para tal fin y que no entra\u00f1e ning\u00fan riesgo de da\u00f1ar o inutilizar la P\u00e1gina y\/o los Contenidos.<\/p>\n<p>Asimismo, EL USUARIO reconoce:<\/p>\n<p>\u2013 Que One Hundred Percent Plumbing, S.L. no se hace responsable, en modo alguno, de las opiniones expresadas por los usuarios, quienes participan bajo su exclusiva responsabilidad.<br \/>\n\u2013 Que los comentarios de los usuarios no representan las opiniones de One Hundred Percent Plumbing, S.L., sus socios o empleados.<br \/>\n\u2013 Que One Hundred Percent Plumbing, S.L. no garantiza, en ning\u00fan caso, la publicaci\u00f3n de los contenidos enviados por los usuarios. A tal efecto, todos los comentarios recibidos ser\u00e1n revisados autom\u00e1ticamente por un filtro antispam y moderados, en cuanto a su forma, por un administrador del sitio web, quien, en todo caso, actuar\u00e1 de manera que se respete la libertad democr\u00e1tica de expresi\u00f3n e informaci\u00f3n.<\/p>\n<p>Asimismo, One Hundred Percent Plumbing, S.L. se reserva el derecho de eliminar todos los comentarios y aportaciones que atenten contra el respeto a la dignidad de las personas, ya sean discriminatorios, xen\u00f3fobos, racistas, pornogr\u00e1ficos, contra la juventud o la infancia, el orden p\u00fablico o la seguridad, o que, a juicio de la empresa, no sean adecuados para su publicaci\u00f3n.<br \/>\nEn cualquier caso, WWW.100percentconstruction.com no se hace responsable de las opiniones expresadas por los usuarios en el blog u otras herramientas de colaboraci\u00f3n que puedan crearse, de conformidad con la normativa aplicable.<\/p>\n<p><strong>5. Pol\u00edtica de privacidad. Protecci\u00f3n de datos <\/strong><br \/>\nOne Hundred Percent Plumbing, S.L. es consciente de la importancia de la protecci\u00f3n de datos, as\u00ed como de la privacidad del USUARIO, y por ello ha implementado una pol\u00edtica de tratamiento de datos orientada a proporcionar la m\u00e1xima seguridad en el uso y recogida de estos datos, garantizando el cumplimiento de la legislaci\u00f3n vigente en la materia y convirtiendo esta pol\u00edtica en uno de los fundamentos b\u00e1sicos de la actuaci\u00f3n de la empresa. Por ello, One Hundred Percent Plumbing, S.L. considera de obligatoria lectura su \u00abPol\u00edtica de Privacidad\u00bb.<\/p>\n<p><strong>6. Hiperv\u00ednculo<\/strong><br \/>\nComo servicio para nuestros visitantes, nuestro sitio web puede incluir hiperv\u00ednculos a otros sitios que no son operados ni controlados por One Hundred Percent Plumbing, S.L. Por este motivo, One Hundred Percent Plumbing, S.L. no garantiza ni se responsabiliza de la legalidad, fiabilidad, utilidad, veracidad o actualidad de los contenidos de estos sitios web ni de sus pr\u00e1cticas de privacidad. Tenga en cuenta que, antes de facilitar sus datos personales a sitios web distintos de WWW.100percentconstruction.com, sus pr\u00e1cticas de privacidad pueden diferir de las nuestras.<br \/>\nDel mismo modo, aquellas personas que tengan la intenci\u00f3n de establecer hiperv\u00ednculos entre su p\u00e1gina web y la nuestra (WWW.100percentconstruction.com) deber\u00e1n observar y cumplir las siguientes condiciones:<\/p>\n<p>\u2013 No ser\u00e1 necesaria la autorizaci\u00f3n previa si el hiperv\u00ednculo solo permite el acceso a la p\u00e1gina de inicio, pero no la reproduce de ninguna manera. Cualquier otra forma de hiperv\u00ednculo requerir\u00e1 la autorizaci\u00f3n expresa e inequ\u00edvoca por escrito de One Hundred Percent Plumbing, S.L.<br \/>\n\u2013 No se crear\u00e1n \u00abmarcos\u00bb con o en las p\u00e1ginas web de One Hundred Percent Plumbing, S.L.<br \/>\n\u2013 No se realizar\u00e1n declaraciones o indicaciones falsas, inexactas u ofensivas sobre One Hundred Percent Plumbing, S.L., sus directivos, empleados o colaboradores, ni sobre personas vinculadas a la P\u00e1gina por cualquier motivo, los Usuarios de la P\u00e1gina o los Contenidos ofrecidos.<br \/>\n\u2013 No se indicar\u00e1 ni insinuar\u00e1 que One Hundred Percent Plumbing, S.L. ha autorizado el hiperv\u00ednculo o que ha supervisado o aceptado, de cualquier forma, los contenidos suministrados o puestos a disposici\u00f3n en la p\u00e1gina web a la que se establece el hiperv\u00ednculo.<br \/>\n\u2013 La p\u00e1gina web en la que se establezca el hiperv\u00ednculo solo deber\u00e1 contener lo estrictamente necesario para identificar el destino del hiperv\u00ednculo.<br \/>\n\u2013 La p\u00e1gina web en la que se establezca el hiperv\u00ednculo no deber\u00e1 contener informaci\u00f3n y contenidos il\u00edcitos y contrarios a las buenas costumbres, al orden p\u00fablico y a las buenas pr\u00e1cticas generalmente aceptadas, ni contenidos contrarios a derechos de terceros de cualquier tipo.<\/p>\n<p><strong>7. Modificaci\u00f3n del aviso legal<\/strong><br \/>\nCon el fin de mejorar el servicio de la p\u00e1gina web, One Hundred Percent Plumbing, S.L. se reserva el derecho a realizar, en cualquier momento y sin necesidad de previo aviso, modificaciones y actualizaciones de la informaci\u00f3n contenida en la p\u00e1gina web, de su configuraci\u00f3n y dise\u00f1o, as\u00ed como de este aviso legal, adem\u00e1s de cualquier otra condici\u00f3n espec\u00edfica. Por lo tanto, EL USUARIO deber\u00e1 leer el Aviso Legal cada vez que acceda a la P\u00e1gina.<\/p>\n<p><strong>8. Propiedad intelectual \/ industrial<\/strong><br \/>\nOne Hundred Percent Plumbing, S.L. es titular de todos los derechos de propiedad intelectual e industrial de su p\u00e1gina web, as\u00ed como de los elementos contenidos en la misma (incluidas, a t\u00edtulo enunciativo, im\u00e1genes, sonido, audio, v\u00eddeo, software o textos, marcas o logotipos, combinaciones de colores, estructura y dise\u00f1o, selecci\u00f3n de materiales utilizados, programas inform\u00e1ticos necesarios para su funcionamiento, acceso y uso, etc.). Estos pertenecen a One Hundred Percent Plumbing, S.L. o a sus licenciantes, todos los derechos reservados.<br \/>\nCualquier uso no autorizado previamente por One Hundred Percent Plumbing, S.L., se considerar\u00e1 una violaci\u00f3n grave de los derechos de propiedad intelectual o industrial del autor.<br \/>\nEL USUARIO se compromete a respetar los derechos de Propiedad Intelectual e Industrial titularidad de One Hundred Percent Plumbing, S.L. Podr\u00e1 visualizar los elementos de la web e incluso imprimirlos, copiarlos y almacenarlos en el disco duro de su ordenador o en cualquier otro soporte f\u00edsico, siempre y cuando sea para su uso personal y privado. El USUARIO se abstendr\u00e1 de suprimir, alterar, eludir o manipular cualquier dispositivo de protecci\u00f3n o sistema de seguridad instalado en las p\u00e1ginas de One Hundred Percent Plumbing, S.L. Todas las marcas, nombres comerciales o signos distintivos de cualquier clase que aparecen en la P\u00e1gina son propiedad de One Hundred Percent Plumbing, S.L. o, en su caso, de terceros que han autorizado su uso. No se entender\u00e1 que el uso o acceso al Portal y\/o a los Contenidos confiere al Usuario ning\u00fan derecho sobre las citadas marcas, nombres comerciales y\/o signos distintivos, ni que se han cedido a los Usuarios derechos de explotaci\u00f3n existentes o potenciales sobre dichos Contenidos.<br \/>\nAsimismo, los Contenidos son propiedad intelectual de One Hundred Percent Plumbing, S.L. o, en su caso, de terceros. Por lo tanto, los derechos de propiedad intelectual pertenecen a One Hundred Percent Plumbing, S.L. o a terceros que han autorizado su uso, y son ellos quienes ejercen en exclusiva los derechos de explotaci\u00f3n de dichos Contenidos en cualquier forma, especialmente los derechos de reproducci\u00f3n, distribuci\u00f3n, comunicaci\u00f3n p\u00fablica y transformaci\u00f3n. Queda expresamente prohibida la reproducci\u00f3n, distribuci\u00f3n y comunicaci\u00f3n p\u00fablica, incluyendo cualquier forma de puesta a disposici\u00f3n, total o parcial, de los contenidos de esta p\u00e1gina web, con fines comerciales, utilizando cualquier formato o medio t\u00e9cnico, sin la autorizaci\u00f3n de One Hundred Percent Plumbing, S.L.<br \/>\nEl uso no autorizado de la informaci\u00f3n contenida en la Web, as\u00ed como la vulneraci\u00f3n de los derechos de Propiedad Intelectual o Industrial de One Hundred Percent Plumbing, S.L. o de terceros incluidos en la P\u00e1gina que hayan cedido contenidos, dar\u00e1 lugar a las responsabilidades legalmente establecidas.<\/p>\n<p><strong>9. Cookies<\/strong><br \/>\nLas cookies son el medio t\u00e9cnico para \u00abrastrear\u00bb y monitorizar la navegaci\u00f3n por los sitios web. Se trata de peque\u00f1os archivos de texto que se escriben en el ordenador del usuario. Este m\u00e9todo tiene implicaciones para la privacidad, por lo que One Hundred Percent Plumbing, S.L. informa de que puede utilizar cookies para elaborar estad\u00edsticas sobre el uso del sitio web, as\u00ed como para identificar el ordenador del usuario, lo que permite su reconocimiento en futuras visitas. En cualquier caso, el usuario puede configurar el navegador para que no permita el uso de cookies en sus futuras visitas al sitio web.<br \/>\nOne Hundred Percent Plumbing, S.L. es consciente de la importancia de la protecci\u00f3n de datos, as\u00ed como de la privacidad del USUARIO, y, por ello, insiste en que se lea la \u00abPol\u00edtica de cookies\u00bb.<\/p>\n<p><strong>10. Disponibilidad de la p\u00e1gina<\/strong><br \/>\nOne Hundred Percent Plumbing, S.L. no puede garantizar la ausencia de interrupciones o errores en el acceso a la P\u00e1gina o a sus Contenidos, ni que estos Contenidos est\u00e9n actualizados, sin embargo, har\u00e1 todo lo posible, seg\u00fan corresponda, para evitarlos, rectificarlos o actualizarlos. En consecuencia, One Hundred Percent Plumbing, S.L. no asume ninguna responsabilidad por los da\u00f1os y perjuicios de cualquier naturaleza causados al USUARIO por errores o desconexiones en las redes de telecomunicaciones que provoquen la suspensi\u00f3n, cancelaci\u00f3n o interrupci\u00f3n del servicio del Portal antes o durante la prestaci\u00f3n de los servicios.<br \/>\nOne Hundred Percent Plumbing, S.L. excluye, con las excepciones previstas en la legislaci\u00f3n vigente, toda responsabilidad por los da\u00f1os y perjuicios de cualquier naturaleza que puedan derivarse de la falta de disponibilidad, continuidad o calidad del funcionamiento de la P\u00e1gina y de los Contenidos, as\u00ed como del incumplimiento de las expectativas de uso que los usuarios hayan podido depositar en la P\u00e1gina y en los Contenidos.<br \/>\nLa funci\u00f3n exclusiva de los hiperv\u00ednculos que aparecen en esta web es informar al usuario sobre otras webs que contienen informaci\u00f3n relacionada con el tema. Dichos hiperv\u00ednculos no constituyen ninguna sugerencia ni recomendaci\u00f3n.<br \/>\nOne Hundred Percent Plumbing, S.L. no se hace responsable de los errores de seguridad que se puedan producir ni de los posibles da\u00f1os causados al sistema inform\u00e1tico del usuario (hardware y software), o a los ficheros o documentos almacenados en el mismo, como consecuencia de:<\/p>\n<p>La presencia de un virus en el ordenador del usuario, utilizado para conectarse a los servicios y contenidos del sitio web,<br \/>\nFallos del navegador o uso de versiones no actualizadas del mismo.<\/p>\n<p>One Hundred Percent Plumbing, S.L. no se hace responsable del contenido de estas p\u00e1ginas enlazadas, del funcionamiento o la utilizaci\u00f3n de los hiperv\u00ednculos, ni del resultado de dichos enlaces, ni garantiza la ausencia de virus u otros elementos que puedan producir alteraciones en el sistema inform\u00e1tico (hardware y software), en los documentos o en los ficheros del usuario, excluyendo cualquier responsabilidad por los da\u00f1os y perjuicios de cualquier naturaleza causados al usuario por este motivo.<br \/>\nEl acceso a la P\u00e1gina no implica la obligaci\u00f3n por parte de One Hundred Percent Plumbing, S.L. de controlar la ausencia de virus, gusanos o cualquier otro elemento inform\u00e1tico da\u00f1ino. Sea como fuere, es responsabilidad del Usuario utilizar herramientas adecuadas para la detecci\u00f3n y desinfecci\u00f3n de programas inform\u00e1ticos da\u00f1inos, por lo que One Hundred Percent Plumbing, S.L. no se hace responsable de los posibles errores de seguridad que se puedan producir durante la prestaci\u00f3n del servicio de la P\u00e1gina, ni de los posibles da\u00f1os que puedan causarse en los sistemas inform\u00e1ticos (hardware y software), archivos o documentos almacenados en el usuario o en terceros, como consecuencia de la presencia de virus en el ordenador del usuario, utilizado para conectarse a los servicios y contenidos de la Web, de un mal funcionamiento del navegador o del uso de versiones no actualizadas.<\/p>\n<p><strong>11. Calidad de la p\u00e1gina<\/strong><br \/>\nDado el contexto din\u00e1mico y cambiante de la informaci\u00f3n y los servicios ofrecidos por la P\u00e1gina, One Hundred Percent Plumbing, S.L. realiza todos los esfuerzos posibles, pero no garantiza la plena veracidad, exactitud, fiabilidad, utilidad y\/o actualidad de los Contenidos.<br \/>\nLa informaci\u00f3n contenida en las p\u00e1ginas que componen este Portal tiene \u00fanicamente car\u00e1cter informativo, consultivo, informativo y publicitario. En ning\u00fan caso ofrecen ni implican compromiso vinculante o contractual.<br \/>\nOne Hundred Percent Plumbing, S.L. excluye toda responsabilidad por las decisiones tomadas por EL USUARIO bas\u00e1ndose en esta informaci\u00f3n, as\u00ed como por los posibles errores tipogr\u00e1ficos que puedan contener los documentos y archivos de esta P\u00e1gina. La informaci\u00f3n est\u00e1 sujeta a posibles cambios peri\u00f3dicos, sin previo aviso, de su contenido debido a la ampliaci\u00f3n, mejora, correcci\u00f3n o actualizaci\u00f3n de los Contenidos.<\/p>\n<p><strong>12. Disponibilidad de los contenidos<\/strong><br \/>\nLa prestaci\u00f3n del servicio de la P\u00e1gina y de sus Contenidos tiene, por regla general, una duraci\u00f3n indefinida. No obstante, One Hundred Percent Plumbing, S.L. est\u00e1 facultada para interrumpir o suspender la prestaci\u00f3n del servicio de la P\u00e1gina y\/o de cualquiera de sus Contenidos en cualquier momento. Siempre que sea razonablemente posible, One Hundred Percent Plumbing, S.L. proceder\u00e1 a notificar previamente la interrupci\u00f3n o suspensi\u00f3n de la P\u00e1gina.<\/p>\n<p><strong>13. Jurisdicci\u00f3n<\/strong><br \/>\nPara todas las cuestiones que puedan surgir en relaci\u00f3n con la interpretaci\u00f3n, aplicaci\u00f3n y cumplimiento del presente Aviso Legal, as\u00ed como las reclamaciones que puedan derivarse de su uso, todas las partes implicadas se someten a los Jueces y Tribunales de Alicante, renunciando expresamente a cualquier otro c\u00f3digo regional de leyes que pudiera ser de aplicaci\u00f3n.<\/p>\n<p><strong>14. Legislaci\u00f3n aplicable<\/strong><br \/>\nEstas condiciones se rigen por la legislaci\u00f3n espa\u00f1ola.<br \/>\nTodos los derechos reservados al autor de las leyes y tratados internacionales sobre propiedad intelectual. Queda expresamente prohibida su copia, reproducci\u00f3n o difusi\u00f3n total o parcial, por cualquier medio.<\/p>\n\n\t\t<\/div> \n\t<\/div> \n\t\t<\/div> \n\t<\/div> <\/div><div class=\"dfd-row-bg-overlay\" style=\"opacity: 0.8;\"><\/div><\/div>\n<\/div>","protected":false},"excerpt":{"rendered":"In compliance with the duty of information pursuant to article 10 of the Act 34\/2002, of 11 July, on Information Society and E-Commerce Services, One Hundred Percent Plumbing, S.L., acting","protected":false},"author":3,"featured_media":0,"parent":0,"menu_order":0,"comment_status":"closed","ping_status":"closed","template":"","meta":{"_seopress_robots_primary_cat":"","_seopress_titles_title":"Legal Notice | 100% Plumbing Official Website","_seopress_titles_desc":"Legal notice of 100% Plumbing: company details, terms of use, rights, responsibilities, data protection and applicable regulations.","_seopress_robots_index":"","footnotes":""},"class_list":["post-556","page","type-page","status-publish","hentry"],"_links":{"self":[{"href":"https:\/\/www.100percentplumbing.com\/es\/wp-json\/wp\/v2\/pages\/556","targetHints":{"allow":["GET"]}}],"collection":[{"href":"https:\/\/www.100percentplumbing.com\/es\/wp-json\/wp\/v2\/pages"}],"about":[{"href":"https:\/\/www.100percentplumbing.com\/es\/wp-json\/wp\/v2\/types\/page"}],"author":[{"embeddable":true,"href":"https:\/\/www.100percentplumbing.com\/es\/wp-json\/wp\/v2\/users\/3"}],"replies":[{"embeddable":true,"href":"https:\/\/www.100percentplumbing.com\/es\/wp-json\/wp\/v2\/comments?post=556"}],"version-history":[{"count":0,"href":"https:\/\/www.100percentplumbing.com\/es\/wp-json\/wp\/v2\/pages\/556\/revisions"}],"wp:attachment":[{"href":"https:\/\/www.100percentplumbing.com\/es\/wp-json\/wp\/v2\/media?parent=556"}],"curies":[{"name":"wp","href":"https:\/\/api.w.org\/{rel}","templated":true}]}}