{"id":348,"date":"2019-09-19T12:37:17","date_gmt":"2019-09-19T12:37:17","guid":{"rendered":"https:\/\/www.100percentplumbing.com\/?page_id=348"},"modified":"2025-08-22T06:30:39","modified_gmt":"2025-08-22T06:30:39","slug":"numeros-de-telefono-de-servicio","status":"publish","type":"page","link":"https:\/\/www.100percentplumbing.com\/es\/numeros-de-telefono-de-servicio\/","title":{"rendered":"N\u00fameros de tel\u00e9fono de servicio"},"content":{"rendered":"<div class=\"wpb-content-wrapper\"><div  class=\"vc_row vc-row-wrapper vc_custom_1568742584158\" data-parallax_sense=\"30\"><div class=\"wpb_row row\" >\n\t<div class=\"twelve columns vc-column-extra-class-69ee3c6ecd034\" data-parallax_sense=\"30\">\n\t\t<div class=\"wpb_wrapper\">\n\t\t\t<div class=\"dfd-heading-shortcode\"><div class=\"dfd-heading-module-wrap  text-center style_02 cr-animate-gen dfd-heading-69ee3c6ecd1d1 dfd-disable-resposive-headings\" id=\"dfd-heading-69ee3c6ecd1d1\" data-animate-type = \"transition.flipXIn\" ><div class=\"inline-block\"><div class=\"dfd-heading-module\"><h2 class=\"widget-sub-title dfd-sub-title\" style=\"\">100% Fontaner\u00eda, tus fontaneros en la Costa Blanca<\/h2><h3 class=\"widget-title dfd-title\" style=\"\">N\u00fameros de tel\u00e9fono de atenci\u00f3n al cliente<\/p>\n<p><\/h3><div class=\"dfd-heading-delimiter dfd-img-lazy-load\"><\/div><\/div><\/div><\/div><script type=\"text\/javascript\">\r\n\t\t\t\t\t\t\t\t\t(function($) {\r\n\t\t\t\t\t\t\t\t\t\t$(\"head\").append(\"<style>.dfd-heading-69ee3c6ecd1d1.dfd-heading-module-wrap .dfd-heading-module .dfd-heading-delimiter {border-bottom-style:dashed;border-bottom-width:1px;width:200px;border-bottom-color:#cccccc;}.dfd-heading-69ee3c6ecd1d1.dfd-heading-module-wrap .dfd-heading-module .dfd-heading-delimiter {margin-top:10px;margin-bottom:10px;}<\/style>\");\r\n\t\t\t\t\t\t\t\t\t})(jQuery);\r\n\t\t\t\t\t\t\t\t<\/script><\/div><div class=\"dfd-spacer-module\"  data-units=\"px\" data-wide_resolution=\"1280\" data-wide_size=\"40\" data-normal_resolution=\"1024\" data-normal_size=\"\" data-tablet_resolution=\"800\" data-tablet_size=\"\" data-mobile_resolution=\"480\" data-mobile_size=\"\" style=\"height: 40px;\"><\/div>\n\t\t<\/div> \n\t<\/div> <\/div><div class=\"dfd-row-bg-overlay\" style=\"opacity: 0.8;\"><\/div><\/div><div  class=\"vc_row vc-row-wrapper\" data-parallax_sense=\"30\"><div class=\"wpb_row row\" >\n\t<div class=\"six columns vc-column-extra-class-69ee3c6ecda3c\" data-parallax_sense=\"30\">\n\t\t<div class=\"wpb_wrapper\">\n\t\t\t\r\n\t<div class=\"wpb_single_image wpb_content_element vc_align_left\" >\r\n\t\t<div class=\"wpb_wrapper\">\r\n\t\t\t\r\n\t\t\t<div class=\"vc_single_image-wrapper vc_box_rounded  vc_box_border_grey\" ><img decoding=\"async\" width=\"1200\" height=\"1200\" data-src=\"https:\/\/www.100percentplumbing.com\/wp-content\/uploads\/2019\/11\/100plumbing.jpg\" class=\"vc_single_image-img attachment-full lazyload\" alt=\"Sus fontaneros en la Costa Blanca\" title=\"Fontaner\u00eda general\" data-srcset=\"https:\/\/www.100percentplumbing.com\/wp-content\/uploads\/2019\/11\/100plumbing.jpg 1200w, https:\/\/www.100percentplumbing.com\/wp-content\/uploads\/2019\/11\/100plumbing-150x150.jpg 150w, https:\/\/www.100percentplumbing.com\/wp-content\/uploads\/2019\/11\/100plumbing-300x300.jpg 300w, https:\/\/www.100percentplumbing.com\/wp-content\/uploads\/2019\/11\/100plumbing-768x768.jpg 768w, https:\/\/www.100percentplumbing.com\/wp-content\/uploads\/2019\/11\/100plumbing-1024x1024.jpg 1024w\" data-sizes=\"(max-width: 1200px) 100vw, 1200px\" src=\"data:image\/gif;base64,R0lGODlhAQABAAAAACH5BAEKAAEALAAAAAABAAEAAAICTAEAOw==\" style=\"--smush-placeholder-width: 1200px; --smush-placeholder-aspect-ratio: 1200\/1200;\" \/><\/div>\r\n\t\t\t\r\n\t\t<\/div>\r\n\t<\/div>\r\n<div class=\"dfd-spacer-module\"  data-units=\"px\" data-wide_resolution=\"1280\" data-wide_size=\"40\" data-normal_resolution=\"1024\" data-normal_size=\"40\" data-tablet_resolution=\"800\" data-tablet_size=\"40\" data-mobile_resolution=\"480\" data-mobile_size=\"40\" style=\"height: 40px;\"><\/div>\n\t<div class=\"wpb_text_column wpb_content_element\" >\n\t\t<div class=\"wpb_wrapper\">\n\t\t\t<p><strong>100% Fontaner\u00eda: ofrecemos la mejor relaci\u00f3n calidad-precio y los precios m\u00e1s bajos en fontaner\u00eda en<\/strong> Las siguientes zonas de la Costa Blanca Norte: Finestrat, Altea, Alfaz, Albir, La Nuc\u00eda, Callosa, Jal\u00f3n, Pego, Orba, Benissa, Calpe, Moraira y Teulada, Benitachell, J\u00e1vea, Denia, Oliva y Gand\u00eda.<\/p>\n\n\t\t<\/div> \n\t<\/div> <div class=\"dfd-spacer-module\"  data-units=\"px\" data-wide_resolution=\"1280\" data-wide_size=\"40\" data-normal_resolution=\"1024\" data-normal_size=\"\" data-tablet_resolution=\"800\" data-tablet_size=\"\" data-mobile_resolution=\"480\" data-mobile_size=\"\" style=\"height: 40px;\"><\/div>\n\t\t<\/div> \n\t<\/div> \n\t<div class=\"six columns vc-column-extra-class-69ee3c6ecebe3\" data-parallax_sense=\"30\">\n\t\t<div class=\"wpb_wrapper\">\n\t\t\t\n\t<div class=\"wpb_text_column wpb_content_element\" >\n\t\t<div class=\"wpb_wrapper\">\n\t\t\t<ul>\n<li style=\"margin-bottom: 12px;\">Aparici | 601 117 543 \/ 646 975 576<\/li>\n<li style=\"margin-bottom: 12px;\">Aspe (Fagor) | 902 105 010<\/li>\n<li style=\"margin-bottom: 12px;\">Balay (Servicio t\u00e9cnico) | 96 583 7206 \/ 649 851 566<\/li>\n<li style=\"margin-bottom: 12px;\">Biasi (Servicio t\u00e9cnico) | 96 525 1591<\/li>\n<li style=\"margin-bottom: 12px;\">Chaffoteaux (Alicante Norte) | 96 642 4649<\/li>\n<li style=\"margin-bottom: 12px;\">Chaffoteaux (Alicante Sur) | 96 525 5756<\/li>\n<li style=\"margin-bottom: 12px;\">Cointra | 96 520 4101 \/ 902 402 010 \/ 96 558 3076 \/ 669 887 487 \/ 96 575 0912 \/ 902 158 104 \/ 96 575 0912<\/li>\n<li style=\"margin-bottom: 12px;\">Deter (Desag\u00fces) | 96 583 0126 \/ 629 420 151<\/li>\n<li style=\"margin-bottom: 12px;\">Domusa-Sertec | 96 652 2102<\/li>\n<li style=\"margin-bottom: 12px;\">Ecocarma | 659 710 018 \/ 696 702 472<\/li>\n<li style=\"margin-bottom: 12px;\">Edesa | 96 584 0834<\/li>\n<li style=\"margin-bottom: 12px;\">Electrolux | 96 585 2625<\/li>\n<li style=\"margin-bottom: 12px;\">Euroclima J\u00e1vea S.L. | 96 579 5897 \/ 96 646 1638 \/ 617 487 247 \/ 670 688 918<\/li>\n<li style=\"margin-bottom: 12px;\">Fagor | 96 524 2529 \/ 96 524 2529 (Alicante)<\/li>\n<li style=\"margin-bottom: 12px;\">Ferroli (Alicante-Seimar) | 96 524 3301 \/ 96 524 6740<\/li>\n<li style=\"margin-bottom: 12px;\">Fleck | 96 575 0912 \/ 96 286 9109<\/li>\n<li style=\"margin-bottom: 12px;\">Fujitsu | 96 680 1016 \/ 902 153 991<\/li>\n<li style=\"margin-bottom: 12px;\">Futurgas del Mediterr\u00e1neo | 902 158 292 \/ 96 583 8904 \/ 96 583 6339<\/li>\n<li style=\"margin-bottom: 12px;\">Gasante S.L. | 96 579 1566<\/li>\n<li style=\"margin-bottom: 12px;\">Gasorba S.L. | 96 558 3034<\/li>\n<li style=\"margin-bottom: 12px;\">Giatsu | 673 084 762<\/li>\n<li style=\"margin-bottom: 12px;\">Grupo Benimarco-Limpiezas Benimarco S.L. | 600 488 884<\/li>\n<li style=\"margin-bottom: 12px;\">Haier | 96 584 0834<\/li>\n<li style=\"margin-bottom: 12px;\">Hidraqua (Teulada) | 96 574 0964 \/ 902 250 270<\/li>\n<li style=\"margin-bottom: 12px;\">Hiyasu (Servicio t\u00e9cnico) | 902 153 991<\/li>\n<li style=\"margin-bottom: 12px;\">H\u00fcppe (Servicio t\u00e9cnico) | 609 618 156<\/li>\n<li style=\"margin-bottom: 12px;\">Immergas (Servicio T\u00e9cnico) | 902 158 104 (Alicante)<\/li>\n<li style=\"margin-bottom: 12px;\">Indesit | 96 583 7206<\/li>\n<li style=\"margin-bottom: 12px;\">Junkers | 96 525 5756 (Alicante)<\/li>\n<li style=\"margin-bottom: 12px;\">Junkers-Euroclima | 96 579 5897 (J\u00e1vea-Altea) \/ 617 487 247 \/ 670 688 918<\/li>\n<li style=\"margin-bottom: 12px;\">Junkers (Gand\u00eda) | 96 287 5117<\/li>\n<li style=\"margin-bottom: 12px;\">LG-Futurclima | 96 280 8785 \/ 636 001 825 (Servicio t\u00e9cnico)<\/li>\n<li style=\"margin-bottom: 12px;\">Limpiezas de Tubos Costa Blanca | 96 585 6351 \/ 900 400 123 \/ 637 444 774<\/li>\n<li style=\"margin-bottom: 12px;\">Limpiezas J\u00e1vea | 96 579 3618 \/ 608 861 150 \/ 608 861 153<\/li>\n<li style=\"margin-bottom: 12px;\">Limpiezas Palau | 96 579 0428<\/li>\n<li style=\"margin-bottom: 12px;\">Mitsubishi Electric (Aire acondicionado) | 902 400 744<\/li>\n<li style=\"margin-bottom: 12px;\">Negarra | 94 631 2171 \/ 96 576 7645 \/ 610 539 754 (Ondara)<\/li>\n<li style=\"margin-bottom: 12px;\">Panasonic S.A.T. | 902 153 060<\/li>\n<li style=\"margin-bottom: 12px;\">Roca (Servicio t\u00e9cnico-Sanitarios y calderas) | 902 400 423 \/ 96 559 0889<\/li>\n<li style=\"margin-bottom: 12px;\">Rommer | 96 583 7206<\/li>\n<li style=\"margin-bottom: 12px;\">Samsung (Servicio t\u00e9cnico) | 902 172 678 \/ 96 647 6158 \/ 619 341 035<\/li>\n<li style=\"margin-bottom: 12px;\">Samsung-Smeg | 96 647 6158 \/ 902 172 678<\/li>\n<li style=\"margin-bottom: 12px;\">Sanipro (Servicio t\u00e9cnico) | 96 680 2807 \/ 687 680 475 \/ 600 621 010<\/li>\n<li style=\"margin-bottom: 12px;\">Saunier Duval | 96 517 8231 \/ 96 316 2580 \/ 96 587 0794 \/ 608 460 537<\/li>\n<li style=\"margin-bottom: 12px;\">Servicio T\u00e9cnico Aspes (Servicio T\u00e9cnico) | 96 504 9472<\/li>\n<li style=\"margin-bottom: 12px;\">Servicio T\u00e9cnico Siemens-Bosch Central Alicante (Servicio T\u00e9cnico) | 902 351 352<\/li>\n<li style=\"margin-bottom: 12px;\">Sime (Servicio t\u00e9cnico) | 96 578 1885<\/li>\n<li style=\"margin-bottom: 12px;\">Smeg (Servicio T\u00e9cnico-Alicante) | 96 647 6158 \/ 619 341 035 \/ 96 614 8817<\/li>\n<li style=\"margin-bottom: 12px;\">Strachenova (Servicio t\u00e9cnico) | 96 291 0785 \/ 609 658 201<\/li>\n<li style=\"margin-bottom: 12px;\">Servicio t\u00e9cnico Ecoflame | 629 640 185 \/ 96 517 3943 \/ 96 517 3823<\/li>\n<li style=\"margin-bottom: 12px;\">Servicio t\u00e9cnico LG | 609 694 360 \/ 96 280 1009<\/li>\n<li style=\"margin-bottom: 12px;\">Servicio t\u00e9cnico Neff (Bosch) | 96 583 7206<\/li>\n<li style=\"margin-bottom: 12px;\">Servicio t\u00e9cnico Tifell | 639 623 710<\/li>\n<li style=\"margin-bottom: 12px;\">Servicio t\u00e9cnico Weissman | 96 345 5020 \/ 91 381 2250 \/ 96 349 8832<\/li>\n<li style=\"margin-bottom: 12px;\">Teka | 96 517 0827 \/ 902 111 211<\/li>\n<li style=\"margin-bottom: 12px;\">Thermosat (Fleck) | 96 575 0912 \/ 96 630 5393<\/li>\n<li style=\"margin-bottom: 12px;\">Vaillant Servicio T\u00e9cnico Levante 2009 S.L. | 96 578 5478 (Alicante) \/ 96 346 6280 (Valencia)<\/li>\n<li style=\"margin-bottom: 12px;\">Vitogas | 902 351 168<\/li>\n<li style=\"margin-bottom: 12px;\">Zanussi | 96 584 0834<\/li>\n<\/ul>\n\n\t\t<\/div> \n\t<\/div> \n\t\t<\/div> \n\t<\/div> <\/div><div class=\"dfd-row-bg-overlay\" style=\"opacity: 0.8;\"><\/div><\/div><div  class=\"vc_row vc-row-wrapper vc_custom_1568966275997\" data-parallax_sense=\"30\"><div class=\"wpb_row row\" >\n\t<div class=\"twelve columns vc-column-extra-class-69ee3c6ecf5c4\" data-parallax_sense=\"30\">\n\t\t<div class=\"wpb_wrapper\">\n\t\t\t<div id=\"dfd-button-gradient69ee3c6ecf766-9938\" class=\"dfd-button-gradient-module-wrap\"><div class=\"dfd-button-module  style-2 dfd-button-full-width text-center\" ><a href=\"https:\/\/www.100percentplumbing.com\/es\/contactenos\/\"  class=\"dfd-button-link  dfd-fade\"><span class=\"dfd-button-inner-cover\"><span class=\"dfd-button-text-main\" style=\"font-family:Oswald; font-weight:400; font-style:normal; letter-spacing: 0px; \">Solicite un presupuesto gratuito<\/span><span class=\"dfd-button-border\"><\/span><\/span><\/a><\/div><script type=\"text\/javascript\">(function($) {$(\"head\").append(\"<style>#dfd-button-gradient69ee3c6ecf766-9938 .dfd-button-link .dfd-button-inner-cover:before,#dfd-button-gradient69ee3c6ecf766-9938.dfd-button-gradient-module-wrap .dfd-button-link.dfd-fade .dfd-button-inner-cover:before {background: linear-gradient(to right, #ffa300, #ffba00);}#dfd-button-gradient69ee3c6ecf766-9938 .dfd-button-link .dfd-button-inner-cover:after {background: linear-gradient(to right, #2eadd5, #2d3691);}<\/style>\");})(jQuery);<\/script><\/div><div class=\"dfd-spacer-module\"  data-units=\"px\" data-wide_resolution=\"1280\" data-wide_size=\"60\" data-normal_resolution=\"1024\" data-normal_size=\"\" data-tablet_resolution=\"800\" data-tablet_size=\"\" data-mobile_resolution=\"480\" data-mobile_size=\"\" style=\"height: 60px;\"><\/div><div class=\"dfd-spacer-module\"  data-units=\"px\" data-wide_resolution=\"1280\" data-wide_size=\"60\" data-normal_resolution=\"1024\" data-normal_size=\"\" data-tablet_resolution=\"800\" data-tablet_size=\"\" data-mobile_resolution=\"480\" data-mobile_size=\"\" style=\"height: 60px;\"><\/div><div id=\"testimonial-slider69ee3c6ecfb1c\" class=\"dfd-testimonial-slider   above  align-center\"\r\n\t\t\tdata-autoplay=\"true\"\r\n\t\t\tdata-centered=\"true\"\r\n\t\t\tdata-autoplay_speed=\"5000\"\r\n\t\t\tdata-draggable=\"false\"\r\n\t\t\tdata-start_slide=\"2\"\r\n\t\t\tdata-rtl=\"false\"\r\n\t\t\t\r\n\t\t\t><div class=\"testimonials-thumbs-wrap\" style=\"\"  ><div class=\"testimonials-thumbs-slider\"><a class=\"thumb dfd-img-lazy-load\" ><img decoding=\"async\" src=\"data:image\/svg+xml;charset=utf-8,%3Csvg xmlns%3D'http%3A%2F%2Fwww.w3.org%2F2000%2Fsvg' viewBox%3D'0 0 80 80'%2F%3E\" data-src=\"https:\/\/www.100percentplumbing.com\/wp-content\/themes\/dfd-ronneby\/assets\/img\/no-user.png\" width=\"80\" height=\"80\" alt=\"Image\"  \/><\/a><a class=\"thumb dfd-img-lazy-load\" ><img decoding=\"async\" src=\"data:image\/svg+xml;charset=utf-8,%3Csvg xmlns%3D'http%3A%2F%2Fwww.w3.org%2F2000%2Fsvg' viewBox%3D'0 0 80 80'%2F%3E\" data-src=\"https:\/\/www.100percentplumbing.com\/wp-content\/themes\/dfd-ronneby\/assets\/img\/no-user.png\" width=\"80\" height=\"80\" alt=\"Image\"  \/><\/a><a class=\"thumb dfd-img-lazy-load\" ><img decoding=\"async\" src=\"data:image\/svg+xml;charset=utf-8,%3Csvg xmlns%3D'http%3A%2F%2Fwww.w3.org%2F2000%2Fsvg' viewBox%3D'0 0 80 80'%2F%3E\" data-src=\"https:\/\/www.100percentplumbing.com\/wp-content\/themes\/dfd-ronneby\/assets\/img\/no-user.png\" width=\"80\" height=\"80\" alt=\"Image\"  \/><\/a><a class=\"thumb dfd-img-lazy-load\" ><img decoding=\"async\" src=\"data:image\/svg+xml;charset=utf-8,%3Csvg xmlns%3D'http%3A%2F%2Fwww.w3.org%2F2000%2Fsvg' viewBox%3D'0 0 80 80'%2F%3E\" data-src=\"https:\/\/www.100percentplumbing.com\/wp-content\/themes\/dfd-ronneby\/assets\/img\/no-user.png\" width=\"80\" height=\"80\" alt=\"Image\"  \/><\/a><\/div><\/div><div class=\"testimonials-content-wrap\" ><div class=\"testimonials-slider\"><div class=\"testimonials-content\"><span class=\"icon-wrap\"><i class=\"navicon-quote-right\" ><\/i><\/span><div class=\"text-wrap\" ><div class=\"testimonial-text dfd-testimonial-content\" style=\"\">Profesional, cort\u00e9s y servicial, \u00a1100%! <\/div><\/div><div class=\"wrap-delimiter\"><div class=\"delimiter\" ><\/div><\/div><div class=\"info-box-subtitle subtitle\"  style=\"\">Peter Seymour<\/div><\/div><div class=\"testimonials-content\"><span class=\"icon-wrap\"><i class=\"navicon-quote-right\" ><\/i><\/span><div class=\"text-wrap\" ><div class=\"testimonial-text dfd-testimonial-content\" style=\"\">Un servicio tan eficiente, vinisteis el d\u00eda que hab\u00edamos reservado y llegasteis puntuales.<\/div><\/div><div class=\"wrap-delimiter\"><div class=\"delimiter\" ><\/div><\/div><div class=\"info-box-subtitle subtitle\"  style=\"\">Christine Jones, Monte Pego<\/div><\/div><div class=\"testimonials-content\"><span class=\"icon-wrap\"><i class=\"navicon-quote-right\" ><\/i><\/span><div class=\"text-wrap\" ><div class=\"testimonial-text dfd-testimonial-content\" style=\"\">Me gustar\u00eda destacar la profesionalidad de su personal. Todo el trabajo se llev\u00f3 a cabo con un alto nivel de calidad. No dudar\u00e9 en volver a contratarles o recomendarles en el futuro.<\/div><\/div><div class=\"wrap-delimiter\"><div class=\"delimiter\" ><\/div><\/div><div class=\"info-box-subtitle subtitle\"  style=\"\">Shaun Wager<\/div><\/div><div class=\"testimonials-content\"><span class=\"icon-wrap\"><i class=\"navicon-quote-right\" ><\/i><\/span><div class=\"text-wrap\" ><div class=\"testimonial-text dfd-testimonial-content\" style=\"\">Excelente trabajo y servicio, como siempre, por parte de 100% Plumbing.<\/div><\/div><div class=\"wrap-delimiter\"><div class=\"delimiter\" ><\/div><\/div><div class=\"info-box-subtitle subtitle\"  style=\"\">Derek, Benissa<\/div><\/div><\/div><\/div><\/div>\t\t\t<script type=\"text\/javascript\">\r\n\t\t\t\t(function ($) {\r\n\t\t\t\t\t\"use strict\";\r\n\t\t\t\t\tvar $carousel = $('#testimonial-slider69ee3c6ecfb1c');\r\n\t\t\t\t\t$(document).ready(function () {\r\n\t\t\t\t\t\t$carousel.find('.testimonials-slider').slick({\r\n\t\t\t\t\t\t\tslidesToShow: 1,\r\n\t\t\t\t\t\t\tslidesToScroll: 1,\r\n\t\t\t\t\t\t\tarrows: false,\r\n\t\t\t\t\t\t\tdots: false,\r\n\t\t\t\t\t\t\tfade: false,\r\n\t\t\t\t\t\t\tasNavFor: $carousel.find('.testimonials-thumbs-slider'),\r\n\t\t\t\t\t\t\tcenterPadding: '0',\r\n\t\t\t\t\t\t\tautoplay: $carousel.data('autoplay'),\r\n\t\t\t\t\t\t\tautoplaySpeed: $carousel.data('autoplay_speed'),\r\n\t\t\t\t\t\t\tdraggable: $carousel.data('draggable'),\r\n\t\t\t\t\t\t\tcenterMode: $carousel.data('centered'),\r\n\t\t\t\t\t\t\tinfinite: true,\r\n\t\t\t\t\t\t\trtl: $carousel.data('rtl'),\r\n\t\t\t\t\t\t\tinitialSlide: $carousel.data('start_slide')\r\n\r\n\t\t\t\t\t\t});\r\n\t\t\t\t\t\t$carousel.find('.testimonials-thumbs-slider').slick({\r\n\t\t\t\t\t\t\tslidesToShow: 1,\r\n\t\t\t\t\t\t\tslidesToScroll: 1,\r\n\t\t\t\t\t\t\tasNavFor: $carousel.find('.testimonials-slider'),\r\n\t\t\t\t\t\t\tdots: false,\r\n\t\t\t\t\t\t\tarrows: false,\r\n\t\t\t\t\t\t\tdraggable: false,\r\n\t\t\t\t\t\t\tcenterMode: $carousel.data('centered'),\r\n\t\t\t\t\t\t\tinitialSlide:  $carousel.data('start_slide'),\r\n\t\t\t\t\t\t\tinfinite: true,\r\n\t\t\t\t\t\t\tvariableWidth: true,\r\n\t\t\t\t\t\t\tfocusOnSelect: true,\r\n\t\t\t\t\t\t\trtl: $carousel.data('rtl')\r\n\t\t\t\t\t\t});\r\n\t\t\t\t\t});\r\n\t\t\t\t})(jQuery);\r\n\t\t\t<\/script>\r\n\t\t\t\n\t\t<\/div> \n\t<\/div> <\/div><div class=\"dfd-row-bg-overlay\" style=\"opacity: 0.8;\"><\/div><\/div>\n<\/div>","protected":false},"excerpt":{"rendered":"100% Plumbing, Your Plumbers on the Costa BlancaCustomer Service Phone Numbers 100% Plumbing: offering the best value and lowest prices for plumbing on the following areas in Costa Blanca North","protected":false},"author":3,"featured_media":0,"parent":0,"menu_order":0,"comment_status":"closed","ping_status":"closed","template":"","meta":{"_seopress_robots_primary_cat":"","_seopress_titles_title":"Service Phone Numbers | 100% Plumbing Contact","_seopress_titles_desc":"Find all service phone numbers for 100% Plumbing. Quick contact with our expert team for plumbing, construction, and maintenance support.","_seopress_robots_index":"","footnotes":""},"class_list":["post-348","page","type-page","status-publish","hentry"],"_links":{"self":[{"href":"https:\/\/www.100percentplumbing.com\/es\/wp-json\/wp\/v2\/pages\/348","targetHints":{"allow":["GET"]}}],"collection":[{"href":"https:\/\/www.100percentplumbing.com\/es\/wp-json\/wp\/v2\/pages"}],"about":[{"href":"https:\/\/www.100percentplumbing.com\/es\/wp-json\/wp\/v2\/types\/page"}],"author":[{"embeddable":true,"href":"https:\/\/www.100percentplumbing.com\/es\/wp-json\/wp\/v2\/users\/3"}],"replies":[{"embeddable":true,"href":"https:\/\/www.100percentplumbing.com\/es\/wp-json\/wp\/v2\/comments?post=348"}],"version-history":[{"count":0,"href":"https:\/\/www.100percentplumbing.com\/es\/wp-json\/wp\/v2\/pages\/348\/revisions"}],"wp:attachment":[{"href":"https:\/\/www.100percentplumbing.com\/es\/wp-json\/wp\/v2\/media?parent=348"}],"curies":[{"name":"wp","href":"https:\/\/api.w.org\/{rel}","templated":true}]}}