{"id":346,"date":"2019-09-19T12:36:09","date_gmt":"2019-09-19T12:36:09","guid":{"rendered":"https:\/\/www.100percentplumbing.com\/?page_id=346"},"modified":"2025-08-22T06:36:04","modified_gmt":"2025-08-22T06:36:04","slug":"servicio-de-atencion-al-cliente-de-cepsa","status":"publish","type":"page","link":"https:\/\/www.100percentplumbing.com\/es\/servicio-de-atencion-al-cliente-de-cepsa\/","title":{"rendered":"Servicio de atenci\u00f3n al cliente de Cepsa"},"content":{"rendered":"<div class=\"wpb-content-wrapper\"><div  class=\"vc_row vc-row-wrapper vc_custom_1568742584158\" data-parallax_sense=\"30\"><div class=\"wpb_row row\" >\n\t<div class=\"twelve columns vc-column-extra-class-69ee28af0cdf8\" data-parallax_sense=\"30\">\n\t\t<div class=\"wpb_wrapper\">\n\t\t\t<div class=\"dfd-heading-shortcode\"><div class=\"dfd-heading-module-wrap  text-center style_02 cr-animate-gen dfd-heading-69ee28af0cfd9 dfd-disable-resposive-headings\" id=\"dfd-heading-69ee28af0cfd9\" data-animate-type = \"transition.flipXIn\" ><div class=\"inline-block\"><div class=\"dfd-heading-module\"><h2 class=\"widget-sub-title dfd-sub-title\" style=\"\">100% Fontaner\u00eda, tus fontaneros en la Costa Blanca<\/h2><h3 class=\"widget-title dfd-title\" style=\"\">N\u00fameros de tel\u00e9fono de Cepsa<\/p>\n<p><\/h3><div class=\"dfd-heading-delimiter dfd-img-lazy-load\"><\/div><\/div><\/div><\/div><script type=\"text\/javascript\">\r\n\t\t\t\t\t\t\t\t\t(function($) {\r\n\t\t\t\t\t\t\t\t\t\t$(\"head\").append(\"<style>.dfd-heading-69ee28af0cfd9.dfd-heading-module-wrap .dfd-heading-module .dfd-heading-delimiter {border-bottom-style:dashed;border-bottom-width:1px;width:200px;border-bottom-color:#cccccc;}.dfd-heading-69ee28af0cfd9.dfd-heading-module-wrap .dfd-heading-module .dfd-heading-delimiter {margin-top:10px;margin-bottom:10px;}<\/style>\");\r\n\t\t\t\t\t\t\t\t\t})(jQuery);\r\n\t\t\t\t\t\t\t\t<\/script><\/div><div class=\"dfd-spacer-module\"  data-units=\"px\" data-wide_resolution=\"1280\" data-wide_size=\"40\" data-normal_resolution=\"1024\" data-normal_size=\"\" data-tablet_resolution=\"800\" data-tablet_size=\"\" data-mobile_resolution=\"480\" data-mobile_size=\"\" style=\"height: 40px;\"><\/div>\n\t\t<\/div> \n\t<\/div> <\/div><div class=\"dfd-row-bg-overlay\" style=\"opacity: 0.8;\"><\/div><\/div><div  class=\"vc_row vc-row-wrapper\" data-parallax_sense=\"30\"><div class=\"wpb_row row\" >\n\t<div class=\"six columns vc-column-extra-class-69ee28af0dcd2\" data-parallax_sense=\"30\">\n\t\t<div class=\"wpb_wrapper\">\n\t\t\t\r\n\t<div class=\"wpb_single_image wpb_content_element vc_align_left\" >\r\n\t\t<div class=\"wpb_wrapper\">\r\n\t\t\t\r\n\t\t\t<div class=\"vc_single_image-wrapper vc_box_rounded  vc_box_border_grey\" ><img decoding=\"async\" width=\"457\" height=\"457\" data-src=\"https:\/\/www.100percentplumbing.com\/wp-content\/uploads\/2019\/10\/cepsa.jpg\" class=\"vc_single_image-img attachment-full lazyload\" alt=\"Servicio de atenci\u00f3n al cliente de Cepsa Costa Blanca\" title=\"Cepsa\" data-srcset=\"https:\/\/www.100percentplumbing.com\/wp-content\/uploads\/2019\/10\/cepsa.jpg 457w, https:\/\/www.100percentplumbing.com\/wp-content\/uploads\/2019\/10\/cepsa-150x150.jpg 150w, https:\/\/www.100percentplumbing.com\/wp-content\/uploads\/2019\/10\/cepsa-300x300.jpg 300w\" data-sizes=\"(max-width: 457px) 100vw, 457px\" src=\"data:image\/gif;base64,R0lGODlhAQABAAAAACH5BAEKAAEALAAAAAABAAEAAAICTAEAOw==\" style=\"--smush-placeholder-width: 457px; --smush-placeholder-aspect-ratio: 457\/457;\" \/><\/div>\r\n\t\t\t\r\n\t\t<\/div>\r\n\t<\/div>\r\n<div class=\"dfd-spacer-module\"  data-units=\"px\" data-wide_resolution=\"1280\" data-wide_size=\"40\" data-normal_resolution=\"1024\" data-normal_size=\"40\" data-tablet_resolution=\"800\" data-tablet_size=\"40\" data-mobile_resolution=\"480\" data-mobile_size=\"40\" style=\"height: 40px;\"><\/div>\n\t<div class=\"wpb_text_column wpb_content_element\" >\n\t\t<div class=\"wpb_wrapper\">\n\t\t\t<p><strong>100% Fontaner\u00eda: ofrecemos la mejor relaci\u00f3n calidad-precio y los precios m\u00e1s bajos en fontaner\u00eda en<\/strong> Las siguientes zonas de la Costa Blanca Norte: Finestrat, Altea, Alfaz, Albir, La Nuc\u00eda, Callosa, Jal\u00f3n, Pego, Orba, Benissa, Calpe, Moraira y Teulada, Benitachell, J\u00e1vea, Denia, Oliva y Gand\u00eda.<\/p>\n\n\t\t<\/div> \n\t<\/div> <div class=\"dfd-spacer-module\"  data-units=\"px\" data-wide_resolution=\"1280\" data-wide_size=\"40\" data-normal_resolution=\"1024\" data-normal_size=\"\" data-tablet_resolution=\"800\" data-tablet_size=\"\" data-mobile_resolution=\"480\" data-mobile_size=\"\" style=\"height: 40px;\"><\/div>\n\t\t<\/div> \n\t<\/div> \n\t<div class=\"six columns vc-column-extra-class-69ee28af10aa3\" data-parallax_sense=\"30\">\n\t\t<div class=\"wpb_wrapper\">\n\t\t\t\n\t<div class=\"wpb_text_column wpb_content_element\" >\n\t\t<div class=\"wpb_wrapper\">\n\t\t\t<ul>\n<li style=\"margin-bottom: 12px;\">Cepsa Gas: repostaje de combustible | 902 416 416<\/li>\n<li style=\"margin-bottom: 12px;\">Pedidos de bombonas de gas Cepsa | Gasante 965 791 566 (Marina Alta, incluyendo J\u00e1vea, Moraira y Denia)<\/li>\n<li style=\"margin-bottom: 12px;\">Pedidos de bombonas de gas Cepsa | Futurgas 965 836 339 (zonas de Calpe, Benissa y Altea)<\/li>\n<li style=\"margin-bottom: 12px;\">Oficina de Cepsa en Madrid | c\/ Ribera del Loira n\u00ba50, 1\u00aa planta, Madrid \u2013 913 377 343<\/li>\n<li style=\"margin-bottom: 12px;\">Oficina de Cepsa en Alicante | Ctra. de Oca\u00f1a km 407 n\u00ba 63, Alicante \u2013 965 110 551<\/li>\n<\/ul>\n\n\t\t<\/div> \n\t<\/div> \n\t\t<\/div> \n\t<\/div> <\/div><div class=\"dfd-row-bg-overlay\" style=\"opacity: 0.8;\"><\/div><\/div><div  class=\"vc_row vc-row-wrapper vc_custom_1568966275997\" data-parallax_sense=\"30\"><div class=\"wpb_row row\" >\n\t<div class=\"twelve columns vc-column-extra-class-69ee28af11199\" data-parallax_sense=\"30\">\n\t\t<div class=\"wpb_wrapper\">\n\t\t\t<div id=\"dfd-button-gradient69ee28af112f9-4426\" class=\"dfd-button-gradient-module-wrap\"><div class=\"dfd-button-module  style-2 dfd-button-full-width text-center\" ><a href=\"https:\/\/www.100percentplumbing.com\/es\/contactenos\/\"  class=\"dfd-button-link  dfd-fade\"><span class=\"dfd-button-inner-cover\"><span class=\"dfd-button-text-main\" style=\"font-family:Oswald; font-weight:400; font-style:normal; letter-spacing: 0px; \">Solicite un presupuesto gratuito<\/span><span class=\"dfd-button-border\"><\/span><\/span><\/a><\/div><script type=\"text\/javascript\">(function($) {$(\"head\").append(\"<style>#dfd-button-gradient69ee28af112f9-4426 .dfd-button-link .dfd-button-inner-cover:before,#dfd-button-gradient69ee28af112f9-4426.dfd-button-gradient-module-wrap .dfd-button-link.dfd-fade .dfd-button-inner-cover:before {background: linear-gradient(to right, #ffa300, #ffba00);}#dfd-button-gradient69ee28af112f9-4426 .dfd-button-link .dfd-button-inner-cover:after {background: linear-gradient(to right, #2eadd5, #2d3691);}<\/style>\");})(jQuery);<\/script><\/div><div class=\"dfd-spacer-module\"  data-units=\"px\" data-wide_resolution=\"1280\" data-wide_size=\"60\" data-normal_resolution=\"1024\" data-normal_size=\"\" data-tablet_resolution=\"800\" data-tablet_size=\"\" data-mobile_resolution=\"480\" data-mobile_size=\"\" style=\"height: 60px;\"><\/div><div class=\"dfd-spacer-module\"  data-units=\"px\" data-wide_resolution=\"1280\" data-wide_size=\"60\" data-normal_resolution=\"1024\" data-normal_size=\"\" data-tablet_resolution=\"800\" data-tablet_size=\"\" data-mobile_resolution=\"480\" data-mobile_size=\"\" style=\"height: 60px;\"><\/div><div id=\"testimonial-slider69ee28af1162c\" class=\"dfd-testimonial-slider   above  align-center\"\r\n\t\t\tdata-autoplay=\"true\"\r\n\t\t\tdata-centered=\"true\"\r\n\t\t\tdata-autoplay_speed=\"5000\"\r\n\t\t\tdata-draggable=\"false\"\r\n\t\t\tdata-start_slide=\"2\"\r\n\t\t\tdata-rtl=\"false\"\r\n\t\t\t\r\n\t\t\t><div class=\"testimonials-thumbs-wrap\" style=\"\"  ><div class=\"testimonials-thumbs-slider\"><a class=\"thumb dfd-img-lazy-load\" ><img decoding=\"async\" src=\"data:image\/svg+xml;charset=utf-8,%3Csvg xmlns%3D'http%3A%2F%2Fwww.w3.org%2F2000%2Fsvg' viewBox%3D'0 0 80 80'%2F%3E\" data-src=\"https:\/\/www.100percentplumbing.com\/wp-content\/themes\/dfd-ronneby\/assets\/img\/no-user.png\" width=\"80\" height=\"80\" alt=\"Image\"  \/><\/a><a class=\"thumb dfd-img-lazy-load\" ><img decoding=\"async\" src=\"data:image\/svg+xml;charset=utf-8,%3Csvg xmlns%3D'http%3A%2F%2Fwww.w3.org%2F2000%2Fsvg' viewBox%3D'0 0 80 80'%2F%3E\" data-src=\"https:\/\/www.100percentplumbing.com\/wp-content\/themes\/dfd-ronneby\/assets\/img\/no-user.png\" width=\"80\" height=\"80\" alt=\"Image\"  \/><\/a><a class=\"thumb dfd-img-lazy-load\" ><img decoding=\"async\" src=\"data:image\/svg+xml;charset=utf-8,%3Csvg xmlns%3D'http%3A%2F%2Fwww.w3.org%2F2000%2Fsvg' viewBox%3D'0 0 80 80'%2F%3E\" data-src=\"https:\/\/www.100percentplumbing.com\/wp-content\/themes\/dfd-ronneby\/assets\/img\/no-user.png\" width=\"80\" height=\"80\" alt=\"Image\"  \/><\/a><a class=\"thumb dfd-img-lazy-load\" ><img decoding=\"async\" src=\"data:image\/svg+xml;charset=utf-8,%3Csvg xmlns%3D'http%3A%2F%2Fwww.w3.org%2F2000%2Fsvg' viewBox%3D'0 0 80 80'%2F%3E\" data-src=\"https:\/\/www.100percentplumbing.com\/wp-content\/themes\/dfd-ronneby\/assets\/img\/no-user.png\" width=\"80\" height=\"80\" alt=\"Image\"  \/><\/a><\/div><\/div><div class=\"testimonials-content-wrap\" ><div class=\"testimonials-slider\"><div class=\"testimonials-content\"><span class=\"icon-wrap\"><i class=\"navicon-quote-right\" ><\/i><\/span><div class=\"text-wrap\" ><div class=\"testimonial-text dfd-testimonial-content\" style=\"\">Profesional, cort\u00e9s y servicial, \u00a1100%! <\/div><\/div><div class=\"wrap-delimiter\"><div class=\"delimiter\" ><\/div><\/div><div class=\"info-box-subtitle subtitle\"  style=\"\">Peter Seymour<\/div><\/div><div class=\"testimonials-content\"><span class=\"icon-wrap\"><i class=\"navicon-quote-right\" ><\/i><\/span><div class=\"text-wrap\" ><div class=\"testimonial-text dfd-testimonial-content\" style=\"\">Un servicio tan eficiente, vinisteis el d\u00eda que hab\u00edamos reservado y llegasteis puntuales.<\/div><\/div><div class=\"wrap-delimiter\"><div class=\"delimiter\" ><\/div><\/div><div class=\"info-box-subtitle subtitle\"  style=\"\">Christine Jones, Monte Pego<\/div><\/div><div class=\"testimonials-content\"><span class=\"icon-wrap\"><i class=\"navicon-quote-right\" ><\/i><\/span><div class=\"text-wrap\" ><div class=\"testimonial-text dfd-testimonial-content\" style=\"\">Me gustar\u00eda destacar la profesionalidad de su personal. Todo el trabajo se llev\u00f3 a cabo con un alto nivel de calidad. No dudar\u00e9 en volver a contratarles o recomendarles en el futuro.<\/div><\/div><div class=\"wrap-delimiter\"><div class=\"delimiter\" ><\/div><\/div><div class=\"info-box-subtitle subtitle\"  style=\"\">Shaun Wager<\/div><\/div><div class=\"testimonials-content\"><span class=\"icon-wrap\"><i class=\"navicon-quote-right\" ><\/i><\/span><div class=\"text-wrap\" ><div class=\"testimonial-text dfd-testimonial-content\" style=\"\">Excelente trabajo y servicio, como siempre, por parte de 100% Plumbing.<\/div><\/div><div class=\"wrap-delimiter\"><div class=\"delimiter\" ><\/div><\/div><div class=\"info-box-subtitle subtitle\"  style=\"\">Derek, Benissa<\/div><\/div><\/div><\/div><\/div>\t\t\t<script type=\"text\/javascript\">\r\n\t\t\t\t(function ($) {\r\n\t\t\t\t\t\"use strict\";\r\n\t\t\t\t\tvar $carousel = $('#testimonial-slider69ee28af1162c');\r\n\t\t\t\t\t$(document).ready(function () {\r\n\t\t\t\t\t\t$carousel.find('.testimonials-slider').slick({\r\n\t\t\t\t\t\t\tslidesToShow: 1,\r\n\t\t\t\t\t\t\tslidesToScroll: 1,\r\n\t\t\t\t\t\t\tarrows: false,\r\n\t\t\t\t\t\t\tdots: false,\r\n\t\t\t\t\t\t\tfade: false,\r\n\t\t\t\t\t\t\tasNavFor: $carousel.find('.testimonials-thumbs-slider'),\r\n\t\t\t\t\t\t\tcenterPadding: '0',\r\n\t\t\t\t\t\t\tautoplay: $carousel.data('autoplay'),\r\n\t\t\t\t\t\t\tautoplaySpeed: $carousel.data('autoplay_speed'),\r\n\t\t\t\t\t\t\tdraggable: $carousel.data('draggable'),\r\n\t\t\t\t\t\t\tcenterMode: $carousel.data('centered'),\r\n\t\t\t\t\t\t\tinfinite: true,\r\n\t\t\t\t\t\t\trtl: $carousel.data('rtl'),\r\n\t\t\t\t\t\t\tinitialSlide: $carousel.data('start_slide')\r\n\r\n\t\t\t\t\t\t});\r\n\t\t\t\t\t\t$carousel.find('.testimonials-thumbs-slider').slick({\r\n\t\t\t\t\t\t\tslidesToShow: 1,\r\n\t\t\t\t\t\t\tslidesToScroll: 1,\r\n\t\t\t\t\t\t\tasNavFor: $carousel.find('.testimonials-slider'),\r\n\t\t\t\t\t\t\tdots: false,\r\n\t\t\t\t\t\t\tarrows: false,\r\n\t\t\t\t\t\t\tdraggable: false,\r\n\t\t\t\t\t\t\tcenterMode: $carousel.data('centered'),\r\n\t\t\t\t\t\t\tinitialSlide:  $carousel.data('start_slide'),\r\n\t\t\t\t\t\t\tinfinite: true,\r\n\t\t\t\t\t\t\tvariableWidth: true,\r\n\t\t\t\t\t\t\tfocusOnSelect: true,\r\n\t\t\t\t\t\t\trtl: $carousel.data('rtl')\r\n\t\t\t\t\t\t});\r\n\t\t\t\t\t});\r\n\t\t\t\t})(jQuery);\r\n\t\t\t<\/script>\r\n\t\t\t\n\t\t<\/div> \n\t<\/div> <\/div><div class=\"dfd-row-bg-overlay\" style=\"opacity: 0.8;\"><\/div><\/div>\n<\/div>","protected":false},"excerpt":{"rendered":"100% Plumbing, Your Plumbers on the Costa BlancaCepsa Phone Numbers 100% Plumbing: offering the best value and lowest prices for plumbing on the following areas in Costa Blanca North covering,","protected":false},"author":3,"featured_media":0,"parent":0,"menu_order":0,"comment_status":"closed","ping_status":"closed","template":"","meta":{"_seopress_robots_primary_cat":"","_seopress_titles_title":"Cepsa Customer Service | Contact & Support Center","_seopress_titles_desc":"Get in touch with Cepsa Customer Service. Find contact numbers, support options, and assistance for fuel, energy, and card services.","_seopress_robots_index":"","footnotes":""},"class_list":["post-346","page","type-page","status-publish","hentry"],"_links":{"self":[{"href":"https:\/\/www.100percentplumbing.com\/es\/wp-json\/wp\/v2\/pages\/346","targetHints":{"allow":["GET"]}}],"collection":[{"href":"https:\/\/www.100percentplumbing.com\/es\/wp-json\/wp\/v2\/pages"}],"about":[{"href":"https:\/\/www.100percentplumbing.com\/es\/wp-json\/wp\/v2\/types\/page"}],"author":[{"embeddable":true,"href":"https:\/\/www.100percentplumbing.com\/es\/wp-json\/wp\/v2\/users\/3"}],"replies":[{"embeddable":true,"href":"https:\/\/www.100percentplumbing.com\/es\/wp-json\/wp\/v2\/comments?post=346"}],"version-history":[{"count":0,"href":"https:\/\/www.100percentplumbing.com\/es\/wp-json\/wp\/v2\/pages\/346\/revisions"}],"wp:attachment":[{"href":"https:\/\/www.100percentplumbing.com\/es\/wp-json\/wp\/v2\/media?parent=346"}],"curies":[{"name":"wp","href":"https:\/\/api.w.org\/{rel}","templated":true}]}}