{"id":300,"date":"2019-09-19T09:46:10","date_gmt":"2019-09-19T09:46:10","guid":{"rendered":"https:\/\/www.100percentplumbing.com\/?page_id=300"},"modified":"2025-10-23T07:47:03","modified_gmt":"2025-10-23T07:47:03","slug":"acerca-de-nosotros","status":"publish","type":"page","link":"https:\/\/www.100percentplumbing.com\/es\/acerca-de-nosotros\/","title":{"rendered":"Acerca de nosotros"},"content":{"rendered":"<div class=\"wpb-content-wrapper\"><div  class=\"vc_row vc-row-wrapper vc_custom_1568742584158\" data-parallax_sense=\"30\"><div class=\"wpb_row row\" >\n\t<div class=\"twelve columns vc-column-extra-class-69f5eaf18fc88\" data-parallax_sense=\"30\">\n\t\t<div class=\"wpb_wrapper\">\n\t\t\t<div class=\"dfd-heading-shortcode\"><div class=\"dfd-heading-module-wrap  text-center style_02 cr-animate-gen dfd-heading-69f5eaf18fda7 dfd-disable-resposive-headings\" id=\"dfd-heading-69f5eaf18fda7\" data-animate-type = \"transition.flipXIn\" ><div class=\"inline-block\"><div class=\"dfd-heading-module\"><h2 class=\"widget-sub-title dfd-sub-title\" style=\"\">100% Fontaner\u00eda<\/h2><h3 class=\"widget-title dfd-title\" style=\"\">Sus fontaneros en la Costa Blanca<\/p>\n<p><\/h3><div class=\"dfd-heading-delimiter dfd-img-lazy-load\"><\/div><\/div><\/div><\/div><script type=\"text\/javascript\">\r\n\t\t\t\t\t\t\t\t\t(function($) {\r\n\t\t\t\t\t\t\t\t\t\t$(\"head\").append(\"<style>.dfd-heading-69f5eaf18fda7.dfd-heading-module-wrap .dfd-heading-module .dfd-heading-delimiter {border-bottom-style:dashed;border-bottom-width:1px;width:200px;border-bottom-color:#cccccc;}.dfd-heading-69f5eaf18fda7.dfd-heading-module-wrap .dfd-heading-module .dfd-heading-delimiter {margin-top:10px;margin-bottom:10px;}<\/style>\");\r\n\t\t\t\t\t\t\t\t\t})(jQuery);\r\n\t\t\t\t\t\t\t\t<\/script><\/div><div class=\"dfd-spacer-module\"  data-units=\"px\" data-wide_resolution=\"1280\" data-wide_size=\"40\" data-normal_resolution=\"1024\" data-normal_size=\"\" data-tablet_resolution=\"800\" data-tablet_size=\"\" data-mobile_resolution=\"480\" data-mobile_size=\"\" style=\"height: 40px;\"><\/div>\n\t\t<\/div> \n\t<\/div> <\/div><div class=\"dfd-row-bg-overlay\" style=\"opacity: 0.8;\"><\/div><\/div><div  class=\"vc_row vc-row-wrapper\" data-parallax_sense=\"30\"><div class=\"wpb_row row\" >\n\t<div class=\"six columns vc-column-extra-class-69f5eaf190467\" data-parallax_sense=\"30\">\n\t\t<div class=\"wpb_wrapper\">\n\t\t\t\r\n\t<div class=\"wpb_single_image wpb_content_element vc_align_left\" >\r\n\t\t<div class=\"wpb_wrapper\">\r\n\t\t\t\r\n\t\t\t<div class=\"vc_single_image-wrapper vc_box_rounded  vc_box_border_grey\" ><img decoding=\"async\" width=\"1200\" height=\"1200\" data-src=\"https:\/\/www.100percentplumbing.com\/wp-content\/uploads\/2019\/11\/100plumbing-plumber2.jpg\" class=\"vc_single_image-img attachment-full lazyload\" alt=\"Sus fontaneros en la Costa Blanca\" title=\"100% Fontaner\u00eda\" data-srcset=\"https:\/\/www.100percentplumbing.com\/wp-content\/uploads\/2019\/11\/100plumbing-plumber2.jpg 1200w, https:\/\/www.100percentplumbing.com\/wp-content\/uploads\/2019\/11\/100plumbing-plumber2-150x150.jpg 150w, https:\/\/www.100percentplumbing.com\/wp-content\/uploads\/2019\/11\/100plumbing-plumber2-300x300.jpg 300w, https:\/\/www.100percentplumbing.com\/wp-content\/uploads\/2019\/11\/100plumbing-plumber2-768x768.jpg 768w, https:\/\/www.100percentplumbing.com\/wp-content\/uploads\/2019\/11\/100plumbing-plumber2-1024x1024.jpg 1024w\" data-sizes=\"(max-width: 1200px) 100vw, 1200px\" src=\"data:image\/gif;base64,R0lGODlhAQABAAAAACH5BAEKAAEALAAAAAABAAEAAAICTAEAOw==\" style=\"--smush-placeholder-width: 1200px; --smush-placeholder-aspect-ratio: 1200\/1200;\" \/><\/div>\r\n\t\t\t\r\n\t\t<\/div>\r\n\t<\/div>\r\n<div class=\"dfd-spacer-module\"  data-units=\"px\" data-wide_resolution=\"1280\" data-wide_size=\"40\" data-normal_resolution=\"1024\" data-normal_size=\"40\" data-tablet_resolution=\"800\" data-tablet_size=\"40\" data-mobile_resolution=\"480\" data-mobile_size=\"40\" style=\"height: 40px;\"><\/div>\n\t<div class=\"wpb_text_column wpb_content_element\" >\n\t\t<div class=\"wpb_wrapper\">\n\t\t\t<p><strong>Somos tus fontaneros.<\/strong> en las siguientes zonas de la Costa Blanca Norte: Finestrat, Altea, Alfaz, Albir, La Nucia, Callosa, Jal\u00f3n, Pego, Orba, Benissa, Calpe, Moraira y Teulada, Benitachell, J\u00e1vea, Denia, Oliva y Gand\u00eda.<\/p>\n\n\t\t<\/div> \n\t<\/div> <div class=\"dfd-spacer-module\"  data-units=\"px\" data-wide_resolution=\"1280\" data-wide_size=\"40\" data-normal_resolution=\"1024\" data-normal_size=\"\" data-tablet_resolution=\"800\" data-tablet_size=\"\" data-mobile_resolution=\"480\" data-mobile_size=\"\" style=\"height: 40px;\"><\/div>\n\t\t<\/div> \n\t<\/div> \n\t<div class=\"six columns vc-column-extra-class-69f5eaf191231\" data-parallax_sense=\"30\">\n\t\t<div class=\"wpb_wrapper\">\n\t\t\t\n\t<div class=\"wpb_text_column wpb_content_element\" >\n\t\t<div class=\"wpb_wrapper\">\n\t\t\t<p>Situada en Calpe y prestando servicio a las zonas de Marina Alta y Marina Baja, nuestra oficina est\u00e1 abierta de lunes a viernes de 8:30 a 16:30. Corina, Sharni y Tracy estar\u00e1n encantadas de atender cualquier consulta que pueda tener y tambi\u00e9n pueden concertar citas fijas.<\/p>\n<p>Despu\u00e9s del horario laboral habitual, ofrecemos un <strong>L\u00ednea de asistencia 24 horas para todas sus necesidades de emergencia en el 607 415 520.<\/strong> Env\u00edenos un mensaje por WhatsApp o SMS y le responderemos con el apoyo, el asesoramiento y la asistencia que necesite.<\/p>\n<p>Ofrecemos un <strong><a href=\"https:\/\/www.100percentplumbing.com\/es\/servicios-de-fontaneria\/\">Gama completa de servicios de fontaner\u00eda<\/a><\/strong> incluyendo <a href=\"https:\/\/www.100percentplumbing.com\/es\/calefaccion-central\/\">Calefacci\u00f3n central<\/a>, <a href=\"https:\/\/www.100percentplumbing.com\/es\/aire-acondicionado\/\">Aire acondicionado<\/a>, Descalcificadores de agua y <a href=\"https:\/\/www.100percentplumbing.com\/es\/tratamiento-de-aguas\/\">Tratamiento de agua<\/a>, <a href=\"https:\/\/www.100percentplumbing.com\/es\/instalaciones-de-piscinas\/\">Calefacci\u00f3n para piscinas<\/a>, <a href=\"https:\/\/www.100percentplumbing.com\/es\/suministro-de-agua-domestico\/\">Instalaciones de dep\u00f3sitos de agua<\/a>, <a href=\"https:\/\/www.100percentplumbing.com\/es\/instalaciones-de-gas\/\">Instalaciones de gas<\/a>, Reformas de ba\u00f1os y cocinas, Instalaci\u00f3n de fosas s\u00e9pticas, Energ\u00edas renovables, incluyendo <a href=\"https:\/\/www.100percentplumbing.com\/es\/energia-solar\/\">Instalaciones solares<\/a>, <a href=\"https:\/\/www.100percentplumbing.com\/es\/calefaccion-central\/\">Bombas de calor de alta eficiencia<\/a> (Altherma) para calefacci\u00f3n central y agua caliente, <a href=\"https:\/\/www.100percentplumbing.com\/es\/energia-solar\/\">Solar fotovoltaico<\/a>.<\/p>\n\n\t\t<\/div> \n\t<\/div> \n\t\t<\/div> \n\t<\/div> <\/div><div class=\"dfd-row-bg-overlay\" style=\"opacity: 0.8;\"><\/div><\/div><div  class=\"vc_row vc-row-wrapper vc_custom_1568966275997\" data-parallax_sense=\"30\"><div class=\"wpb_row row\" >\n\t<div class=\"twelve columns vc-column-extra-class-69f5eaf191984\" data-parallax_sense=\"30\">\n\t\t<div class=\"wpb_wrapper\">\n\t\t\t<div id=\"dfd-button-gradient69f5eaf191abf-1576\" class=\"dfd-button-gradient-module-wrap\"><div class=\"dfd-button-module  style-2 dfd-button-full-width text-center\" ><a href=\"https:\/\/www.100percentplumbing.com\/es\/contactenos\/\"  class=\"dfd-button-link  dfd-fade\"><span class=\"dfd-button-inner-cover\"><span class=\"dfd-button-text-main\" style=\"font-family:Oswald; font-weight:400; font-style:normal; letter-spacing: 0px; \">Solicite un presupuesto gratuito<\/span><span class=\"dfd-button-border\"><\/span><\/span><\/a><\/div><script type=\"text\/javascript\">(function($) {$(\"head\").append(\"<style>#dfd-button-gradient69f5eaf191abf-1576 .dfd-button-link .dfd-button-inner-cover:before,#dfd-button-gradient69f5eaf191abf-1576.dfd-button-gradient-module-wrap .dfd-button-link.dfd-fade .dfd-button-inner-cover:before {background: linear-gradient(to right, #ffa300, #ffba00);}#dfd-button-gradient69f5eaf191abf-1576 .dfd-button-link .dfd-button-inner-cover:after {background: linear-gradient(to right, #2eadd5, #2d3691);}<\/style>\");})(jQuery);<\/script><\/div><div class=\"dfd-spacer-module\"  data-units=\"px\" data-wide_resolution=\"1280\" data-wide_size=\"60\" data-normal_resolution=\"1024\" data-normal_size=\"\" data-tablet_resolution=\"800\" data-tablet_size=\"\" data-mobile_resolution=\"480\" data-mobile_size=\"\" style=\"height: 60px;\"><\/div><div class=\"dfd-spacer-module\"  data-units=\"px\" data-wide_resolution=\"1280\" data-wide_size=\"60\" data-normal_resolution=\"1024\" data-normal_size=\"\" data-tablet_resolution=\"800\" data-tablet_size=\"\" data-mobile_resolution=\"480\" data-mobile_size=\"\" style=\"height: 60px;\"><\/div><div id=\"testimonial-slider69f5eaf191d23\" class=\"dfd-testimonial-slider   above  align-center\"\r\n\t\t\tdata-autoplay=\"true\"\r\n\t\t\tdata-centered=\"true\"\r\n\t\t\tdata-autoplay_speed=\"5000\"\r\n\t\t\tdata-draggable=\"false\"\r\n\t\t\tdata-start_slide=\"2\"\r\n\t\t\tdata-rtl=\"false\"\r\n\t\t\t\r\n\t\t\t><div class=\"testimonials-thumbs-wrap\" style=\"\"  ><div class=\"testimonials-thumbs-slider\"><a class=\"thumb dfd-img-lazy-load\" ><img decoding=\"async\" src=\"data:image\/svg+xml;charset=utf-8,%3Csvg xmlns%3D'http%3A%2F%2Fwww.w3.org%2F2000%2Fsvg' viewBox%3D'0 0 80 80'%2F%3E\" data-src=\"https:\/\/www.100percentplumbing.com\/wp-content\/themes\/dfd-ronneby\/assets\/img\/no-user.png\" width=\"80\" height=\"80\" alt=\"Image\"  \/><\/a><a class=\"thumb dfd-img-lazy-load\" ><img decoding=\"async\" src=\"data:image\/svg+xml;charset=utf-8,%3Csvg xmlns%3D'http%3A%2F%2Fwww.w3.org%2F2000%2Fsvg' viewBox%3D'0 0 80 80'%2F%3E\" data-src=\"https:\/\/www.100percentplumbing.com\/wp-content\/themes\/dfd-ronneby\/assets\/img\/no-user.png\" width=\"80\" height=\"80\" alt=\"Image\"  \/><\/a><a class=\"thumb dfd-img-lazy-load\" ><img decoding=\"async\" src=\"data:image\/svg+xml;charset=utf-8,%3Csvg xmlns%3D'http%3A%2F%2Fwww.w3.org%2F2000%2Fsvg' viewBox%3D'0 0 80 80'%2F%3E\" data-src=\"https:\/\/www.100percentplumbing.com\/wp-content\/themes\/dfd-ronneby\/assets\/img\/no-user.png\" width=\"80\" height=\"80\" alt=\"Image\"  \/><\/a><a class=\"thumb dfd-img-lazy-load\" ><img decoding=\"async\" src=\"data:image\/svg+xml;charset=utf-8,%3Csvg xmlns%3D'http%3A%2F%2Fwww.w3.org%2F2000%2Fsvg' viewBox%3D'0 0 80 80'%2F%3E\" data-src=\"https:\/\/www.100percentplumbing.com\/wp-content\/themes\/dfd-ronneby\/assets\/img\/no-user.png\" width=\"80\" height=\"80\" alt=\"Image\"  \/><\/a><\/div><\/div><div class=\"testimonials-content-wrap\" ><div class=\"testimonials-slider\"><div class=\"testimonials-content\"><span class=\"icon-wrap\"><i class=\"navicon-quote-right\" ><\/i><\/span><div class=\"text-wrap\" ><div class=\"testimonial-text dfd-testimonial-content\" style=\"\">Profesional, cort\u00e9s y servicial, \u00a1100%! <\/div><\/div><div class=\"wrap-delimiter\"><div class=\"delimiter\" ><\/div><\/div><div class=\"info-box-subtitle subtitle\"  style=\"\">Peter Seymour<\/div><\/div><div class=\"testimonials-content\"><span class=\"icon-wrap\"><i class=\"navicon-quote-right\" ><\/i><\/span><div class=\"text-wrap\" ><div class=\"testimonial-text dfd-testimonial-content\" style=\"\">Un servicio tan eficiente, vinisteis el d\u00eda que hab\u00edamos reservado y llegasteis puntuales.<\/div><\/div><div class=\"wrap-delimiter\"><div class=\"delimiter\" ><\/div><\/div><div class=\"info-box-subtitle subtitle\"  style=\"\">Christine Jones, Monte Pego<\/div><\/div><div class=\"testimonials-content\"><span class=\"icon-wrap\"><i class=\"navicon-quote-right\" ><\/i><\/span><div class=\"text-wrap\" ><div class=\"testimonial-text dfd-testimonial-content\" style=\"\">Me gustar\u00eda destacar la profesionalidad de su personal. Todo el trabajo se llev\u00f3 a cabo con un alto nivel de calidad. No dudar\u00e9 en volver a contratarles o recomendarles en el futuro.<\/div><\/div><div class=\"wrap-delimiter\"><div class=\"delimiter\" ><\/div><\/div><div class=\"info-box-subtitle subtitle\"  style=\"\">Shaun Wager<\/div><\/div><div class=\"testimonials-content\"><span class=\"icon-wrap\"><i class=\"navicon-quote-right\" ><\/i><\/span><div class=\"text-wrap\" ><div class=\"testimonial-text dfd-testimonial-content\" style=\"\">Excelente trabajo y servicio, como siempre, por parte de 100% Plumbing.<\/div><\/div><div class=\"wrap-delimiter\"><div class=\"delimiter\" ><\/div><\/div><div class=\"info-box-subtitle subtitle\"  style=\"\">Derek, Benissa<\/div><\/div><\/div><\/div><\/div>\t\t\t<script type=\"text\/javascript\">\r\n\t\t\t\t(function ($) {\r\n\t\t\t\t\t\"use strict\";\r\n\t\t\t\t\tvar $carousel = $('#testimonial-slider69f5eaf191d23');\r\n\t\t\t\t\t$(document).ready(function () {\r\n\t\t\t\t\t\t$carousel.find('.testimonials-slider').slick({\r\n\t\t\t\t\t\t\tslidesToShow: 1,\r\n\t\t\t\t\t\t\tslidesToScroll: 1,\r\n\t\t\t\t\t\t\tarrows: false,\r\n\t\t\t\t\t\t\tdots: false,\r\n\t\t\t\t\t\t\tfade: false,\r\n\t\t\t\t\t\t\tasNavFor: $carousel.find('.testimonials-thumbs-slider'),\r\n\t\t\t\t\t\t\tcenterPadding: '0',\r\n\t\t\t\t\t\t\tautoplay: $carousel.data('autoplay'),\r\n\t\t\t\t\t\t\tautoplaySpeed: $carousel.data('autoplay_speed'),\r\n\t\t\t\t\t\t\tdraggable: $carousel.data('draggable'),\r\n\t\t\t\t\t\t\tcenterMode: $carousel.data('centered'),\r\n\t\t\t\t\t\t\tinfinite: true,\r\n\t\t\t\t\t\t\trtl: $carousel.data('rtl'),\r\n\t\t\t\t\t\t\tinitialSlide: $carousel.data('start_slide')\r\n\r\n\t\t\t\t\t\t});\r\n\t\t\t\t\t\t$carousel.find('.testimonials-thumbs-slider').slick({\r\n\t\t\t\t\t\t\tslidesToShow: 1,\r\n\t\t\t\t\t\t\tslidesToScroll: 1,\r\n\t\t\t\t\t\t\tasNavFor: $carousel.find('.testimonials-slider'),\r\n\t\t\t\t\t\t\tdots: false,\r\n\t\t\t\t\t\t\tarrows: false,\r\n\t\t\t\t\t\t\tdraggable: false,\r\n\t\t\t\t\t\t\tcenterMode: $carousel.data('centered'),\r\n\t\t\t\t\t\t\tinitialSlide:  $carousel.data('start_slide'),\r\n\t\t\t\t\t\t\tinfinite: true,\r\n\t\t\t\t\t\t\tvariableWidth: true,\r\n\t\t\t\t\t\t\tfocusOnSelect: true,\r\n\t\t\t\t\t\t\trtl: $carousel.data('rtl')\r\n\t\t\t\t\t\t});\r\n\t\t\t\t\t});\r\n\t\t\t\t})(jQuery);\r\n\t\t\t<\/script>\r\n\t\t\t\n\t\t<\/div> \n\t<\/div> <\/div><div class=\"dfd-row-bg-overlay\" style=\"opacity: 0.8;\"><\/div><\/div>\n<\/div>","protected":false},"excerpt":{"rendered":"100% PlumbingYour Plumbers on the Costa Blanca We are your plumbers in the following areas in Costa Blanca North covering, Finestrat, Altea, Alfaz, Albir, La Nucia, Callosa, Jalon, Pego, Orba,","protected":false},"author":3,"featured_media":0,"parent":0,"menu_order":0,"comment_status":"closed","ping_status":"closed","template":"page-custom-with-header.php","meta":{"_seopress_robots_primary_cat":"","_seopress_titles_title":"About 100% Plumbing | Our Story & Team","_seopress_titles_desc":"Discover our mission, certifications, and values. 100% Plumbing serves Calpe and Costa Blanca North with plumbing, heating, gas and 24\/7 support.","_seopress_robots_index":"","footnotes":""},"class_list":["post-300","page","type-page","status-publish","hentry"],"_links":{"self":[{"href":"https:\/\/www.100percentplumbing.com\/es\/wp-json\/wp\/v2\/pages\/300","targetHints":{"allow":["GET"]}}],"collection":[{"href":"https:\/\/www.100percentplumbing.com\/es\/wp-json\/wp\/v2\/pages"}],"about":[{"href":"https:\/\/www.100percentplumbing.com\/es\/wp-json\/wp\/v2\/types\/page"}],"author":[{"embeddable":true,"href":"https:\/\/www.100percentplumbing.com\/es\/wp-json\/wp\/v2\/users\/3"}],"replies":[{"embeddable":true,"href":"https:\/\/www.100percentplumbing.com\/es\/wp-json\/wp\/v2\/comments?post=300"}],"version-history":[{"count":0,"href":"https:\/\/www.100percentplumbing.com\/es\/wp-json\/wp\/v2\/pages\/300\/revisions"}],"wp:attachment":[{"href":"https:\/\/www.100percentplumbing.com\/es\/wp-json\/wp\/v2\/media?parent=300"}],"curies":[{"name":"wp","href":"https:\/\/api.w.org\/{rel}","templated":true}]}}