{"id":3,"date":"2019-09-11T15:18:55","date_gmt":"2019-09-11T15:18:55","guid":{"rendered":"https:\/\/www.100percentplumbing.com\/?page_id=3"},"modified":"2025-08-22T06:32:45","modified_gmt":"2025-08-22T06:32:45","slug":"politica-de-privacidad","status":"publish","type":"page","link":"https:\/\/www.100percentplumbing.com\/es\/politica-de-privacidad\/","title":{"rendered":"Pol\u00edtica de privacidad"},"content":{"rendered":"<div class=\"wpb-content-wrapper\"><div  class=\"vc_row vc-row-wrapper\" data-parallax_sense=\"30\"><div class=\"wpb_row row\" >\n\t<div class=\"twelve columns vc-column-extra-class-69f40cec2f3c4\" data-parallax_sense=\"30\">\n\t\t<div class=\"wpb_wrapper\">\n\t\t\t\n\t<div class=\"wpb_text_column wpb_content_element\" >\n\t\t<div class=\"wpb_wrapper\">\n\t\t\t<p><strong>1. \u00bfQui\u00e9n es responsable del tratamiento de sus datos?<\/strong><br \/>\n\u2013 Empresa: One Hundred Percent Plumbing S.L.<br \/>\n\u2013 CIF [N\u00famero de identificaci\u00f3n fiscal]: B53573234<br \/>\n\u2013 Direcci\u00f3n: Urb. La Empedrola 2-O, 03710 Calpe<br \/>\n\u2013 N\u00famero de tel\u00e9fono: (+34) 965 835 939<br \/>\n\u2013 Correo electr\u00f3nico: info@100percentconstruction.com<\/p>\n<p><strong>2. \u00bfCu\u00e1l es la finalidad del tratamiento de sus datos personales?<\/strong><br \/>\nEn <strong>Cien por ciento fontaner\u00eda<\/strong> Procesaremos su informaci\u00f3n para:<br \/>\nGestionar la relaci\u00f3n comercial que ha suscrito y contratado con nosotros.<br \/>\nEnviar comunicaciones comerciales.<br \/>\nRealice un presupuesto acorde con sus necesidades.<br \/>\nGestionar las comunicaciones por correo electr\u00f3nico con las partes interesadas.<\/p>\n<p><strong>\u00bfDurante cu\u00e1nto tiempo conservamos sus datos?<\/strong><br \/>\nConservamos los datos personales que nos facilitas mientras dure la relaci\u00f3n comercial. Asimismo, aunque la relaci\u00f3n entre las partes llegue a su fin, <strong>Cien por ciento fontaner\u00eda<\/strong> Conservaremos su informaci\u00f3n para enviarle boletines informativos relacionados con nuestros productos y servicios. Siempre podr\u00e1 ejercer sus derechos en virtud de la legislaci\u00f3n vigente poni\u00e9ndose en contacto con nosotros por el medio que considere m\u00e1s conveniente. No obstante, le informamos de que revisaremos peri\u00f3dicamente nuestros sistemas para eliminar los datos que no sean legalmente necesarios.<\/p>\n<p><strong>3. \u00bfCu\u00e1l es la base legal para procesar sus datos?<\/strong><br \/>\nDe acuerdo con los fines de nuestra recopilaci\u00f3n de datos, el tratamiento de sus datos es necesario para:<br \/>\n<u>Gestiona la relaci\u00f3n comercial a la que te has suscrito.<\/u><br \/>\na. Ejecuci\u00f3n de un contrato (previsto en el art\u00edculo 6.1.b del RGPD)<br \/>\nb. Consentimiento del interesado (previsto en el art\u00edculo 6.1.a del RGPD)<br \/>\n<u>Enviar comunicaciones comerciales.<\/u><br \/>\na. Consentimiento del interesado (previsto en el art\u00edculo 6.1.a del RGPD)<br \/>\nb. Consentimiento del interesado (previsto en el art\u00edculo 20 de la LSSICE).<br \/>\nc. Inter\u00e9s leg\u00edtimo (previsto en el art\u00edculo 6.1.f del RGPD)<br \/>\n<u>Realice un presupuesto acorde con sus necesidades.<\/u><br \/>\na. Consentimiento del interesado (previsto en el art\u00edculo 6.1.a del RGPD)<br \/>\n<u>Gestionar las comunicaciones por correo electr\u00f3nico con las partes interesadas.<\/u><br \/>\na. Consentimiento del interesado (previsto en el art\u00edculo 6.1.a del RGPD)<\/p>\n<p>Asimismo, todos los datos recabados son necesarios para la prestaci\u00f3n del servicio. En caso de no facilitar los datos obligatorios, <strong>Cien por ciento fontaner\u00eda<\/strong> no podr\u00e1 prestar el servicio contratado.<\/p>\n<p><strong>4. \u00bfQu\u00e9 derechos tengo en materia de protecci\u00f3n de datos?<\/strong><br \/>\nPuede ejercer cualquiera de los siguientes derechos poni\u00e9ndose en contacto con nosotros a trav\u00e9s de la direcci\u00f3n postal Urb. La Empedrola 2-O, 03710 Calpe, o a trav\u00e9s de la direcci\u00f3n de correo electr\u00f3nico que figura en el encabezado (info@100percentconstruction.com). En cualquier caso, de conformidad con la normativa vigente, se reconocen los siguientes derechos:<br \/>\nDerecho a solicitar el acceso a los datos personales relacionados con el interesado.<br \/>\nDerecho a solicitar su rectificaci\u00f3n o supresi\u00f3n.<br \/>\nDerecho a solicitar la limitaci\u00f3n del tratamiento de los datos.<br \/>\nDerecho a oponerse al tratamiento.<br \/>\nDerecho a la portabilidad.<\/p>\n<p><strong>\u00bfCu\u00e1les son sus derechos cuando nos facilita sus datos?<\/strong><br \/>\nTodo el mundo tiene derecho a obtener confirmaci\u00f3n sobre si <strong>Cien por ciento fontaner\u00eda<\/strong> est\u00e1 tratando datos personales que le conciernen o no. Las personas interesadas tendr\u00e1n derecho a acceder a sus datos personales, rectificarlos o, en su caso, solicitar su supresi\u00f3n cuando, entre otros motivos, los datos ya no sean necesarios para los fines para los que fueron recogidos. Tambi\u00e9n puede comunicarnos la limitaci\u00f3n del tratamiento de sus datos, en cuyo caso, solo ser\u00e1n tratados para la tramitaci\u00f3n o defensa de reclamaciones. Asimismo, puede retirar su consentimiento relacionado con los datos utilizados. Adicionalmente, puede presentar una reclamaci\u00f3n ante la Agencia Espa\u00f1ola de Protecci\u00f3n de Datos (AEPD). Consulte m\u00e1s informaci\u00f3n en el apartado 6.<\/p>\n<p><strong>5. \u00bfQui\u00e9n recibir\u00e1 sus datos? <\/strong><br \/>\nSus datos no ser\u00e1n cedidos a terceras empresas. Asimismo, le informamos de que sus datos no ser\u00e1n transferidos internacionalmente a un tercer pa\u00eds*. * (En caso de que la empresa ofrezca garant\u00edas adecuadas o apropiadas, se le informar\u00e1 para que pueda obtener una copia de las mismas. Dichas garant\u00edas pueden ser BCR, cl\u00e1usulas tipo, mecanismos de certificaci\u00f3n, c\u00f3digos de conducta, etc.)<\/p>\n<p><strong>6. Autoridad de control<\/strong><br \/>\nEn <strong>Cien por ciento fontaner\u00eda<\/strong> Hacemos todo lo posible por cumplir con la normativa de protecci\u00f3n de datos, ya que es nuestro activo m\u00e1s valioso. No obstante, le informamos de que, en caso de que considere que se han vulnerado sus derechos, puede presentar una reclamaci\u00f3n ante la Agencia Espa\u00f1ola de Protecci\u00f3n de Datos (AEPD). Para m\u00e1s informaci\u00f3n sobre la AEPD, consulte http:\/\/www.agpd.es\/.<\/p>\n\n\t\t<\/div> \n\t<\/div> \n\t\t<\/div> \n\t<\/div> <\/div><div class=\"dfd-row-bg-overlay\" style=\"opacity: 0.8;\"><\/div><\/div>\n<\/div>","protected":false},"excerpt":{"rendered":"1. Who is responsible for processing your data? - Company: One Hundred Percent Plumbing S.L. - CIF [Tax Identification Number]: B53573234 - Address: Urb. La Empedrola 2-O, 03710 Calpe -","protected":false},"author":3,"featured_media":0,"parent":0,"menu_order":0,"comment_status":"closed","ping_status":"closed","template":"","meta":{"_seopress_robots_primary_cat":"","_seopress_titles_title":"Privacy Policy | 100% Plumbing Website Compliance","_seopress_titles_desc":"Read the Privacy Policy of 100% Plumbing: how we collect, use, and protect your personal data in compliance with legal and data protection regulations.","_seopress_robots_index":"","footnotes":""},"class_list":["post-3","page","type-page","status-publish","hentry"],"_links":{"self":[{"href":"https:\/\/www.100percentplumbing.com\/es\/wp-json\/wp\/v2\/pages\/3","targetHints":{"allow":["GET"]}}],"collection":[{"href":"https:\/\/www.100percentplumbing.com\/es\/wp-json\/wp\/v2\/pages"}],"about":[{"href":"https:\/\/www.100percentplumbing.com\/es\/wp-json\/wp\/v2\/types\/page"}],"author":[{"embeddable":true,"href":"https:\/\/www.100percentplumbing.com\/es\/wp-json\/wp\/v2\/users\/3"}],"replies":[{"embeddable":true,"href":"https:\/\/www.100percentplumbing.com\/es\/wp-json\/wp\/v2\/comments?post=3"}],"version-history":[{"count":0,"href":"https:\/\/www.100percentplumbing.com\/es\/wp-json\/wp\/v2\/pages\/3\/revisions"}],"wp:attachment":[{"href":"https:\/\/www.100percentplumbing.com\/es\/wp-json\/wp\/v2\/media?parent=3"}],"curies":[{"name":"wp","href":"https:\/\/api.w.org\/{rel}","templated":true}]}}