{"id":298,"date":"2019-09-19T09:45:10","date_gmt":"2019-09-19T09:45:10","guid":{"rendered":"https:\/\/www.100percentplumbing.com\/?page_id=298"},"modified":"2020-01-09T08:13:06","modified_gmt":"2020-01-09T08:13:06","slug":"preguntas-frecuentes","status":"publish","type":"page","link":"https:\/\/www.100percentplumbing.com\/es\/preguntas-frecuentes\/","title":{"rendered":"Preguntas frecuentes"},"content":{"rendered":"<div class=\"wpb-content-wrapper\"><div  class=\"vc_row vc-row-wrapper\" data-parallax_sense=\"30\"><div class=\"wpb_row row\" >\n\t<div class=\"twelve columns vc-column-extra-class-69e20cd4e7703\" data-parallax_sense=\"30\">\n\t\t<div class=\"wpb_wrapper\">\n\t\t\t\n\t<div class=\"wpb_text_column wpb_content_element\" >\n\t\t<div class=\"wpb_wrapper\">\n\t\t\t<h5>Bricolaje | Lista de comprobaci\u00f3n para la puesta en marcha y la resoluci\u00f3n de problemas del sistema de calefacci\u00f3n<\/h5>\n\n\t\t<\/div> \n\t<\/div> <div class=\"dfd-spacer-module\"  data-units=\"px\" data-wide_resolution=\"1280\" data-wide_size=\"40\" data-normal_resolution=\"1024\" data-normal_size=\"40\" data-tablet_resolution=\"800\" data-tablet_size=\"40\" data-mobile_resolution=\"480\" data-mobile_size=\"40\" style=\"height: 40px;\"><\/div><div class=\"dfd_tabs_block\" id=\"tabid_69e20cd4e8dfc\" ><div class=\"vc_tta-container\" data-vc-action=\"collapse\"><div class=\"vc_general vc_tta vc_tta-accordion vc_tta-style-style-2 vc_tta-o-shape-group vc_tta-controls-align-left  dfd_accordion hide_separator icon-position-left   style-2\"><div class=\"vc_tta-panels-container style-2\"><div class=\"vc_tta-panels\"><div class=\"vc_tta-panel vc_active\" id=\"1568902464957-98f45353-fd19\" data-vc-content=\".vc_tta-panel-body\"><div class=\"vc_tta-panel-heading\"><h4 class=\"vc_tta-panel-title vc_tta-controls-icon-position-left\"><a href=\"#1568902464957-98f45353-fd19\" data-vc-accordion data-vc-container=\".vc_tta-container\"><span class=\"vc_tta-title-text\">1. Primero comprueba la salida del conducto de humos...<\/span><i class=\"vc_tta-controls-icon vc_tta-controls-icon-plus\"><\/i><\/a><\/h4><\/div><div class=\"vc_tta-panel-body\">\n\t<div class=\"wpb_text_column wpb_content_element\" >\n\t\t<div class=\"wpb_wrapper\">\n\t\t\t<p>\u00a1Comprueba primero que la salida del conducto de humos no est\u00e9 obstruida por un nido de p\u00e1jaros o algo similar!<\/p>\n\n\t\t<\/div> \n\t<\/div> <\/div><\/div><div class=\"vc_tta-panel\" id=\"1568902464985-7cdfd6c9-cadf\" data-vc-content=\".vc_tta-panel-body\"><div class=\"vc_tta-panel-heading\"><h4 class=\"vc_tta-panel-title vc_tta-controls-icon-position-left\"><a href=\"#1568902464985-7cdfd6c9-cadf\" data-vc-accordion data-vc-container=\".vc_tta-container\"><span class=\"vc_tta-title-text\">2. Comprueba la v\u00e1lvula de gas.<\/span><i class=\"vc_tta-controls-icon vc_tta-controls-icon-plus\"><\/i><\/a><\/h4><\/div><div class=\"vc_tta-panel-body\">\n\t<div class=\"wpb_text_column wpb_content_element\" >\n\t\t<div class=\"wpb_wrapper\">\n\t\t\t<p>Comprueba que la v\u00e1lvula de gas est\u00e9 abierta y que el gas llegue a la caldera, y que haya combustible en el tanque o en las botellas.<br \/>\n<strong>La v\u00e1lvula de gas (o grifo de gas) estar\u00e1 alineada con la tuber\u00eda en su posici\u00f3n abierta.<\/strong><\/p>\n\n\t\t<\/div> \n\t<\/div> <\/div><\/div><div class=\"vc_tta-panel\" id=\"1568903041087-010b2da5-e01e\" data-vc-content=\".vc_tta-panel-body\"><div class=\"vc_tta-panel-heading\"><h4 class=\"vc_tta-panel-title vc_tta-controls-icon-position-left\"><a href=\"#1568903041087-010b2da5-e01e\" data-vc-accordion data-vc-container=\".vc_tta-container\"><span class=\"vc_tta-title-text\">3. Compruebe el man\u00f3metro de su caldera.<\/span><i class=\"vc_tta-controls-icon vc_tta-controls-icon-plus\"><\/i><\/a><\/h4><\/div><div class=\"vc_tta-panel-body\">\n\t<div class=\"wpb_text_column wpb_content_element\" >\n\t\t<div class=\"wpb_wrapper\">\n\t\t\t<p>Compruebe que el man\u00f3metro de la caldera indica la presi\u00f3n correcta (1,5-1,8 bar). Si la presi\u00f3n de la caldera es baja, rellene el sistema de calefacci\u00f3n. (v\u00e9ase el punto n.\u00ba 10)<br \/>\n<strong>No confunda el indicador de temperatura con el indicador de presi\u00f3n, que mide la presi\u00f3n en bares y muestra valores entre 1 y 5. <\/strong><\/p>\n\n\t\t<\/div> \n\t<\/div> <\/div><\/div><div class=\"vc_tta-panel\" id=\"1568903138432-faec5b15-38ad\" data-vc-content=\".vc_tta-panel-body\"><div class=\"vc_tta-panel-heading\"><h4 class=\"vc_tta-panel-title vc_tta-controls-icon-position-left\"><a href=\"#1568903138432-faec5b15-38ad\" data-vc-accordion data-vc-container=\".vc_tta-container\"><span class=\"vc_tta-title-text\">4. Compruebe las v\u00e1lvulas del radiador.<\/span><i class=\"vc_tta-controls-icon vc_tta-controls-icon-plus\"><\/i><\/a><\/h4><\/div><div class=\"vc_tta-panel-body\">\n\t<div class=\"wpb_text_column wpb_content_element\" >\n\t\t<div class=\"wpb_wrapper\">\n\t\t\t<p>Comprueba que todas las v\u00e1lvulas del radiador est\u00e9n en posici\u00f3n abierta.<br \/>\n<strong>Si los radiadores est\u00e1n cerrados, la caldera puede sobrecalentarse y apagarse.<\/strong><\/p>\n\n\t\t<\/div> \n\t<\/div> <\/div><\/div><div class=\"vc_tta-panel\" id=\"1568903194775-24c5c9c0-776e\" data-vc-content=\".vc_tta-panel-body\"><div class=\"vc_tta-panel-heading\"><h4 class=\"vc_tta-panel-title vc_tta-controls-icon-position-left\"><a href=\"#1568903194775-24c5c9c0-776e\" data-vc-accordion data-vc-container=\".vc_tta-container\"><span class=\"vc_tta-title-text\">5. Comprueba la configuraci\u00f3n m\u00ednima del reloj registrador.<\/span><i class=\"vc_tta-controls-icon vc_tta-controls-icon-plus\"><\/i><\/a><\/h4><\/div><div class=\"vc_tta-panel-body\">\n\t<div class=\"wpb_text_column wpb_content_element\" >\n\t\t<div class=\"wpb_wrapper\">\n\t\t\t<p>Comprueba que el ajuste m\u00ednimo del reloj de control horario est\u00e9 configurado correctamente.<br \/>\n<strong>Si tu reloj no funciona, \u00a1comprueba que las pilas est\u00e9n cargadas!<\/strong><\/p>\n\n\t\t<\/div> \n\t<\/div> <\/div><\/div><div class=\"vc_tta-panel\" id=\"1568903277257-3c8d19e1-1d83\" data-vc-content=\".vc_tta-panel-body\"><div class=\"vc_tta-panel-heading\"><h4 class=\"vc_tta-panel-title vc_tta-controls-icon-position-left\"><a href=\"#1568903277257-3c8d19e1-1d83\" data-vc-accordion data-vc-container=\".vc_tta-container\"><span class=\"vc_tta-title-text\">6. Siga el procedimiento habitual de arranque.<\/span><i class=\"vc_tta-controls-icon vc_tta-controls-icon-plus\"><\/i><\/a><\/h4><\/div><div class=\"vc_tta-panel-body\">\n\t<div class=\"wpb_text_column wpb_content_element\" >\n\t\t<div class=\"wpb_wrapper\">\n\t\t\t<p>Siga el procedimiento habitual de puesta en marcha de su caldera de calefacci\u00f3n.<br \/>\n<strong>Si la caldera no se enciende inmediatamente, int\u00e9ntelo varias veces. Es posible que sea necesario purgar el gas hasta la caldera. Esto es especialmente probable si la tuber\u00eda de gas es larga o si acaba de cambiar las botellas de gas.<\/strong><\/p>\n\n\t\t<\/div> \n\t<\/div> <\/div><\/div><div class=\"vc_tta-panel\" id=\"1568903341156-d8cf9968-65f8\" data-vc-content=\".vc_tta-panel-body\"><div class=\"vc_tta-panel-heading\"><h4 class=\"vc_tta-panel-title vc_tta-controls-icon-position-left\"><a href=\"#1568903341156-d8cf9968-65f8\" data-vc-accordion data-vc-container=\".vc_tta-container\"><span class=\"vc_tta-title-text\">7. Es habitual que la bomba de circulaci\u00f3n se atasque.<\/span><i class=\"vc_tta-controls-icon vc_tta-controls-icon-plus\"><\/i><\/a><\/h4><\/div><div class=\"vc_tta-panel-body\">\n\t<div class=\"wpb_text_column wpb_content_element\" >\n\t\t<div class=\"wpb_wrapper\">\n\t\t\t<p>Es habitual que la bomba de circulaci\u00f3n se atasque. <strong>Si esto ocurre, su\u00e9ltelo con un destornillador insert\u00e1ndolo y forzando la bomba para que gire.<\/strong><\/p>\n\n\t\t<\/div> \n\t<\/div> <\/div><\/div><div class=\"vc_tta-panel\" id=\"1568903882880-5b02bfcd-d110\" data-vc-content=\".vc_tta-panel-body\"><div class=\"vc_tta-panel-heading\"><h4 class=\"vc_tta-panel-title vc_tta-controls-icon-position-left\"><a href=\"#1568903882880-5b02bfcd-d110\" data-vc-accordion data-vc-container=\".vc_tta-container\"><span class=\"vc_tta-title-text\">8. Comprueba que los radiadores calientan de manera uniforme.<\/span><i class=\"vc_tta-controls-icon vc_tta-controls-icon-plus\"><\/i><\/a><\/h4><\/div><div class=\"vc_tta-panel-body\">\n\t<div class=\"wpb_text_column wpb_content_element\" >\n\t\t<div class=\"wpb_wrapper\">\n\t\t\t<p>Despu\u00e9s de que el sistema haya estado funcionando durante un tiempo, compruebe que los radiadores calientan de manera uniforme. <strong>Si descubre que tiene un radiador que no lo est\u00e1, abra la v\u00e1lvula de purga con una llave para radiadores o un destornillador y elimine el aire lentamente, teniendo a mano un recipiente para recoger el agua que se derrame.<\/strong><\/p>\n\n\t\t<\/div> \n\t<\/div> <\/div><\/div><div class=\"vc_tta-panel\" id=\"1568903945331-008ed2be-616f\" data-vc-content=\".vc_tta-panel-body\"><div class=\"vc_tta-panel-heading\"><h4 class=\"vc_tta-panel-title vc_tta-controls-icon-position-left\"><a href=\"#1568903945331-008ed2be-616f\" data-vc-accordion data-vc-container=\".vc_tta-container\"><span class=\"vc_tta-title-text\">9. Despu\u00e9s de purgar el sistema, compruebe siempre la presi\u00f3n de la caldera.<\/span><i class=\"vc_tta-controls-icon vc_tta-controls-icon-plus\"><\/i><\/a><\/h4><\/div><div class=\"vc_tta-panel-body\">\n\t<div class=\"wpb_text_column wpb_content_element\" >\n\t\t<div class=\"wpb_wrapper\">\n\t\t\t<p>Despu\u00e9s de purgar el sistema, compruebe siempre la presi\u00f3n de la caldera y rell\u00e9nela si es necesario en caso de que la presi\u00f3n haya bajado. Rellene el sistema utilizando la v\u00e1lvula de rellenado que se encuentra en la tuber\u00eda de entrada de agua fr\u00eda de la caldera.<br \/>\n<strong>Si presuriza en exceso su sistema de calefacci\u00f3n y el man\u00f3metro supera los tres bares de presi\u00f3n, es posible que se produzca una fuga de agua por la v\u00e1lvula de seguridad de la caldera. \u00a1No se asuste! Cierre el grifo y, a medida que el agua salga de la caldera, la presi\u00f3n se reducir\u00e1 gradualmente hasta alcanzar la presi\u00f3n de trabajo por s\u00ed sola.<\/strong><\/p>\n\n\t\t<\/div> \n\t<\/div> <\/div><\/div><div class=\"vc_tta-panel\" id=\"1568903993186-7e393acb-5f77\" data-vc-content=\".vc_tta-panel-body\"><div class=\"vc_tta-panel-heading\"><h4 class=\"vc_tta-panel-title vc_tta-controls-icon-position-left\"><a href=\"#1568903993186-7e393acb-5f77\" data-vc-accordion data-vc-container=\".vc_tta-container\"><span class=\"vc_tta-title-text\">10. Una vez que est\u00e9 satisfecho con el funcionamiento de su sistema...<\/span><i class=\"vc_tta-controls-icon vc_tta-controls-icon-plus\"><\/i><\/a><\/h4><\/div><div class=\"vc_tta-panel-body\">\n\t<div class=\"wpb_text_column wpb_content_element\" >\n\t\t<div class=\"wpb_wrapper\">\n\t\t\t<p>Una vez que est\u00e9 satisfecho con el funcionamiento de su sistema <strong>Ajuste su reloj\/programador a modo autom\u00e1tico.<\/strong>.<\/p>\n\n\t\t<\/div> \n\t<\/div> <\/div><\/div><\/div><\/div><\/div><\/div><\/div>\t\r\n<script type=\"text\/javascript\">\r\n\t(function($){\r\n\t\t$('head').append('<style type=\"text\/css\">#tabid_69e20cd4e8dfc.dfd_tabs_block .vc_tta-tabs .vc_tta-tabs-container .vc_tta-tabs-list li.vc_tta-tab a, #tabid_69e20cd4e8dfc.dfd_tabs_block .dfd_tta_tabs .vc_tta-panels-container .vc_tta-panels .vc_tta-panel-heading a, #tabid_69e20cd4e8dfc.dfd_tabs_block .dfd_tta_tour .vc_tta-panels-container .vc_tta-panels .vc_tta-panel .vc_tta-panel-heading .vc_tta-panel-title a {font-size: 14px !important;}#tabid_69e20cd4e8dfc.dfd_tabs_block .dfd_tta_tabs .vc_tta-tabs-container .vc_tta-tabs-list li.vc_tta-tab a .vc_tta-icon {font-size: 14px !important;}#tabid_69e20cd4e8dfc.dfd_tabs_block .vc_tta-tabs .vc_tta-tabs-container .vc_tta-tabs-list li.vc_tta-tab a,#tabid_69e20cd4e8dfc.dfd_tabs_block .dfd_tta_tabs .vc_tta-panels-container .vc_tta-panels .vc_tta-panel-heading a, #tabid_69e20cd4e8dfc.dfd_tabs_block .dfd_tta_tour .vc_tta-panels-container .vc_tta-panels .vc_tta-panel .vc_tta-panel-heading .vc_tta-panel-title a {style=&quot;&quot;}#tabid_69e20cd4e8dfc.dfd_tabs_block .vc_tta-accordion .vc_tta-panel .vc_tta-panel-heading h4 a {style=&quot;&quot;}#tabid_69e20cd4e8dfc.dfd_tabs_block .vc_tta-accordion .vc_tta-panel .vc_tta-panel-heading h4 a, #tabid_69e20cd4e8dfc.dfd_tabs_block .vc_tta-accordion .vc_tta-panel .vc_tta-panel-title a .vc_tta-title-text .accordion_inner_text {font-size: 14px !important;}#tabid_69e20cd4e8dfc.dfd_tabs_block .vc_tta-accordion .vc_tta-panel .vc_tta-panel-heading h4 a .vc_tta-icon {font-size: 14px !important;}#tabid_69e20cd4e8dfc.dfd_tabs_block .dfd_tta_tour .vc_tta-tabs-container .vc_tta-tab a {font-size: 14px !important;}#tabid_69e20cd4e8dfc.dfd_tabs_block .dfd_tta_tour .vc_tta-tabs-container .vc_tta-tab a .vc_tta-icon {font-size: 14px !important;}#tabid_69e20cd4e8dfc.dfd_tabs_block .vc_tta-tabs .vc_tta-tabs-container .vc_tta-tabs-list li.vc_tta-tab a,#tabid_69e20cd4e8dfc.dfd_tabs_block .dfd_tta_tabs .vc_tta-panels-container .vc_tta-panels .vc_tta-panel-heading a, #tabid_69e20cd4e8dfc.dfd_tabs_block .dfd_tta_tour .vc_tta-panels-container .vc_tta-panels .vc_tta-panel .vc_tta-panel-heading .vc_tta-panel-title a  {style=&quot;&quot;}    \/*Separator*\/\\n#tabid_69e20cd4e8dfc.dfd_tabs_block .dfd_tta_tabs:not(.big_icon) .vc_tta-panels-container:before{\\n\t\ttop:-0px !important;\\n    }\\n#tabid_69e20cd4e8dfc.dfd_tabs_block .dfd_tta_tabs:not(.big_icon) .vc_tta-panels-container:after{\\n\t\tbottom:-0px !important;\\n    }\\n<\/style>');\r\n\t\t$(\"#tabid_69e20cd4e8dfc.dfd_tabs_block .vc_tta-accordion.underline .vc_tta-title-text\").each(function(){\r\n\t\t\tvar accordion_text = $(this).text();\r\n\t\t\t$(this).text(\" \");\r\n\t\t\t$(this).append(\"<div class='accordion_inner_text'>\" + accordion_text + \"<\/div>\");\r\n\t\t});\r\n\r\n\t\t$(\"#tabid_69e20cd4e8dfc .vc_tta-accordion .vc_tta-panels .vc_tta-panel\").each(function(){\r\n\t\t\tvar $icon = $(this).find(\".vc_tta-icon\");\r\n\t\t\tif($icon[0]){\r\n\t\t\t\t$(this).find(\".vc_tta-panel-title\").addClass(\"hasIcon\");\r\n\t\t\t}\r\n\t\t});\r\n\r\n\t})(jQuery);\r\n<\/script>\n\t\t<\/div> \n\t<\/div> <\/div><div class=\"dfd-row-bg-overlay\" style=\"opacity: 0.8;\"><\/div><\/div>\n<\/div>","protected":false},"excerpt":{"rendered":"diy | Heating Start Up and Troubleshooting Checklist 1. First check the flue outlet... First check the flue outlet is not blocked with a birds nest or similar! 2. Check","protected":false},"author":3,"featured_media":0,"parent":0,"menu_order":0,"comment_status":"closed","ping_status":"closed","template":"","meta":{"_seopress_robots_primary_cat":"","_seopress_titles_title":"","_seopress_titles_desc":"","_seopress_robots_index":"","footnotes":""},"class_list":["post-298","page","type-page","status-publish","hentry"],"_links":{"self":[{"href":"https:\/\/www.100percentplumbing.com\/es\/wp-json\/wp\/v2\/pages\/298","targetHints":{"allow":["GET"]}}],"collection":[{"href":"https:\/\/www.100percentplumbing.com\/es\/wp-json\/wp\/v2\/pages"}],"about":[{"href":"https:\/\/www.100percentplumbing.com\/es\/wp-json\/wp\/v2\/types\/page"}],"author":[{"embeddable":true,"href":"https:\/\/www.100percentplumbing.com\/es\/wp-json\/wp\/v2\/users\/3"}],"replies":[{"embeddable":true,"href":"https:\/\/www.100percentplumbing.com\/es\/wp-json\/wp\/v2\/comments?post=298"}],"version-history":[{"count":0,"href":"https:\/\/www.100percentplumbing.com\/es\/wp-json\/wp\/v2\/pages\/298\/revisions"}],"wp:attachment":[{"href":"https:\/\/www.100percentplumbing.com\/es\/wp-json\/wp\/v2\/media?parent=298"}],"curies":[{"name":"wp","href":"https:\/\/api.w.org\/{rel}","templated":true}]}}