{"id":240,"date":"2019-09-18T14:17:26","date_gmt":"2019-09-18T14:17:26","guid":{"rendered":"https:\/\/www.100percentplumbing.com\/?page_id=240"},"modified":"2025-04-09T12:11:36","modified_gmt":"2025-04-09T12:11:36","slug":"contactenos","status":"publish","type":"page","link":"https:\/\/www.100percentplumbing.com\/es\/contactenos\/","title":{"rendered":"Cont\u00e1ctenos"},"content":{"rendered":"<div class=\"wpb-content-wrapper\"><div  class=\"vc_row vc-row-wrapper\" data-parallax_sense=\"30\"><div class=\"wpb_row row\" >\n\t<div class=\"twelve columns vc-column-extra-class-69f0b455f3fce\" data-parallax_sense=\"30\">\n\t\t<div class=\"wpb_wrapper\">\n\t\t\t<div class=\"dfd-spacer-module\"  data-units=\"px\" data-wide_resolution=\"1280\" data-wide_size=\"80\" data-normal_resolution=\"1024\" data-normal_size=\"40\" data-tablet_resolution=\"800\" data-tablet_size=\"40\" data-mobile_resolution=\"480\" data-mobile_size=\"40\" style=\"height: 80px;\"><\/div><div class=\"dfd-heading-shortcode\"><div class=\"dfd-heading-module-wrap  text-center style_02 cr-animate-gen dfd-heading-69f0b455f4149 dfd-disable-resposive-headings\" id=\"dfd-heading-69f0b455f4149\" data-animate-type = \"transition.flipXIn\" ><div class=\"inline-block\"><div class=\"dfd-heading-module\"><h2 class=\"widget-sub-title dfd-sub-title\" style=\"\">Costa Blanca Norte, que abarca Finestrat, Altea, Alfaz, Albir, La Nucia, Callosa, Jal\u00f3n, Pego, Orba, Benissa, Calpe, Moraira y Teulada, Benitachell, J\u00e1vea, Denia, Oliva y Gand\u00eda.<\/h2><h3 class=\"widget-title dfd-title\" style=\"\">\u00c1rea cubierta<\/h3><div class=\"dfd-heading-delimiter dfd-img-lazy-load\"><\/div><\/div><\/div><\/div><script type=\"text\/javascript\">\r\n\t\t\t\t\t\t\t\t\t(function($) {\r\n\t\t\t\t\t\t\t\t\t\t$(\"head\").append(\"<style>.dfd-heading-69f0b455f4149.dfd-heading-module-wrap .dfd-heading-module .dfd-heading-delimiter {border-bottom-style:dashed;border-bottom-width:1px;width:200px;border-bottom-color:#cccccc;}.dfd-heading-69f0b455f4149.dfd-heading-module-wrap .dfd-heading-module .dfd-heading-delimiter {margin-top:10px;margin-bottom:10px;}<\/style>\");\r\n\t\t\t\t\t\t\t\t\t})(jQuery);\r\n\t\t\t\t\t\t\t\t<\/script><\/div><div class=\"dfd-spacer-module\"  data-units=\"px\" data-wide_resolution=\"1280\" data-wide_size=\"40\" data-normal_resolution=\"1024\" data-normal_size=\"\" data-tablet_resolution=\"800\" data-tablet_size=\"\" data-mobile_resolution=\"480\" data-mobile_size=\"\" style=\"height: 40px;\"><\/div>\n\t\t<\/div> \n\t<\/div> <\/div><div class=\"dfd-row-bg-overlay\" style=\"opacity: 0.8;\"><\/div><\/div><div  class=\"vc_row vc-row-wrapper vc_custom_1568890809932\" data-parallax_sense=\"30\"><div class=\"wpb_row row\" >\n\t<div class=\"six columns vc-column-extra-class-69f0b45600556\" data-parallax_sense=\"30\">\n\t\t<div class=\"wpb_wrapper\">\n\t\t\t<div class=\"dfd-heading-shortcode\"><div class=\"dfd-heading-module-wrap  text-left style_01 dfd-heading-69f0b45600650 dfd-disable-resposive-headings\" id=\"dfd-heading-69f0b45600650\" ><div class=\"inline-block\"><div class=\"dfd-heading-module\"><h4 class=\"widget-title dfd-title\" style=\"\"><em>Hablemos<\/em><\/h4><\/div><\/div><\/div><script type=\"text\/javascript\">\r\n\t\t\t\t\t\t\t\t\t(function($) {\r\n\t\t\t\t\t\t\t\t\t\t$(\"head\").append(\"<style>.dfd-heading-69f0b45600650.dfd-heading-module-wrap .dfd-heading-module .dfd-heading-delimiter {margin-top:10px;margin-bottom:10px;}<\/style>\");\r\n\t\t\t\t\t\t\t\t\t})(jQuery);\r\n\t\t\t\t\t\t\t\t<\/script><\/div><div class=\"dfd-contact-block-container style-1\"  style=\"\"><div class=\"dfd-contact-block-module\" >\r\n\t\t\t\t\t\t\t<div class=\"fild-content\">\r\n\t\t\t\t\t\t\t\t<i class=\"dfd-icon-navigation\" style=\"width: 40px; height: 40px; \"><span class=\"delimiter\" style=\"left: 40px ;\"><\/span><\/i>\r\n\t\t\t\t\t\t\t\t<div class=\"fild-name\" style=\"height: 20px; \">direcci\u00f3n:<\/div>\r\n\t\t\t\t\t\t\t\t<p class=\"address\">Urb. La Empedrola O-2, 03710 Calp, Alicante<\/p>\r\n\t\t\t\t\t\t\t<\/div>\r\n\t\t\t\t\t\t\t<div class=\"fild-content\">\r\n\t\t\t\t\t\t\t\t<i class=\"dfd-icon-tablet2\" style=\"width: 40px; height: 40px; \"><span class=\"delimiter\" style=\"left: 40px ;\"><\/span><\/i>\r\n\t\t\t\t\t\t\t\t<div class=\"fild-name\" style=\"height: 20px; \">tel\u00e9fono:<\/div>\r\n\t\t\t\t\t\t\t\t<p class=\"phone\">+34 96 583 5939 - L\u00ednea de asistencia de emergencia 24 horas 607 415 520<\/p>\r\n\t\t\t\t\t\t\t<\/div>\r\n\t\t\t\t\t\t\t<div class=\"fild-content\">\r\n\t\t\t\t\t\t\t\t<i class=\"dfd-icon-email_1\" style=\"width: 40px; height: 40px; \"><span class=\"delimiter\" style=\"left: 40px ;\"><\/span><\/i>\r\n\t\t\t\t\t\t\t\t<div class=\"fild-name\" style=\"height: 20px; \">correo electr\u00f3nico:<\/div>\r\n\t\t\t\t\t\t\t\t<p class=\"email\"><a href=\"mailto:info@100percentplumbing.com\">info@100percentplumbing.com<\/a><\/p>\r\n\t\t\t\t\t\t\t<\/div>\r\n\t\t\t\t\t\t\t<div class=\"fild-content\">\r\n\t\t\t\t\t\t\t\t<i class=\"dfd-icon-earth\" style=\"width: 40px; height: 40px; \"><span class=\"delimiter\" style=\"left: 40px ;\"><\/span><\/i>\r\n\t\t\t\t\t\t\t\t<div class=\"fild-name\" style=\"height: 20px; \">sitio web:<\/div>\r\n\t\t\t\t\t\t\t\t<p class=\"website\"><a href=\"https:\/\/www.100percentplumbing.com\/es\/\" target=\"_blank\">https:\/\/www.100percentplumbing.com\/<\/a><\/p>\r\n\t\t\t\t\t\t\t<\/div><\/div><\/div>\n\t\t<\/div> \n\t<\/div> \n\t<div class=\"six columns vc-column-extra-class-69f0b45600dfe\" data-parallax_sense=\"30\">\n\t\t<div class=\"wpb_wrapper\">\n\t\t\t<div class=\"wpforms-container wpforms-container-full wpforms-render-modern\" id=\"wpforms-813\"><form id=\"wpforms-form-813\" class=\"wpforms-validate wpforms-form wpforms-ajax-form\" data-formid=\"813\" method=\"post\" enctype=\"multipart\/form-data\" action=\"\/es\/wp-json\/wp\/v2\/pages\/240\" data-token=\"abab28de88f5b116da76eea52d0215df\" data-token-time=\"1777382486\" data-trp-original-action=\"\/es\/wp-json\/wp\/v2\/pages\/240\"><noscript class=\"wpforms-error-noscript\">Por favor, active JavaScript en su navegador para completar este formulario.<\/noscript><div id=\"wpforms-error-noscript\" style=\"display: none;\">Por favor, active JavaScript en su navegador para completar este formulario.<\/div><div class=\"wpforms-field-container\"><div id=\"wpforms-813-field_0-container\" class=\"wpforms-field wpforms-field-name\" data-field-id=\"0\"><fieldset><legend class=\"wpforms-field-label\">Nombre <span class=\"wpforms-required-label\" aria-hidden=\"true\">*<\/span><\/legend><div class=\"wpforms-field-row wpforms-field-medium\"><div class=\"wpforms-field-row-block wpforms-first wpforms-one-half\"><input type=\"text\" id=\"wpforms-813-field_0\" class=\"wpforms-field-name-first wpforms-field-required\" name=\"wpforms[fields][0][first]\" aria-errormessage=\"wpforms-813-field_0-error\" required><label for=\"wpforms-813-field_0\" class=\"wpforms-field-sublabel after\">Nombre<\/label><\/div><div class=\"wpforms-field-row-block wpforms-one-half\"><input type=\"text\" id=\"wpforms-813-field_0-last\" class=\"wpforms-field-name-last wpforms-field-required\" name=\"wpforms[fields][0][last]\" aria-errormessage=\"wpforms-813-field_0-last-error\" required><label for=\"wpforms-813-field_0-last\" class=\"wpforms-field-sublabel after\">Apellidos<\/label><\/div><\/div><\/fieldset><\/div><div id=\"wpforms-813-field_3-container\" class=\"wpforms-field wpforms-field-number\" data-field-id=\"3\"><label class=\"wpforms-field-label\" for=\"wpforms-813-field_3\">Tel\u00e9fono<\/label><input type=\"number\" id=\"wpforms-813-field_3\" class=\"wpforms-field-medium\" name=\"wpforms[fields][3]\" step=\"any\" aria-errormessage=\"wpforms-813-field_3-error\" ><\/div><div id=\"wpforms-813-field_1-container\" class=\"wpforms-field wpforms-field-email\" data-field-id=\"1\"><label class=\"wpforms-field-label\" for=\"wpforms-813-field_1\">Correo electr\u00f3nico <span class=\"wpforms-required-label\" aria-hidden=\"true\">*<\/span><\/label><input type=\"email\" id=\"wpforms-813-field_1\" class=\"wpforms-field-medium wpforms-field-required\" name=\"wpforms[fields][1]\" spellcheck=\"false\" aria-errormessage=\"wpforms-813-field_1-error\" required><\/div><div id=\"wpforms-813-field_2-container\" class=\"wpforms-field wpforms-field-textarea\" data-field-id=\"2\"><label class=\"wpforms-field-label\" for=\"wpforms-813-field_2\">Comentario o mensaje<\/label><textarea id=\"wpforms-813-field_2\" class=\"wpforms-field-medium\" name=\"wpforms[fields][2]\" aria-errormessage=\"wpforms-813-field_2-error\" ><\/textarea><\/div><\/div><!-- .wpforms-field-container --><div class=\"wpforms-recaptcha-container wpforms-is-recaptcha wpforms-is-recaptcha-type-v2\" ><div class=\"g-recaptcha\" data-sitekey=\"6Ld6xM0UAAAAAMIzB02FxXipPtm1y8sHbebEcgsG\"><\/div><input type=\"text\" name=\"g-recaptcha-hidden\" class=\"wpforms-recaptcha-hidden\" style=\"position:absolute!important;clip:rect(0,0,0,0)!important;height:1px!important;width:1px!important;border:0!important;overflow:hidden!important;padding:0!important;margin:0!important;\" data-rule-recaptcha=\"1\"><\/div><div class=\"wpforms-submit-container\" ><input type=\"hidden\" name=\"wpforms[id]\" value=\"813\"><input type=\"hidden\" name=\"page_title\" value=\"\"><input type=\"hidden\" name=\"page_url\" value=\"https:\/\/www.100percentplumbing.com\/es\/wp-json\/wp\/v2\/pages\/240\"><input type=\"hidden\" name=\"url_referer\" value=\"\"><button type=\"submit\" name=\"wpforms[submit]\" id=\"wpforms-submit-813\" class=\"wpforms-submit\" data-alt-text=\"Sending...\" data-submit-text=\"Submit\" aria-live=\"assertive\" value=\"wpforms-submit\">Enviar<\/button><img decoding=\"async\" data-src=\"https:\/\/www.100percentplumbing.com\/wp-content\/plugins\/wpforms-lite\/assets\/images\/submit-spin.svg\" class=\"wpforms-submit-spinner lazyload\" style=\"--smush-placeholder-width: 26px; --smush-placeholder-aspect-ratio: 26\/26;display: none;\" width=\"26\" height=\"26\" alt=\"Cargando\" src=\"data:image\/gif;base64,R0lGODlhAQABAAAAACH5BAEKAAEALAAAAAABAAEAAAICTAEAOw==\"><\/div><input type=\"hidden\" name=\"trp-form-language\" value=\"es\"\/><\/form><\/div>  <!-- .wpforms-container -->\n\t\t<\/div> \n\t<\/div> <\/div><div class=\"dfd-row-bg-overlay\" style=\"opacity: 0.8;\"><\/div><\/div><div  class=\"vc_row vc-row-wrapper full_width_content vc_custom_1568890858323\" data-parallax_sense=\"30\"><div class=\"wpb_row row\" >\n\t<div class=\"twelve columns vc-column-extra-class-69f0b45607d64\" data-parallax_sense=\"30\">\n\t\t<div class=\"wpb_wrapper\">\n\t\t\t<div id=\"testimonial-slider69f0b45607ebd\" class=\"dfd-testimonial-slider   above  align-center\"\r\n\t\t\tdata-autoplay=\"true\"\r\n\t\t\tdata-centered=\"true\"\r\n\t\t\tdata-autoplay_speed=\"5000\"\r\n\t\t\tdata-draggable=\"false\"\r\n\t\t\tdata-start_slide=\"2\"\r\n\t\t\tdata-rtl=\"false\"\r\n\t\t\t\r\n\t\t\t><div class=\"testimonials-thumbs-wrap\" style=\"\"  ><div class=\"testimonials-thumbs-slider\"><a class=\"thumb dfd-img-lazy-load\" ><img decoding=\"async\" src=\"data:image\/svg+xml;charset=utf-8,%3Csvg xmlns%3D'http%3A%2F%2Fwww.w3.org%2F2000%2Fsvg' viewBox%3D'0 0 80 80'%2F%3E\" data-src=\"https:\/\/www.100percentplumbing.com\/wp-content\/themes\/dfd-ronneby\/assets\/img\/no-user.png\" width=\"80\" height=\"80\" alt=\"Image\"  \/><\/a><a class=\"thumb dfd-img-lazy-load\" ><img decoding=\"async\" src=\"data:image\/svg+xml;charset=utf-8,%3Csvg xmlns%3D'http%3A%2F%2Fwww.w3.org%2F2000%2Fsvg' viewBox%3D'0 0 80 80'%2F%3E\" data-src=\"https:\/\/www.100percentplumbing.com\/wp-content\/themes\/dfd-ronneby\/assets\/img\/no-user.png\" width=\"80\" height=\"80\" alt=\"Image\"  \/><\/a><a class=\"thumb dfd-img-lazy-load\" ><img decoding=\"async\" src=\"data:image\/svg+xml;charset=utf-8,%3Csvg xmlns%3D'http%3A%2F%2Fwww.w3.org%2F2000%2Fsvg' viewBox%3D'0 0 80 80'%2F%3E\" data-src=\"https:\/\/www.100percentplumbing.com\/wp-content\/themes\/dfd-ronneby\/assets\/img\/no-user.png\" width=\"80\" height=\"80\" alt=\"Image\"  \/><\/a><a class=\"thumb dfd-img-lazy-load\" ><img decoding=\"async\" src=\"data:image\/svg+xml;charset=utf-8,%3Csvg xmlns%3D'http%3A%2F%2Fwww.w3.org%2F2000%2Fsvg' viewBox%3D'0 0 80 80'%2F%3E\" data-src=\"https:\/\/www.100percentplumbing.com\/wp-content\/themes\/dfd-ronneby\/assets\/img\/no-user.png\" width=\"80\" height=\"80\" alt=\"Image\"  \/><\/a><\/div><\/div><div class=\"testimonials-content-wrap\" ><div class=\"testimonials-slider\"><div class=\"testimonials-content\"><span class=\"icon-wrap\"><i class=\"navicon-quote-right\" ><\/i><\/span><div class=\"text-wrap\" ><div class=\"testimonial-text dfd-testimonial-content\" style=\"\">Profesional, cort\u00e9s y servicial, \u00a1100%! <\/div><\/div><div class=\"wrap-delimiter\"><div class=\"delimiter\" ><\/div><\/div><div class=\"info-box-subtitle subtitle\"  style=\"\">Peter Seymour<\/div><\/div><div class=\"testimonials-content\"><span class=\"icon-wrap\"><i class=\"navicon-quote-right\" ><\/i><\/span><div class=\"text-wrap\" ><div class=\"testimonial-text dfd-testimonial-content\" style=\"\">Un servicio tan eficiente, vinisteis el d\u00eda que hab\u00edamos reservado y llegasteis puntuales.<\/div><\/div><div class=\"wrap-delimiter\"><div class=\"delimiter\" ><\/div><\/div><div class=\"info-box-subtitle subtitle\"  style=\"\">Christine Jones, Monte Pego<\/div><\/div><div class=\"testimonials-content\"><span class=\"icon-wrap\"><i class=\"navicon-quote-right\" ><\/i><\/span><div class=\"text-wrap\" ><div class=\"testimonial-text dfd-testimonial-content\" style=\"\">Me gustar\u00eda destacar la profesionalidad de su personal. Todo el trabajo se llev\u00f3 a cabo con un alto nivel de calidad. No dudar\u00e9 en volver a contratarles o recomendarles en el futuro.<\/div><\/div><div class=\"wrap-delimiter\"><div class=\"delimiter\" ><\/div><\/div><div class=\"info-box-subtitle subtitle\"  style=\"\">Shaun Wager<\/div><\/div><div class=\"testimonials-content\"><span class=\"icon-wrap\"><i class=\"navicon-quote-right\" ><\/i><\/span><div class=\"text-wrap\" ><div class=\"testimonial-text dfd-testimonial-content\" style=\"\">Excelente trabajo y servicio, como siempre, por parte de 100% Plumbing.<\/div><\/div><div class=\"wrap-delimiter\"><div class=\"delimiter\" ><\/div><\/div><div class=\"info-box-subtitle subtitle\"  style=\"\">Derek, Benissa<\/div><\/div><\/div><\/div><\/div>\t\t\t<script type=\"text\/javascript\">\r\n\t\t\t\t(function ($) {\r\n\t\t\t\t\t\"use strict\";\r\n\t\t\t\t\tvar $carousel = $('#testimonial-slider69f0b45607ebd');\r\n\t\t\t\t\t$(document).ready(function () {\r\n\t\t\t\t\t\t$carousel.find('.testimonials-slider').slick({\r\n\t\t\t\t\t\t\tslidesToShow: 1,\r\n\t\t\t\t\t\t\tslidesToScroll: 1,\r\n\t\t\t\t\t\t\tarrows: false,\r\n\t\t\t\t\t\t\tdots: false,\r\n\t\t\t\t\t\t\tfade: false,\r\n\t\t\t\t\t\t\tasNavFor: $carousel.find('.testimonials-thumbs-slider'),\r\n\t\t\t\t\t\t\tcenterPadding: '0',\r\n\t\t\t\t\t\t\tautoplay: $carousel.data('autoplay'),\r\n\t\t\t\t\t\t\tautoplaySpeed: $carousel.data('autoplay_speed'),\r\n\t\t\t\t\t\t\tdraggable: $carousel.data('draggable'),\r\n\t\t\t\t\t\t\tcenterMode: $carousel.data('centered'),\r\n\t\t\t\t\t\t\tinfinite: true,\r\n\t\t\t\t\t\t\trtl: $carousel.data('rtl'),\r\n\t\t\t\t\t\t\tinitialSlide: $carousel.data('start_slide')\r\n\r\n\t\t\t\t\t\t});\r\n\t\t\t\t\t\t$carousel.find('.testimonials-thumbs-slider').slick({\r\n\t\t\t\t\t\t\tslidesToShow: 1,\r\n\t\t\t\t\t\t\tslidesToScroll: 1,\r\n\t\t\t\t\t\t\tasNavFor: $carousel.find('.testimonials-slider'),\r\n\t\t\t\t\t\t\tdots: false,\r\n\t\t\t\t\t\t\tarrows: false,\r\n\t\t\t\t\t\t\tdraggable: false,\r\n\t\t\t\t\t\t\tcenterMode: $carousel.data('centered'),\r\n\t\t\t\t\t\t\tinitialSlide:  $carousel.data('start_slide'),\r\n\t\t\t\t\t\t\tinfinite: true,\r\n\t\t\t\t\t\t\tvariableWidth: true,\r\n\t\t\t\t\t\t\tfocusOnSelect: true,\r\n\t\t\t\t\t\t\trtl: $carousel.data('rtl')\r\n\t\t\t\t\t\t});\r\n\t\t\t\t\t});\r\n\t\t\t\t})(jQuery);\r\n\t\t\t<\/script>\r\n\t\t\t\n\t\t<\/div> \n\t<\/div> <\/div><div class=\"dfd-row-bg-overlay\" style=\"opacity: 0.8;\"><\/div><\/div>\n<\/div>","protected":false},"excerpt":{"rendered":"Costa Blanca North covering, Finestrat, Altea, Alfaz, Albir, La Nucia, Callosa, Jalon, Pego, Orba, Benissa, Calpe, Moraira and Teulada, Benitachell, Javea, Denia, Oliva and GandiaArea Covered Let's talk address: Urb.","protected":false},"author":3,"featured_media":0,"parent":0,"menu_order":0,"comment_status":"closed","ping_status":"closed","template":"page-custom-with-header.php","meta":{"_seopress_robots_primary_cat":"","_seopress_titles_title":"Contact 100% Plumbing | Costa Blanca Plumbing Experts","_seopress_titles_desc":"Get in touch with 100% Plumbing for expert plumbing and pool services in Costa Blanca. Call, email or request a free site visit today.","_seopress_robots_index":"","footnotes":""},"class_list":["post-240","page","type-page","status-publish","hentry"],"_links":{"self":[{"href":"https:\/\/www.100percentplumbing.com\/es\/wp-json\/wp\/v2\/pages\/240","targetHints":{"allow":["GET"]}}],"collection":[{"href":"https:\/\/www.100percentplumbing.com\/es\/wp-json\/wp\/v2\/pages"}],"about":[{"href":"https:\/\/www.100percentplumbing.com\/es\/wp-json\/wp\/v2\/types\/page"}],"author":[{"embeddable":true,"href":"https:\/\/www.100percentplumbing.com\/es\/wp-json\/wp\/v2\/users\/3"}],"replies":[{"embeddable":true,"href":"https:\/\/www.100percentplumbing.com\/es\/wp-json\/wp\/v2\/comments?post=240"}],"version-history":[{"count":0,"href":"https:\/\/www.100percentplumbing.com\/es\/wp-json\/wp\/v2\/pages\/240\/revisions"}],"wp:attachment":[{"href":"https:\/\/www.100percentplumbing.com\/es\/wp-json\/wp\/v2\/media?parent=240"}],"curies":[{"name":"wp","href":"https:\/\/api.w.org\/{rel}","templated":true}]}}